{"id":20959,"date":"2018-08-17T11:34:08","date_gmt":"2018-08-17T09:34:08","guid":{"rendered":"http:\/\/s986267418.online.de\/?page_id=20959"},"modified":"2018-08-21T15:42:46","modified_gmt":"2018-08-21T13:42:46","slug":"garantie","status":"publish","type":"page","link":"https:\/\/blackdogled.eu\/de\/infos\/garantie\/","title":{"rendered":"Garantie"},"content":{"rendered":"<div class=\"wpb-content-wrapper\"><p>[vc_row][vc_column][vc_row_inner][vc_column_inner width=&#8220;1\/6&#8243;][\/vc_column_inner][vc_column_inner width=&#8220;2\/3&#8243;][vc_custom_heading source=&#8220;post_title&#8220; font_container=&#8220;tag:h1|text_align:left&#8220; use_theme_fonts=&#8220;yes&#8220; css=&#8220;.vc_custom_1534497970889{margin-bottom: 1em !important;}&#8220;][vc_column_text]<\/p>\n<h5><strong>5 Jahre Garantie gegen Material- und Herstellungsfehler<\/strong><\/h5>\n<p>&nbsp;<\/p>\n<p>Die Firma Plant Light Science GmbH &amp; Co. KG gew\u00e4hrt f\u00fcr erworbene Black Dog LED-Lampen, nach Ablauf der zweij\u00e4hrigen gesetzlichen Gew\u00e4hrleistung, f\u00fcr weitere 36 Monate, eine Garantie gegen Material- und Herstellungsfehler.<\/p>\n<p>&nbsp;<\/p>\n<p>Im Garantiefall entscheidet Plant Light Science GmbH &amp; Co. KG, ob der Mangel kostenlos durch Reparatur behoben wird oder ob Sie kostenlos ein entsprechendes und gleichwertiges Ersatzprodukt bekommen. Der Kune \u00fcbernimmt ab 24 Monate nach dem Kauf die Kosten des Hin- und R\u00fccktransports. Der Kunde zahlt anfallende Kosten f\u00fcr den R\u00fccktransport noch bevor ihm die LED-Lampe wieder zur\u00fcck geschickt wird.<\/p>\n<p>&nbsp;<\/p>\n<p>Nach f\u00fcnf Jahren wird Plant Light Science GmbH &amp; Co. KG Reparaturdienstleistungen oder Ersatzteile solange anbieten wie diese Teile verf\u00fcgbar sind; nach f\u00fcnf Jahren ist allein der Kunde f\u00fcr die Kosten von Reparaturen, Ersatzteilen und Hin- und R\u00fccktransport verantwortlich.<\/p>\n<p>&nbsp;<\/p>\n<p>Die Garantiezeit beginnt mit dem Tag des Kaufs durch den Kunden.<\/p>\n<p>Die Garantieerkl\u00e4rung gilt f\u00fcr Europa. Die gesetzliche Gew\u00e4hrleistung f\u00fcr den Zeitraum von 2 Jahren ab Kaufdatum, bleibt von allen getroffenen Garantievereinbarungen unber\u00fchrt.<\/p>\n<p>Wir \u00fcbernehmen die Kosten des Hin- und R\u00fccktransports w\u00e4hrend der ersten zwei Jahre nach dem Kauf nur f\u00fcr EU-L\u00e4nder, Schweiz und Norwegen.<\/p>\n<p>&nbsp;<\/p>\n<p><strong>Garantieausschluss:<\/strong><\/p>\n<p>Ausdr\u00fccklich von der Garantie ausgeschlossen sind<\/p>\n<p>&#8211; Sch\u00e4den, die auf unsachgem\u00e4\u00dfe Behandlung zur\u00fcckzuf\u00fchren sind, oder<\/p>\n<p>&#8211; Normale Abnutzung, welche einschlie\u00dft aber nicht darauf beschr\u00e4nkt ist dass 5% oder weniger der LEDs nicht leuchten, oder<\/p>\n<p>&#8211; Unsachgem\u00e4\u00dfe Installation oder falsche Netzspannung, oder<\/p>\n<p>&#8211; H\u00f6here Gewalt (Blitzschlag, Feuer, Wasser etc.), oder<\/p>\n<p>&#8211; Sch\u00e4den, die aus unsachgem\u00e4\u00dfer oder zweckentfremdeter Handhabung des Produkts oder durch Modifikationen entstanden sind, oder<\/p>\n<p>&#8211; Geh\u00e4use die ge\u00f6ffnet worden sind.<\/p>\n<p>&nbsp;<\/p>\n<p>Sollte der Garantiefall eintreffen, beschreiben Sie bitte das Problem so genau wie m\u00f6glich und\u00a0 schicken Sie uns eine E-Mail an: <a href=\"mailto:info@blackdogled.eu\">info@blackdogled.eu<\/a><\/p>\n<p>Schicken Sie Ihre Black Dog LED\u2013Lampe per Standard-Versand mit einem Kaufnachweis an:<\/p>\n<p>Plant Light Science GmbH &amp; Co. KG, Adalbert Stifter-Str. 4, 90587 Veitsbronn, Deutschland[\/vc_column_text][\/vc_column_inner][vc_column_inner width=&#8220;1\/6&#8243;][\/vc_column_inner][\/vc_row_inner][\/vc_column][\/vc_row]<\/p>\n<\/div>","protected":false},"excerpt":{"rendered":"<p>5 Jahre Garantie gegen Material- und Herstellungsfehler<\/p>\n","protected":false},"author":4,"featured_media":0,"parent":3446,"menu_order":30,"comment_status":"closed","ping_status":"closed","template":"page-full-width.php","meta":{"footnotes":""},"class_list":["post-20959","page","type-page","status-publish","hentry"],"yoast_head":"<!-- This site is optimized with the Yoast SEO plugin v24.6 - https:\/\/yoast.com\/wordpress\/plugins\/seo\/ -->\n<title>Garantie - Black Dog LED Europe<\/title>\n<meta name=\"robots\" content=\"index, follow, max-snippet:-1, max-image-preview:large, max-video-preview:-1\" \/>\n<link rel=\"canonical\" href=\"https:\/\/blackdogled.eu\/de\/infos\/garantie\/\" \/>\n<meta property=\"og:locale\" content=\"de_DE\" \/>\n<meta property=\"og:type\" content=\"article\" \/>\n<meta property=\"og:title\" content=\"Garantie - Black Dog LED Europe\" \/>\n<meta property=\"og:description\" content=\"5 Jahre Garantie gegen Material- und Herstellungsfehler\" \/>\n<meta property=\"og:url\" content=\"https:\/\/blackdogled.eu\/de\/infos\/garantie\/\" \/>\n<meta property=\"og:site_name\" content=\"Black Dog LED Europe\" \/>\n<meta property=\"article:publisher\" content=\"https:\/\/www.facebook.com\/BlackDogLEDEurope\/\" \/>\n<meta property=\"article:modified_time\" content=\"2018-08-21T13:42:46+00:00\" \/>\n<meta name=\"twitter:card\" content=\"summary_large_image\" \/>\n<meta name=\"twitter:label1\" content=\"Gesch\u00e4tzte Lesezeit\" \/>\n\t<meta name=\"twitter:data1\" content=\"2\u00a0Minuten\" \/>\n<script type=\"application\/ld+json\" class=\"yoast-schema-graph\">{\"@context\":\"https:\/\/schema.org\",\"@graph\":[{\"@type\":\"WebPage\",\"@id\":\"https:\/\/blackdogled.eu\/de\/infos\/garantie\/\",\"url\":\"https:\/\/blackdogled.eu\/de\/infos\/garantie\/\",\"name\":\"Garantie - Black Dog LED Europe\",\"isPartOf\":{\"@id\":\"https:\/\/blackdogled.eu\/de\/#website\"},\"datePublished\":\"2018-08-17T09:34:08+00:00\",\"dateModified\":\"2018-08-21T13:42:46+00:00\",\"breadcrumb\":{\"@id\":\"https:\/\/blackdogled.eu\/de\/infos\/garantie\/#breadcrumb\"},\"inLanguage\":\"de\",\"potentialAction\":[{\"@type\":\"ReadAction\",\"target\":[\"https:\/\/blackdogled.eu\/de\/infos\/garantie\/\"]}]},{\"@type\":\"BreadcrumbList\",\"@id\":\"https:\/\/blackdogled.eu\/de\/infos\/garantie\/#breadcrumb\",\"itemListElement\":[{\"@type\":\"ListItem\",\"position\":1,\"name\":\"Startseite\",\"item\":\"https:\/\/blackdogled.eu\/de\/\"},{\"@type\":\"ListItem\",\"position\":2,\"name\":\"Infos\",\"item\":\"https:\/\/blackdogled.eu\/de\/infos\/\"},{\"@type\":\"ListItem\",\"position\":3,\"name\":\"Garantie\"}]},{\"@type\":\"WebSite\",\"@id\":\"https:\/\/blackdogled.eu\/de\/#website\",\"url\":\"https:\/\/blackdogled.eu\/de\/\",\"name\":\"Black Dog LED Europe\",\"description\":\"LED Grow Lights, Growing Kits &amp; Indoor Commercial Grow Light\",\"publisher\":{\"@id\":\"https:\/\/blackdogled.eu\/de\/#organization\"},\"potentialAction\":[{\"@type\":\"SearchAction\",\"target\":{\"@type\":\"EntryPoint\",\"urlTemplate\":\"https:\/\/blackdogled.eu\/de\/?s={search_term_string}\"},\"query-input\":{\"@type\":\"PropertyValueSpecification\",\"valueRequired\":true,\"valueName\":\"search_term_string\"}}],\"inLanguage\":\"de\"},{\"@type\":\"Organization\",\"@id\":\"https:\/\/blackdogled.eu\/de\/#organization\",\"name\":\"Black Dog LED Europe\",\"url\":\"https:\/\/blackdogled.eu\/de\/\",\"logo\":{\"@type\":\"ImageObject\",\"inLanguage\":\"de\",\"@id\":\"https:\/\/blackdogled.eu\/de\/#\/schema\/logo\/image\/\",\"url\":\"https:\/\/blackdogled.eu\/wp-content\/uploads\/2024\/03\/IG_Profilbild-2.jpg\",\"contentUrl\":\"https:\/\/blackdogled.eu\/wp-content\/uploads\/2024\/03\/IG_Profilbild-2.jpg\",\"width\":1333,\"height\":1333,\"caption\":\"Black Dog LED Europe\"},\"image\":{\"@id\":\"https:\/\/blackdogled.eu\/de\/#\/schema\/logo\/image\/\"},\"sameAs\":[\"https:\/\/www.facebook.com\/BlackDogLEDEurope\/\",\"https:\/\/www.instagram.com\/blackdogled_europe\/\"]}]}<\/script>\n<!-- \/ Yoast SEO plugin. -->","yoast_head_json":{"title":"Garantie - Black Dog LED Europe","robots":{"index":"index","follow":"follow","max-snippet":"max-snippet:-1","max-image-preview":"max-image-preview:large","max-video-preview":"max-video-preview:-1"},"canonical":"https:\/\/blackdogled.eu\/de\/infos\/garantie\/","og_locale":"de_DE","og_type":"article","og_title":"Garantie - Black Dog LED Europe","og_description":"5 Jahre Garantie gegen Material- und Herstellungsfehler","og_url":"https:\/\/blackdogled.eu\/de\/infos\/garantie\/","og_site_name":"Black Dog LED Europe","article_publisher":"https:\/\/www.facebook.com\/BlackDogLEDEurope\/","article_modified_time":"2018-08-21T13:42:46+00:00","twitter_card":"summary_large_image","twitter_misc":{"Gesch\u00e4tzte Lesezeit":"2\u00a0Minuten"},"schema":{"@context":"https:\/\/schema.org","@graph":[{"@type":"WebPage","@id":"https:\/\/blackdogled.eu\/de\/infos\/garantie\/","url":"https:\/\/blackdogled.eu\/de\/infos\/garantie\/","name":"Garantie - Black Dog LED Europe","isPartOf":{"@id":"https:\/\/blackdogled.eu\/de\/#website"},"datePublished":"2018-08-17T09:34:08+00:00","dateModified":"2018-08-21T13:42:46+00:00","breadcrumb":{"@id":"https:\/\/blackdogled.eu\/de\/infos\/garantie\/#breadcrumb"},"inLanguage":"de","potentialAction":[{"@type":"ReadAction","target":["https:\/\/blackdogled.eu\/de\/infos\/garantie\/"]}]},{"@type":"BreadcrumbList","@id":"https:\/\/blackdogled.eu\/de\/infos\/garantie\/#breadcrumb","itemListElement":[{"@type":"ListItem","position":1,"name":"Startseite","item":"https:\/\/blackdogled.eu\/de\/"},{"@type":"ListItem","position":2,"name":"Infos","item":"https:\/\/blackdogled.eu\/de\/infos\/"},{"@type":"ListItem","position":3,"name":"Garantie"}]},{"@type":"WebSite","@id":"https:\/\/blackdogled.eu\/de\/#website","url":"https:\/\/blackdogled.eu\/de\/","name":"Black Dog LED Europe","description":"LED Grow Lights, Growing Kits &amp; Indoor Commercial Grow Light","publisher":{"@id":"https:\/\/blackdogled.eu\/de\/#organization"},"potentialAction":[{"@type":"SearchAction","target":{"@type":"EntryPoint","urlTemplate":"https:\/\/blackdogled.eu\/de\/?s={search_term_string}"},"query-input":{"@type":"PropertyValueSpecification","valueRequired":true,"valueName":"search_term_string"}}],"inLanguage":"de"},{"@type":"Organization","@id":"https:\/\/blackdogled.eu\/de\/#organization","name":"Black Dog LED Europe","url":"https:\/\/blackdogled.eu\/de\/","logo":{"@type":"ImageObject","inLanguage":"de","@id":"https:\/\/blackdogled.eu\/de\/#\/schema\/logo\/image\/","url":"https:\/\/blackdogled.eu\/wp-content\/uploads\/2024\/03\/IG_Profilbild-2.jpg","contentUrl":"https:\/\/blackdogled.eu\/wp-content\/uploads\/2024\/03\/IG_Profilbild-2.jpg","width":1333,"height":1333,"caption":"Black Dog LED Europe"},"image":{"@id":"https:\/\/blackdogled.eu\/de\/#\/schema\/logo\/image\/"},"sameAs":["https:\/\/www.facebook.com\/BlackDogLEDEurope\/","https:\/\/www.instagram.com\/blackdogled_europe\/"]}]}},"_links":{"self":[{"href":"https:\/\/blackdogled.eu\/de\/wp-json\/wp\/v2\/pages\/20959","targetHints":{"allow":["GET"]}}],"collection":[{"href":"https:\/\/blackdogled.eu\/de\/wp-json\/wp\/v2\/pages"}],"about":[{"href":"https:\/\/blackdogled.eu\/de\/wp-json\/wp\/v2\/types\/page"}],"author":[{"embeddable":true,"href":"https:\/\/blackdogled.eu\/de\/wp-json\/wp\/v2\/users\/4"}],"replies":[{"embeddable":true,"href":"https:\/\/blackdogled.eu\/de\/wp-json\/wp\/v2\/comments?post=20959"}],"version-history":[{"count":3,"href":"https:\/\/blackdogled.eu\/de\/wp-json\/wp\/v2\/pages\/20959\/revisions"}],"predecessor-version":[{"id":21113,"href":"https:\/\/blackdogled.eu\/de\/wp-json\/wp\/v2\/pages\/20959\/revisions\/21113"}],"up":[{"embeddable":true,"href":"https:\/\/blackdogled.eu\/de\/wp-json\/wp\/v2\/pages\/3446"}],"wp:attachment":[{"href":"https:\/\/blackdogled.eu\/de\/wp-json\/wp\/v2\/media?parent=20959"}],"curies":[{"name":"wp","href":"https:\/\/api.w.org\/{rel}","templated":true}]}}