{"id":21007,"date":"2018-08-20T20:14:58","date_gmt":"2018-08-20T18:14:58","guid":{"rendered":"http:\/\/s986267418.online.de\/?page_id=21007"},"modified":"2018-08-21T16:06:30","modified_gmt":"2018-08-21T14:06:30","slug":"schnaeppchenmarkt","status":"publish","type":"page","link":"https:\/\/blackdogled.eu\/de\/schnaeppchenmarkt\/","title":{"rendered":"Schn\u00e4ppchenmarkt"},"content":{"rendered":"<div class=\"wpb-content-wrapper\"><p>[vc_row][vc_column][vc_row_inner][vc_column_inner width=&#8220;1\/6&#8243;][\/vc_column_inner][vc_column_inner width=&#8220;2\/3&#8243;][vc_custom_heading source=&#8220;post_title&#8220; font_container=&#8220;tag:h1|text_align:left&#8220; use_theme_fonts=&#8220;yes&#8220; css=&#8220;.vc_custom_1529574752496{margin-bottom: 1em !important;}&#8220;][\/vc_column_inner][vc_column_inner width=&#8220;1\/6&#8243;][\/vc_column_inner][\/vc_row_inner][\/vc_column][\/vc_row][vc_row][vc_column width=&#8220;5\/6&#8243;][vc_single_image image=&#8220;2964&#8243; img_size=&#8220;full&#8220;][\/vc_column][vc_column width=&#8220;1\/6&#8243;][vc_column_text]Black Dog LED Europa bietet seinen Kunden die M\u00f6glichkeit gebrauchte Lampen oder Lampen mit optischem Defekt verg\u00fcnstigt zu kaufen.<\/p>\n<p>Da in den letzten Jahren eine Vielzahl an Tester f\u00fcr uns europaweit t\u00e4tig waren haben wir immer mal wieder gebrauchte Lampen im Lager. Diese wurden von uns gepr\u00fcft und sind in einwandfreiem Zustand.<\/p>\n<p>Auch haben wir von Zeit zu Zeit mal einzelne Lampen die kleine optische M\u00e4ngel aufweisen, jedoch in technisch einwandfreiem Zustand sind.<\/p>\n<p>Egal ob sie eine Lampe die gebraucht ist oder optische M\u00e4ngel aufweist kaufen, Sie erhalten von uns die vollen 5 Jahre Garantie auf alle PhytoMAX-2 Pflanzenlampen.<\/p>\n<p>Interesse? Dann <a href=\"http:\/\/blackdogled.eu\/de\/kontakt\/\">kontaktieren Sie uns<\/a> einfach per Mail oder telefonisch unter der +49 (0) 9131 9238691.[\/vc_column_text][\/vc_column][\/vc_row]<\/p>\n<\/div>","protected":false},"excerpt":{"rendered":"<p>[vc_row][vc_column][vc_row_inner][vc_column_inner width=&#8220;1\/6&#8243;][\/vc_column_inner][vc_column_inner width=&#8220;2\/3&#8243;][vc_custom_heading source=&#8220;post_title&#8220; font_container=&#8220;tag:h1|text_align:left&#8220; use_theme_fonts=&#8220;yes&#8220; css=&#8220;.vc_custom_1529574752496{margin-bottom: 1em !important;}&#8220;][\/vc_column_inner][vc_column_inner width=&#8220;1\/6&#8243;][\/vc_column_inner][\/vc_row_inner][\/vc_column][\/vc_row][vc_row][vc_column width=&#8220;5\/6&#8243;][vc_single_image image=&#8220;2964&#8243; img_size=&#8220;full&#8220;][\/vc_column][vc_column width=&#8220;1\/6&#8243;][vc_column_text]Black Dog LED Europa bietet seinen Kunden die M\u00f6glichkeit gebrauchte Lampen oder Lampen mit optischem Defekt verg\u00fcnstigt zu kaufen. Da in den letzten Jahren eine Vielzahl an Tester f\u00fcr uns europaweit t\u00e4tig waren haben wir immer mal wieder gebrauchte Lampen im Lager. [&hellip;]<\/p>\n","protected":false},"author":4,"featured_media":0,"parent":0,"menu_order":0,"comment_status":"closed","ping_status":"closed","template":"","meta":{"footnotes":""},"class_list":["post-21007","page","type-page","status-publish","hentry"],"yoast_head":"<!-- This site is optimized with the Yoast SEO plugin v24.6 - https:\/\/yoast.com\/wordpress\/plugins\/seo\/ -->\n<title>Schn\u00e4ppchenmarkt - Black Dog LED Europe<\/title>\n<meta name=\"robots\" content=\"index, follow, max-snippet:-1, max-image-preview:large, max-video-preview:-1\" \/>\n<link rel=\"canonical\" href=\"https:\/\/blackdogled.eu\/de\/schnaeppchenmarkt\/\" \/>\n<meta property=\"og:locale\" content=\"de_DE\" \/>\n<meta property=\"og:type\" content=\"article\" \/>\n<meta property=\"og:title\" content=\"Schn\u00e4ppchenmarkt - Black Dog LED Europe\" \/>\n<meta property=\"og:description\" content=\"[vc_row][vc_column][vc_row_inner][vc_column_inner width=&#8220;1\/6&#8243;][\/vc_column_inner][vc_column_inner width=&#8220;2\/3&#8243;][vc_custom_heading source=&#8220;post_title&#8220; font_container=&#8220;tag:h1|text_align:left&#8220; use_theme_fonts=&#8220;yes&#8220; css=&#8220;.vc_custom_1529574752496{margin-bottom: 1em !important;}&#8220;][\/vc_column_inner][vc_column_inner width=&#8220;1\/6&#8243;][\/vc_column_inner][\/vc_row_inner][\/vc_column][\/vc_row][vc_row][vc_column width=&#8220;5\/6&#8243;][vc_single_image image=&#8220;2964&#8243; img_size=&#8220;full&#8220;][\/vc_column][vc_column width=&#8220;1\/6&#8243;][vc_column_text]Black Dog LED Europa bietet seinen Kunden die M\u00f6glichkeit gebrauchte Lampen oder Lampen mit optischem Defekt verg\u00fcnstigt zu kaufen. Da in den letzten Jahren eine Vielzahl an Tester f\u00fcr uns europaweit t\u00e4tig waren haben wir immer mal wieder gebrauchte Lampen im Lager. [&hellip;]\" \/>\n<meta property=\"og:url\" content=\"https:\/\/blackdogled.eu\/de\/schnaeppchenmarkt\/\" \/>\n<meta property=\"og:site_name\" content=\"Black Dog LED Europe\" \/>\n<meta property=\"article:publisher\" content=\"https:\/\/www.facebook.com\/BlackDogLEDEurope\/\" \/>\n<meta property=\"article:modified_time\" content=\"2018-08-21T14:06:30+00:00\" \/>\n<meta name=\"twitter:card\" content=\"summary_large_image\" \/>\n<meta name=\"twitter:label1\" content=\"Gesch\u00e4tzte Lesezeit\" \/>\n\t<meta name=\"twitter:data1\" content=\"1\u00a0Minute\" \/>\n<script type=\"application\/ld+json\" class=\"yoast-schema-graph\">{\"@context\":\"https:\/\/schema.org\",\"@graph\":[{\"@type\":\"WebPage\",\"@id\":\"https:\/\/blackdogled.eu\/de\/schnaeppchenmarkt\/\",\"url\":\"https:\/\/blackdogled.eu\/de\/schnaeppchenmarkt\/\",\"name\":\"Schn\u00e4ppchenmarkt - Black Dog LED Europe\",\"isPartOf\":{\"@id\":\"https:\/\/blackdogled.eu\/de\/#website\"},\"datePublished\":\"2018-08-20T18:14:58+00:00\",\"dateModified\":\"2018-08-21T14:06:30+00:00\",\"breadcrumb\":{\"@id\":\"https:\/\/blackdogled.eu\/de\/schnaeppchenmarkt\/#breadcrumb\"},\"inLanguage\":\"de\",\"potentialAction\":[{\"@type\":\"ReadAction\",\"target\":[\"https:\/\/blackdogled.eu\/de\/schnaeppchenmarkt\/\"]}]},{\"@type\":\"BreadcrumbList\",\"@id\":\"https:\/\/blackdogled.eu\/de\/schnaeppchenmarkt\/#breadcrumb\",\"itemListElement\":[{\"@type\":\"ListItem\",\"position\":1,\"name\":\"Startseite\",\"item\":\"https:\/\/blackdogled.eu\/de\/\"},{\"@type\":\"ListItem\",\"position\":2,\"name\":\"Schn\u00e4ppchenmarkt\"}]},{\"@type\":\"WebSite\",\"@id\":\"https:\/\/blackdogled.eu\/de\/#website\",\"url\":\"https:\/\/blackdogled.eu\/de\/\",\"name\":\"Black Dog LED Europe\",\"description\":\"LED Grow Lights, Growing Kits &amp; Indoor Commercial Grow Light\",\"publisher\":{\"@id\":\"https:\/\/blackdogled.eu\/de\/#organization\"},\"potentialAction\":[{\"@type\":\"SearchAction\",\"target\":{\"@type\":\"EntryPoint\",\"urlTemplate\":\"https:\/\/blackdogled.eu\/de\/?s={search_term_string}\"},\"query-input\":{\"@type\":\"PropertyValueSpecification\",\"valueRequired\":true,\"valueName\":\"search_term_string\"}}],\"inLanguage\":\"de\"},{\"@type\":\"Organization\",\"@id\":\"https:\/\/blackdogled.eu\/de\/#organization\",\"name\":\"Black Dog LED Europe\",\"url\":\"https:\/\/blackdogled.eu\/de\/\",\"logo\":{\"@type\":\"ImageObject\",\"inLanguage\":\"de\",\"@id\":\"https:\/\/blackdogled.eu\/de\/#\/schema\/logo\/image\/\",\"url\":\"https:\/\/blackdogled.eu\/wp-content\/uploads\/2024\/03\/IG_Profilbild-2.jpg\",\"contentUrl\":\"https:\/\/blackdogled.eu\/wp-content\/uploads\/2024\/03\/IG_Profilbild-2.jpg\",\"width\":1333,\"height\":1333,\"caption\":\"Black Dog LED Europe\"},\"image\":{\"@id\":\"https:\/\/blackdogled.eu\/de\/#\/schema\/logo\/image\/\"},\"sameAs\":[\"https:\/\/www.facebook.com\/BlackDogLEDEurope\/\",\"https:\/\/www.instagram.com\/blackdogled_europe\/\"]}]}<\/script>\n<!-- \/ Yoast SEO plugin. -->","yoast_head_json":{"title":"Schn\u00e4ppchenmarkt - Black Dog LED Europe","robots":{"index":"index","follow":"follow","max-snippet":"max-snippet:-1","max-image-preview":"max-image-preview:large","max-video-preview":"max-video-preview:-1"},"canonical":"https:\/\/blackdogled.eu\/de\/schnaeppchenmarkt\/","og_locale":"de_DE","og_type":"article","og_title":"Schn\u00e4ppchenmarkt - Black Dog LED Europe","og_description":"[vc_row][vc_column][vc_row_inner][vc_column_inner width=&#8220;1\/6&#8243;][\/vc_column_inner][vc_column_inner width=&#8220;2\/3&#8243;][vc_custom_heading source=&#8220;post_title&#8220; font_container=&#8220;tag:h1|text_align:left&#8220; use_theme_fonts=&#8220;yes&#8220; css=&#8220;.vc_custom_1529574752496{margin-bottom: 1em !important;}&#8220;][\/vc_column_inner][vc_column_inner width=&#8220;1\/6&#8243;][\/vc_column_inner][\/vc_row_inner][\/vc_column][\/vc_row][vc_row][vc_column width=&#8220;5\/6&#8243;][vc_single_image image=&#8220;2964&#8243; img_size=&#8220;full&#8220;][\/vc_column][vc_column width=&#8220;1\/6&#8243;][vc_column_text]Black Dog LED Europa bietet seinen Kunden die M\u00f6glichkeit gebrauchte Lampen oder Lampen mit optischem Defekt verg\u00fcnstigt zu kaufen. Da in den letzten Jahren eine Vielzahl an Tester f\u00fcr uns europaweit t\u00e4tig waren haben wir immer mal wieder gebrauchte Lampen im Lager. [&hellip;]","og_url":"https:\/\/blackdogled.eu\/de\/schnaeppchenmarkt\/","og_site_name":"Black Dog LED Europe","article_publisher":"https:\/\/www.facebook.com\/BlackDogLEDEurope\/","article_modified_time":"2018-08-21T14:06:30+00:00","twitter_card":"summary_large_image","twitter_misc":{"Gesch\u00e4tzte Lesezeit":"1\u00a0Minute"},"schema":{"@context":"https:\/\/schema.org","@graph":[{"@type":"WebPage","@id":"https:\/\/blackdogled.eu\/de\/schnaeppchenmarkt\/","url":"https:\/\/blackdogled.eu\/de\/schnaeppchenmarkt\/","name":"Schn\u00e4ppchenmarkt - Black Dog LED Europe","isPartOf":{"@id":"https:\/\/blackdogled.eu\/de\/#website"},"datePublished":"2018-08-20T18:14:58+00:00","dateModified":"2018-08-21T14:06:30+00:00","breadcrumb":{"@id":"https:\/\/blackdogled.eu\/de\/schnaeppchenmarkt\/#breadcrumb"},"inLanguage":"de","potentialAction":[{"@type":"ReadAction","target":["https:\/\/blackdogled.eu\/de\/schnaeppchenmarkt\/"]}]},{"@type":"BreadcrumbList","@id":"https:\/\/blackdogled.eu\/de\/schnaeppchenmarkt\/#breadcrumb","itemListElement":[{"@type":"ListItem","position":1,"name":"Startseite","item":"https:\/\/blackdogled.eu\/de\/"},{"@type":"ListItem","position":2,"name":"Schn\u00e4ppchenmarkt"}]},{"@type":"WebSite","@id":"https:\/\/blackdogled.eu\/de\/#website","url":"https:\/\/blackdogled.eu\/de\/","name":"Black Dog LED Europe","description":"LED Grow Lights, Growing Kits &amp; Indoor Commercial Grow Light","publisher":{"@id":"https:\/\/blackdogled.eu\/de\/#organization"},"potentialAction":[{"@type":"SearchAction","target":{"@type":"EntryPoint","urlTemplate":"https:\/\/blackdogled.eu\/de\/?s={search_term_string}"},"query-input":{"@type":"PropertyValueSpecification","valueRequired":true,"valueName":"search_term_string"}}],"inLanguage":"de"},{"@type":"Organization","@id":"https:\/\/blackdogled.eu\/de\/#organization","name":"Black Dog LED Europe","url":"https:\/\/blackdogled.eu\/de\/","logo":{"@type":"ImageObject","inLanguage":"de","@id":"https:\/\/blackdogled.eu\/de\/#\/schema\/logo\/image\/","url":"https:\/\/blackdogled.eu\/wp-content\/uploads\/2024\/03\/IG_Profilbild-2.jpg","contentUrl":"https:\/\/blackdogled.eu\/wp-content\/uploads\/2024\/03\/IG_Profilbild-2.jpg","width":1333,"height":1333,"caption":"Black Dog LED Europe"},"image":{"@id":"https:\/\/blackdogled.eu\/de\/#\/schema\/logo\/image\/"},"sameAs":["https:\/\/www.facebook.com\/BlackDogLEDEurope\/","https:\/\/www.instagram.com\/blackdogled_europe\/"]}]}},"_links":{"self":[{"href":"https:\/\/blackdogled.eu\/de\/wp-json\/wp\/v2\/pages\/21007","targetHints":{"allow":["GET"]}}],"collection":[{"href":"https:\/\/blackdogled.eu\/de\/wp-json\/wp\/v2\/pages"}],"about":[{"href":"https:\/\/blackdogled.eu\/de\/wp-json\/wp\/v2\/types\/page"}],"author":[{"embeddable":true,"href":"https:\/\/blackdogled.eu\/de\/wp-json\/wp\/v2\/users\/4"}],"replies":[{"embeddable":true,"href":"https:\/\/blackdogled.eu\/de\/wp-json\/wp\/v2\/comments?post=21007"}],"version-history":[{"count":4,"href":"https:\/\/blackdogled.eu\/de\/wp-json\/wp\/v2\/pages\/21007\/revisions"}],"predecessor-version":[{"id":21010,"href":"https:\/\/blackdogled.eu\/de\/wp-json\/wp\/v2\/pages\/21007\/revisions\/21010"}],"wp:attachment":[{"href":"https:\/\/blackdogled.eu\/de\/wp-json\/wp\/v2\/media?parent=21007"}],"curies":[{"name":"wp","href":"https:\/\/api.w.org\/{rel}","templated":true}]}}