{"id":23351,"date":"2022-04-12T14:55:27","date_gmt":"2022-04-12T12:55:27","guid":{"rendered":"http:\/\/s986267418.online.de\/?page_id=23351"},"modified":"2023-12-23T15:24:28","modified_gmt":"2023-12-23T14:24:28","slug":"phytomax-3-general-information","status":"publish","type":"page","link":"https:\/\/blackdogled.eu\/de\/phytomax-3-general-information\/","title":{"rendered":"PhytoMAX-3 Allgemeine Infos"},"content":{"rendered":"<div class=\"wpb-content-wrapper\"><p>[vc_row][vc_column][vc_row_inner][vc_column_inner width=&#8220;1\/6&#8243;][\/vc_column_inner][vc_column_inner width=&#8220;2\/3&#8243;][vc_custom_heading source=&#8220;post_title&#8220; font_container=&#8220;tag:h1|text_align:left&#8220; use_theme_fonts=&#8220;yes&#8220; css=&#8220;.vc_custom_1534324509645{margin-bottom: 1em !important;}&#8220;][\/vc_column_inner][vc_column_inner width=&#8220;1\/6&#8243;][\/vc_column_inner][\/vc_row_inner][vc_column_text]<span dir=\"ltr\" role=\"presentation\">Willkommen zu Ihrer neuen PhytoMAX-3<\/span><span dir=\"ltr\" role=\"presentation\">\u00ae SH<\/span> <span dir=\"ltr\" role=\"presentation\">Pflanzenlampe!<\/span>[\/vc_column_text][vc_column_text]Bitte lesen und speichern Sie diese Kurzanleitung f\u00fcr Ihre Lampe.<\/p>\n<h2>Sicherheit:<\/h2>\n<ul>\n<li>\u00dcberpr\u00fcfen Sie die Lampe auf Transportsch\u00e4den, einschlie\u00dflich fehlender oder defekter LEDs. Schlie\u00dfen Sie eine Lampe, die einen Transportschaden erlitten hat, nicht ohne R\u00fccksprache mit uns an: <a href=\"https:\/\/blackdogled.eu\/de\/kontakt\/\">https:\/\/blackdogled.eu\/contact\/<\/a> oder rufen Sie uns an unter +49 (0) 9131 9238691<\/li>\n<li>Schauen Sie NIEMALS direkt in die LEDs, w\u00e4hrend sie eingeschaltet sind; dies kann zu Augensch\u00e4den f\u00fchren.<\/li>\n<li>Wenn Sie unter unseren Lampen mit Pflanzen arbeiten, empfehlen wir das Tragen von UV-blockierenden Augenschutzmitteln wie Sonnenbrillen. PhytoMAX-3 enth\u00e4lt UV-LEDs, die genau wie nat\u00fcrliches Sonnenlicht die Augen reizen und sch\u00e4digen k\u00f6nnen.<\/li>\n<li>\u00dcberlasten Sie Ihre Stromkreise nicht &#8211; zwei PhytoMAX\u00ae-3 16SH, 20SH oder 24SH-Leuchten passen nicht in einen Standard-15-Ampere-110V-Haushaltsstromkreis! F\u00fcr weitere Informationen und Ratschl\u00e4ge wenden Sie sich bitte an Ihren Elektroinstallateur!<\/li>\n<\/ul>\n<h2>Probleme und Fragen:<\/h2>\n<ul>\n<li>Black Dog LED m\u00f6chte, dass Sie mit Ihrer PhytoMAX-3-Lampe zufrieden sind!<\/li>\n<li>Bitte beachten Sie, dass unsere Leuchten infrarote und ultraviolette Dioden enthalten, die au\u00dferhalb des menschlichen Sehbereichs liegen, so dass es normal ist, dass es aussieht als w\u00fcrden einige der LEDs schwach oder gar nicht leuchten.<\/li>\n<li>Unsere Leuchten haben eine Soft-Start-Funktion, die bis zu 1 Minute braucht, um die volle Helligkeit zu erreichen. Dies ist ein Sicherheitsaspekt, der Ihre Augen sch\u00fctzt, falls Sie beim ersten Einschalten in die LEDs schauen.<\/li>\n<li>Sollten Sie Probleme mit der Funktion Ihrer Lampe haben, wenden Sie sich bitte an Black Dog LED, nicht an das Gesch\u00e4ft, in dem Sie die Lampe gekauft haben. Rufen Sie uns an unter +49 (0) 9131 9238691 oder besuchen Sie diese URL: <a href=\"https:\/\/blackdogled.eu\/de\/kontakt\/\">https:\/\/blackdogled.eu\/contact\/<\/a><\/li>\n<\/ul>\n<h2>H\u00e4nge dein Licht auf:<\/h2>\n<ul>\n<li>Wir empfehlen, am losen Ende des Seils einen Stopperknoten zu machen, um eine \u00dcberdehnung der einzelnen Ratschenseilb\u00fcgel zu verhindern. Siehe Abbildung A.<\/li>\n<li>Vergewissern Sie sich, dass die Konstruktion, an der die Lampe aufgeh\u00e4ngt werden soll, deren Gewicht tragen kann und noch etwas Platz f\u00fcr Kabel usw. bietet. &#8211; Die PhytoMAX-3 16SH, 20SH und 24SH Aufh\u00e4ngepunkte m\u00fcssen fast 50 Pfund tragen!<\/li>\n<\/ul>\n<ol>\n<li>Stecken Sie eine Metallhalterung in den Aufh\u00e4ngeb\u00fcgel auf beiden Seiten der R\u00fcckseite der Leuchte. Achten Sie darauf, dass beide Enden des Clips fest sitzen.<\/li>\n<li>Befestigen Sie jeweils ein Ende der Ratschenseilaufh\u00e4nger an der Decke und das andere Ende an den Metallaufh\u00e4ngern an der Lampe. Die Seile sollten gerade h\u00e4ngen und die Aufh\u00e4ngeb\u00fcgel nicht zur Mitte der Leuchte hin oder von ihr weg ziehen. Siehe Abbildungen B und C.<\/li>\n<li>Stellen Sie die Ratsche so ein, dass die Lampe in der empfohlenen H\u00f6he aufgeh\u00e4ngt wird, wie in der Tabelle auf der n\u00e4chsten Seite angegeben oder in unserem Rechner unter https:\/\/www.blackdogled.com\/height<\/li>\n<li>Achten Sie darauf, dass auf beiden Seiten der Lampe, die \u00fcber L\u00fcftungs\u00f6ffnungen verf\u00fcgen, immer ein Mindestabstand von 6&#8243;\/15 cm besteht. Ein unzureichender Abstand kann zu einer \u00dcberhitzung der Lampe f\u00fchren. Die Seiten ohne L\u00fcftungsschlitze und die Oberseite der Lampe ben\u00f6tigen keinen Abstand. Siehe Abbildung D.<\/li>\n<\/ol>\n<p>[\/vc_column_text][\/vc_column][\/vc_row][vc_row][vc_column][vc_single_image image=&#8220;23339&#8243; img_size=&#8220;full&#8220;][\/vc_column][\/vc_row][vc_row][vc_column][vc_column_text]<\/p>\n<h2>Empfohlene Grundfl\u00e4chengr\u00f6\u00dfen<\/h2>\n<p>(Quadratische Grundfl\u00e4che, das angegebene Ma\u00df ist eine Kantenfl\u00e4che, verwenden Sie unseren Rechner unter https:\/\/www.blackdogled.com\/height f\u00fcr alle kundenspezifischen Situationen):[\/vc_column_text][\/vc_column][\/vc_row][vc_row][vc_column][vc_single_image image=&#8220;23343&#8243; img_size=&#8220;full&#8220;][\/vc_column][\/vc_row][vc_row][vc_column][vc_column_text]* Die durchschnittlichen PPFD-Messungen beziehen sich auf die gesamte Grundfl\u00e4che, von Kante zu Kante und von Ecke zu Ecke, basierend auf einer reflektierenden Umgebung oder benachbarten Lichtern, und z\u00e4hlen nur PAR-Photonen von 400-700nm. Der PBAR-Photonenfluss (280-800nm) ist um 9% h\u00f6her.<br \/>\n** Beim Anbau auf einer Fl\u00e4che, die kleiner ist als die Grundfl\u00e4che f\u00fcr Bl\u00fcte ohne CO2, ist in der Regel eine CO2-Zugabe erforderlich, um das zus\u00e4tzliche Licht voll auszunutzen.<br \/>\nH.H. = Aufh\u00e4ngeh\u00f6he \u00fcber dem durchschnittlichen Scheitelpunkt des Pflanzendaches.<\/p>\n<h2>PhytoMAX-3 Anbautipps:<\/h2>\n<ul>\n<li>Wir empfehlen, die Anbaufl\u00e4che 9-10 \u00b0F \/ 5 \u00b0C w\u00e4rmer zu halten als bei anderen Lichtquellen (normalerweise 85 \u00b0F \/ 29 \u00b0C), um den Ertrag zu maximieren.<\/li>\n<li>Wenn Sie in Ihrem Anbaubereich Schwefel verbrennen wollen, entfernen Sie die Lichter aus dem Bereich oder schalten Sie die Lichter aus und versiegeln Sie ihn w\u00e4hrend der Schwefelbehandlung mit Plastik. Bei Nichtbeachtung erlischt die Garantie f\u00fcr die Leuchten.<\/li>\n<\/ul>\n<h2>Reinigung und Pflege:<\/h2>\n<p>Wenn Ihr Licht gereinigt werden muss:<\/p>\n<ol>\n<li>Spr\u00fchen Sie Wasser oder einen milden Glasreiniger auf ein weiches, fusselfreies Handtuch (NICHT auf die LEDs an der Unterseite der Leuchte!)<\/li>\n<li>Tupfen Sie die LEDs vorsichtig mit dem feuchten Handtuch ab, bis sie sauber sind. Die LEDs NICHT REIBEN!<\/li>\n<li>Lassen Sie die Lampe an der Luft trocknen, schlie\u00dfen Sie sie dann wieder an und schalten Sie sie ein.<\/li>\n<li>Spr\u00fchen Sie NIEMALS irgendwelche Fl\u00fcssigkeiten direkt auf oder um die LEDs herum.<\/li>\n<\/ol>\n<h2>Technische Daten:<\/h2>\n<p>[\/vc_column_text][\/vc_column][\/vc_row][vc_row][vc_column][vc_single_image image=&#8220;23345&#8243; img_size=&#8220;full&#8220;][\/vc_column][\/vc_row][vc_row][vc_column][vc_single_image image=&#8220;23347&#8243; img_size=&#8220;full&#8220;][\/vc_column][\/vc_row][vc_row][vc_column][vc_column_text]Hergestellt in Colorado, USA[\/vc_column_text][\/vc_column][\/vc_row][vc_row][vc_column][vc_single_image image=&#8220;23349&#8243; img_size=&#8220;full&#8220;][\/vc_column][\/vc_row]<\/p>\n<\/div>","protected":false},"excerpt":{"rendered":"<p>[vc_row][vc_column][vc_row_inner][vc_column_inner width=&#8220;1\/6&#8243;][\/vc_column_inner][vc_column_inner width=&#8220;2\/3&#8243;][vc_custom_heading source=&#8220;post_title&#8220; font_container=&#8220;tag:h1|text_align:left&#8220; use_theme_fonts=&#8220;yes&#8220; css=&#8220;.vc_custom_1534324509645{margin-bottom: 1em !important;}&#8220;][\/vc_column_inner][vc_column_inner width=&#8220;1\/6&#8243;][\/vc_column_inner][\/vc_row_inner][vc_column_text]Willkommen zu Ihrer neuen PhytoMAX-3\u00ae SH Pflanzenlampe![\/vc_column_text][vc_column_text]Bitte lesen und speichern Sie diese Kurzanleitung f\u00fcr Ihre Lampe. Sicherheit: \u00dcberpr\u00fcfen Sie die Lampe auf Transportsch\u00e4den, einschlie\u00dflich fehlender oder defekter LEDs. Schlie\u00dfen Sie eine Lampe, die einen Transportschaden erlitten hat, nicht ohne R\u00fccksprache mit uns an: https:\/\/blackdogled.eu\/contact\/ oder rufen [&hellip;]<\/p>\n","protected":false},"author":1,"featured_media":0,"parent":0,"menu_order":0,"comment_status":"closed","ping_status":"closed","template":"","meta":{"footnotes":""},"class_list":["post-23351","page","type-page","status-publish","hentry"],"yoast_head":"<!-- This site is optimized with the Yoast SEO plugin v24.6 - https:\/\/yoast.com\/wordpress\/plugins\/seo\/ -->\n<title>PhytoMAX-3 Allgemeine Infos - Black Dog LED Europe<\/title>\n<meta name=\"robots\" content=\"index, follow, max-snippet:-1, max-image-preview:large, max-video-preview:-1\" \/>\n<link rel=\"canonical\" href=\"https:\/\/blackdogled.eu\/de\/phytomax-3-general-information\/\" \/>\n<meta property=\"og:locale\" content=\"de_DE\" \/>\n<meta property=\"og:type\" content=\"article\" \/>\n<meta property=\"og:title\" content=\"PhytoMAX-3 Allgemeine Infos - Black Dog LED Europe\" \/>\n<meta property=\"og:description\" content=\"[vc_row][vc_column][vc_row_inner][vc_column_inner width=&#8220;1\/6&#8243;][\/vc_column_inner][vc_column_inner width=&#8220;2\/3&#8243;][vc_custom_heading source=&#8220;post_title&#8220; font_container=&#8220;tag:h1|text_align:left&#8220; use_theme_fonts=&#8220;yes&#8220; css=&#8220;.vc_custom_1534324509645{margin-bottom: 1em !important;}&#8220;][\/vc_column_inner][vc_column_inner width=&#8220;1\/6&#8243;][\/vc_column_inner][\/vc_row_inner][vc_column_text]Willkommen zu Ihrer neuen PhytoMAX-3\u00ae SH Pflanzenlampe![\/vc_column_text][vc_column_text]Bitte lesen und speichern Sie diese Kurzanleitung f\u00fcr Ihre Lampe. Sicherheit: \u00dcberpr\u00fcfen Sie die Lampe auf Transportsch\u00e4den, einschlie\u00dflich fehlender oder defekter LEDs. Schlie\u00dfen Sie eine Lampe, die einen Transportschaden erlitten hat, nicht ohne R\u00fccksprache mit uns an: https:\/\/blackdogled.eu\/contact\/ oder rufen [&hellip;]\" \/>\n<meta property=\"og:url\" content=\"https:\/\/blackdogled.eu\/de\/phytomax-3-general-information\/\" \/>\n<meta property=\"og:site_name\" content=\"Black Dog LED Europe\" \/>\n<meta property=\"article:publisher\" content=\"https:\/\/www.facebook.com\/BlackDogLEDEurope\/\" \/>\n<meta property=\"article:modified_time\" content=\"2023-12-23T14:24:28+00:00\" \/>\n<meta name=\"twitter:card\" content=\"summary_large_image\" \/>\n<meta name=\"twitter:label1\" content=\"Gesch\u00e4tzte Lesezeit\" \/>\n\t<meta name=\"twitter:data1\" content=\"5\u00a0Minuten\" \/>\n<script type=\"application\/ld+json\" class=\"yoast-schema-graph\">{\"@context\":\"https:\/\/schema.org\",\"@graph\":[{\"@type\":\"WebPage\",\"@id\":\"https:\/\/blackdogled.eu\/de\/phytomax-3-general-information\/\",\"url\":\"https:\/\/blackdogled.eu\/de\/phytomax-3-general-information\/\",\"name\":\"PhytoMAX-3 Allgemeine Infos - Black Dog LED Europe\",\"isPartOf\":{\"@id\":\"https:\/\/blackdogled.eu\/de\/#website\"},\"datePublished\":\"2022-04-12T12:55:27+00:00\",\"dateModified\":\"2023-12-23T14:24:28+00:00\",\"breadcrumb\":{\"@id\":\"https:\/\/blackdogled.eu\/de\/phytomax-3-general-information\/#breadcrumb\"},\"inLanguage\":\"de\",\"potentialAction\":[{\"@type\":\"ReadAction\",\"target\":[\"https:\/\/blackdogled.eu\/de\/phytomax-3-general-information\/\"]}]},{\"@type\":\"BreadcrumbList\",\"@id\":\"https:\/\/blackdogled.eu\/de\/phytomax-3-general-information\/#breadcrumb\",\"itemListElement\":[{\"@type\":\"ListItem\",\"position\":1,\"name\":\"Startseite\",\"item\":\"https:\/\/blackdogled.eu\/de\/\"},{\"@type\":\"ListItem\",\"position\":2,\"name\":\"PhytoMAX-3 Allgemeine Infos\"}]},{\"@type\":\"WebSite\",\"@id\":\"https:\/\/blackdogled.eu\/de\/#website\",\"url\":\"https:\/\/blackdogled.eu\/de\/\",\"name\":\"Black Dog LED Europe\",\"description\":\"LED Grow Lights, Growing Kits &amp; Indoor Commercial Grow Light\",\"publisher\":{\"@id\":\"https:\/\/blackdogled.eu\/de\/#organization\"},\"potentialAction\":[{\"@type\":\"SearchAction\",\"target\":{\"@type\":\"EntryPoint\",\"urlTemplate\":\"https:\/\/blackdogled.eu\/de\/?s={search_term_string}\"},\"query-input\":{\"@type\":\"PropertyValueSpecification\",\"valueRequired\":true,\"valueName\":\"search_term_string\"}}],\"inLanguage\":\"de\"},{\"@type\":\"Organization\",\"@id\":\"https:\/\/blackdogled.eu\/de\/#organization\",\"name\":\"Black Dog LED Europe\",\"url\":\"https:\/\/blackdogled.eu\/de\/\",\"logo\":{\"@type\":\"ImageObject\",\"inLanguage\":\"de\",\"@id\":\"https:\/\/blackdogled.eu\/de\/#\/schema\/logo\/image\/\",\"url\":\"https:\/\/blackdogled.eu\/wp-content\/uploads\/2024\/03\/IG_Profilbild-2.jpg\",\"contentUrl\":\"https:\/\/blackdogled.eu\/wp-content\/uploads\/2024\/03\/IG_Profilbild-2.jpg\",\"width\":1333,\"height\":1333,\"caption\":\"Black Dog LED Europe\"},\"image\":{\"@id\":\"https:\/\/blackdogled.eu\/de\/#\/schema\/logo\/image\/\"},\"sameAs\":[\"https:\/\/www.facebook.com\/BlackDogLEDEurope\/\",\"https:\/\/www.instagram.com\/blackdogled_europe\/\"]}]}<\/script>\n<!-- \/ Yoast SEO plugin. -->","yoast_head_json":{"title":"PhytoMAX-3 Allgemeine Infos - Black Dog LED Europe","robots":{"index":"index","follow":"follow","max-snippet":"max-snippet:-1","max-image-preview":"max-image-preview:large","max-video-preview":"max-video-preview:-1"},"canonical":"https:\/\/blackdogled.eu\/de\/phytomax-3-general-information\/","og_locale":"de_DE","og_type":"article","og_title":"PhytoMAX-3 Allgemeine Infos - Black Dog LED Europe","og_description":"[vc_row][vc_column][vc_row_inner][vc_column_inner width=&#8220;1\/6&#8243;][\/vc_column_inner][vc_column_inner width=&#8220;2\/3&#8243;][vc_custom_heading source=&#8220;post_title&#8220; font_container=&#8220;tag:h1|text_align:left&#8220; use_theme_fonts=&#8220;yes&#8220; css=&#8220;.vc_custom_1534324509645{margin-bottom: 1em !important;}&#8220;][\/vc_column_inner][vc_column_inner width=&#8220;1\/6&#8243;][\/vc_column_inner][\/vc_row_inner][vc_column_text]Willkommen zu Ihrer neuen PhytoMAX-3\u00ae SH Pflanzenlampe![\/vc_column_text][vc_column_text]Bitte lesen und speichern Sie diese Kurzanleitung f\u00fcr Ihre Lampe. Sicherheit: \u00dcberpr\u00fcfen Sie die Lampe auf Transportsch\u00e4den, einschlie\u00dflich fehlender oder defekter LEDs. Schlie\u00dfen Sie eine Lampe, die einen Transportschaden erlitten hat, nicht ohne R\u00fccksprache mit uns an: https:\/\/blackdogled.eu\/contact\/ oder rufen [&hellip;]","og_url":"https:\/\/blackdogled.eu\/de\/phytomax-3-general-information\/","og_site_name":"Black Dog LED Europe","article_publisher":"https:\/\/www.facebook.com\/BlackDogLEDEurope\/","article_modified_time":"2023-12-23T14:24:28+00:00","twitter_card":"summary_large_image","twitter_misc":{"Gesch\u00e4tzte Lesezeit":"5\u00a0Minuten"},"schema":{"@context":"https:\/\/schema.org","@graph":[{"@type":"WebPage","@id":"https:\/\/blackdogled.eu\/de\/phytomax-3-general-information\/","url":"https:\/\/blackdogled.eu\/de\/phytomax-3-general-information\/","name":"PhytoMAX-3 Allgemeine Infos - Black Dog LED Europe","isPartOf":{"@id":"https:\/\/blackdogled.eu\/de\/#website"},"datePublished":"2022-04-12T12:55:27+00:00","dateModified":"2023-12-23T14:24:28+00:00","breadcrumb":{"@id":"https:\/\/blackdogled.eu\/de\/phytomax-3-general-information\/#breadcrumb"},"inLanguage":"de","potentialAction":[{"@type":"ReadAction","target":["https:\/\/blackdogled.eu\/de\/phytomax-3-general-information\/"]}]},{"@type":"BreadcrumbList","@id":"https:\/\/blackdogled.eu\/de\/phytomax-3-general-information\/#breadcrumb","itemListElement":[{"@type":"ListItem","position":1,"name":"Startseite","item":"https:\/\/blackdogled.eu\/de\/"},{"@type":"ListItem","position":2,"name":"PhytoMAX-3 Allgemeine Infos"}]},{"@type":"WebSite","@id":"https:\/\/blackdogled.eu\/de\/#website","url":"https:\/\/blackdogled.eu\/de\/","name":"Black Dog LED Europe","description":"LED Grow Lights, Growing Kits &amp; Indoor Commercial Grow Light","publisher":{"@id":"https:\/\/blackdogled.eu\/de\/#organization"},"potentialAction":[{"@type":"SearchAction","target":{"@type":"EntryPoint","urlTemplate":"https:\/\/blackdogled.eu\/de\/?s={search_term_string}"},"query-input":{"@type":"PropertyValueSpecification","valueRequired":true,"valueName":"search_term_string"}}],"inLanguage":"de"},{"@type":"Organization","@id":"https:\/\/blackdogled.eu\/de\/#organization","name":"Black Dog LED Europe","url":"https:\/\/blackdogled.eu\/de\/","logo":{"@type":"ImageObject","inLanguage":"de","@id":"https:\/\/blackdogled.eu\/de\/#\/schema\/logo\/image\/","url":"https:\/\/blackdogled.eu\/wp-content\/uploads\/2024\/03\/IG_Profilbild-2.jpg","contentUrl":"https:\/\/blackdogled.eu\/wp-content\/uploads\/2024\/03\/IG_Profilbild-2.jpg","width":1333,"height":1333,"caption":"Black Dog LED Europe"},"image":{"@id":"https:\/\/blackdogled.eu\/de\/#\/schema\/logo\/image\/"},"sameAs":["https:\/\/www.facebook.com\/BlackDogLEDEurope\/","https:\/\/www.instagram.com\/blackdogled_europe\/"]}]}},"_links":{"self":[{"href":"https:\/\/blackdogled.eu\/de\/wp-json\/wp\/v2\/pages\/23351","targetHints":{"allow":["GET"]}}],"collection":[{"href":"https:\/\/blackdogled.eu\/de\/wp-json\/wp\/v2\/pages"}],"about":[{"href":"https:\/\/blackdogled.eu\/de\/wp-json\/wp\/v2\/types\/page"}],"author":[{"embeddable":true,"href":"https:\/\/blackdogled.eu\/de\/wp-json\/wp\/v2\/users\/1"}],"replies":[{"embeddable":true,"href":"https:\/\/blackdogled.eu\/de\/wp-json\/wp\/v2\/comments?post=23351"}],"version-history":[{"count":7,"href":"https:\/\/blackdogled.eu\/de\/wp-json\/wp\/v2\/pages\/23351\/revisions"}],"predecessor-version":[{"id":23722,"href":"https:\/\/blackdogled.eu\/de\/wp-json\/wp\/v2\/pages\/23351\/revisions\/23722"}],"wp:attachment":[{"href":"https:\/\/blackdogled.eu\/de\/wp-json\/wp\/v2\/media?parent=23351"}],"curies":[{"name":"wp","href":"https:\/\/api.w.org\/{rel}","templated":true}]}}