{"id":3486,"date":"2018-06-22T07:49:10","date_gmt":"2018-06-22T05:49:10","guid":{"rendered":"https:\/\/136.243.110.204\/?page_id=3486"},"modified":"2018-09-19T10:00:38","modified_gmt":"2018-09-19T08:00:38","slug":"phytomax-2-led-pflanzenlichter","status":"publish","type":"page","link":"https:\/\/blackdogled.eu\/de\/phytomax-2-led-pflanzenlichter\/","title":{"rendered":"PhytoMAX-2 LED Pflanzenlichter"},"content":{"rendered":"<div class=\"wpb-content-wrapper\"><p>[vc_row full_width=&#8220;stretch_row&#8220;][vc_column][vc_row_inner][vc_column_inner width=&#8220;1\/6&#8243;][\/vc_column_inner][vc_column_inner width=&#8220;2\/3&#8243;][vc_custom_heading source=&#8220;post_title&#8220; font_container=&#8220;tag:h1|text_align:left&#8220; use_theme_fonts=&#8220;yes&#8220; css=&#8220;.vc_custom_1529577100124{margin-bottom: 1em !important;}&#8220;][\/vc_column_inner][vc_column_inner width=&#8220;1\/6&#8243;][\/vc_column_inner][\/vc_row_inner][\/vc_column][\/vc_row][vc_row][vc_column][vc_single_image image=&#8220;20780&#8243; img_size=&#8220;large&#8220; alignment=&#8220;center&#8220;][\/vc_column][\/vc_row][vc_row][vc_column width=&#8220;1\/6&#8243;][\/vc_column][vc_column width=&#8220;2\/3&#8243;][vc_column_text]Black Dog LED wurde gegr\u00fcndet um das perfekte Licht zum Anbau Ihrer Pflanzen zu erzeugen! Unser selbstentwickeltes Phyto-Genesis Spectrum\u00ae ist das Ergebnis jahrelanger Forschung und vieler Testgrows um ein Lichtspektrum zu entwickeln, welches Ertrag, Qualit\u00e4t und Effizienz maximiert. Die <span class=\"pmf\">PhytoMAX-2<\/span> ist eine extrem leistungsstarke und zuverl\u00e4ssige LED-Pflanzenlampe. Sie deckt das gesamte Spektrum von 365-750nm (UVA bis NIR) ab. Es werden ausschlie\u00dflich leistungsstarke 5 Watt top-bin LEDs f\u00fchrender Hersteller verbaut, um das <a href=\"http:\/\/blackdogled.eu\/de\/das-phyto-genesis-spectrum\/\">Phyto-Genesis Spectrum\u00ae<\/a> mit einzigartigen PAR-Werten zu erzeugen. Mit der <span class=\"pmf\">PhytoMAX-2<\/span> Serie hat Black Dog LED wieder einmal den h\u00f6chsten Standard in der LED-Pflanzenlampen-Industrie gesetzt!<\/p>\n<p>&nbsp;<\/p>\n<table>\n<tbody>\n<tr>\n<td>\n<ul>\n<li><strong>Hoch-effiziente 5 Watt LEDs der besten Leistungsklasse<\/strong>\n<ul>\n<li>Es werden ausschlie\u00dflich top-bin LEDs der aktuellen Marktf\u00fchrer f\u00fcr die jeweils ben\u00f6tigten Wellenl\u00e4ngen verwendet (z.B. Osram, Cree)<\/li>\n<li>Prim\u00e4re Glasoptiken er\u00f6hen die Effizienz, sorgen f\u00fcr eine lange Lebensdauer der LEDs und vereinfachen die Reinigung<\/li>\n<li>Hohe Lichtintensit\u00e4t &#8211; Wichtig zur Penetration des Bl\u00e4tterdaches, um auch tieferliegende Pflanzenteile zu erreichen<\/li>\n<li>Gleichm\u00e4\u00dfige Lichtverteilung verhindert Blattbrand und Hot Spots<\/li>\n<\/ul>\n<\/li>\n<li><strong>Industrielle Qualit\u00e4tsg\u00fcte<\/strong>\n<ul>\n<li>Gro\u00dfe K\u00fchlk\u00f6rper; wichtig f\u00fcr die Spektrumsstabilit\u00e4t, Effizienz und LED Lebensdauer<\/li>\n<li>Effiziente langlebige L\u00fcfter (&gt;70Tsd. Std)<\/li>\n<li>Gro\u00dfe homogene Ausleuchtungsfl\u00e4che<\/li>\n<\/ul>\n<\/li>\n<li><a href=\"http:\/\/blackdogled.eu\/de\/das-phyto-genesis-spectrum\/\"><strong>Phyto-Genesis Spectrum\u00ae<\/strong><\/a>\n<ul>\n<li>L\u00fcckenloses und leistungsstrkes Spektrum von UVA bis NIR (365 &#8211; 750nm)<\/li>\n<li>Ein ideales Spektrum f\u00fcr die Vegetation- &amp; Bl\u00fctephase. Keine Stagnation des Wachstums wie beim Wechsel von MH auf NDL<\/li>\n<li>Super effizientes Spektrum, entwickelt in fast 7 Jahren Forschung und unz\u00e4hligen Tests auf Anbaufl\u00e4chen<\/li>\n<li>\u00dcbertrifft locker jede Natriumdampf- und Metallhalogenlampe bei gleicher Wattzahl<\/li>\n<\/ul>\n<\/li>\n<li><strong>Beyond PAR\u2122 &#8211; UV und IR LEDs<\/strong>\n<ul>\n<li>Unabh\u00e4ngige Labortests belegen, dass mit unseren UV LEDs h\u00f6here Konzentrationen an Wirkstoffen wie Terpene, Antioxidantien\/ Vitamine und Flavonoide erzeugt werden<\/li>\n<li>IR-LEDs verst\u00e4rken die Bl\u00fchinduktion durch Phytochromanregung und erh\u00f6hen die Photosyntheserate<\/li>\n<\/ul>\n<\/li>\n<li><a href=\"http:\/\/blackdogled.eu\/de\/infos\/garantie\/\"><strong>5 Jahre Garantie<\/strong><\/a><\/li>\n<li>Wasserabweisendes Geh\u00e4use kann b\u00fcndig an der Decke montiert werden.<\/li>\n<li>Gr\u00f6\u00dfter Lichtfu\u00dfabdruck der Branche!\n<ul>\n<li>Gleichm\u00e4\u00dfige Abdeckung \u00fcber den gesamten Footprint (keine Hot Spots)<\/li>\n<\/ul>\n<\/li>\n<li>Echte 1025 Watt \/ 1602 \u03bcMol\/s Gesamtphotonenfluss!\n<ul>\n<li>Die PhytoMAX-2 1000 ist die leistungsst\u00e4rkste Wachstumsleuchte auf dem Markt.<\/li>\n<\/ul>\n<\/li>\n<\/ul>\n<\/td>\n<\/tr>\n<\/tbody>\n<\/table>\n<p>[\/vc_column_text][vc_single_image image=&#8220;20923&#8243; img_size=&#8220;full&#8220; alignment=&#8220;center&#8220; onclick=&#8220;img_link_large&#8220; img_link_target=&#8220;_blank&#8220;][vc_column_text]Die obigen Grundfl\u00e4chenberechnungen wurden f\u00fcr photoperiodensensitive Pflanzen in einer quadratischen Fl\u00e4che erstellt \\ H.H. = Aufh\u00e4ngeh\u00f6he<\/p>\n<p>* Durchschn. photosynthetische aktive Strahlung (\u03bcMol\/m\u00b2\/s) \u00fcber die gesamte Ausleuchtungsfl\u00e4che mit reflektierender Umgebeung oder benachbarten Lampen.<br \/>\n** Beim Anbau auf Fl\u00e4chen kleiner als die mittlere empfohlene Ausleuchtungsfl\u00e4che ist CO<sub>2<\/sub> Supplementierung notwendig damit die Pflanzen diese Menge an Licht auch verarbeiten k\u00f6nnen!.[\/vc_column_text][vc_single_image image=&#8220;4627&#8243; img_size=&#8220;large&#8220; onclick=&#8220;img_link_large&#8220; img_link_target=&#8220;_blank&#8220;][\/vc_column][vc_column width=&#8220;1\/6&#8243;][\/vc_column][\/vc_row][vc_row][vc_column][vc_row_inner css=&#8220;.vc_custom_1527595546339{margin-bottom: 3em !important;}&#8220;][vc_column_inner width=&#8220;1\/3&#8243;][vc_cta h2=&#8220;LED Grow Light Facts&#8220; h2_font_container=&#8220;font_size:32px|color:%23ffffff&#8220; h2_use_theme_fonts=&#8220;yes&#8220; txt_align=&#8220;center&#8220; shape=&#8220;square&#8220; style=&#8220;custom&#8220; add_button=&#8220;bottom&#8220; btn_title=&#8220;Read the FAQs&#8220; btn_style=&#8220;flat&#8220; btn_shape=&#8220;square&#8220; btn_color=&#8220;green&#8220; btn_size=&#8220;lg&#8220; btn_align=&#8220;center&#8220; btn_css_animation=&#8220;none&#8220; use_custom_fonts_h2=&#8220;true&#8220; btn_button_block=&#8220;true&#8220; btn_link=&#8220;url:http%3A%2F%2Fblackdogled.eu%2Fde%2Ff-a-q%2F|||&#8220; custom_text=&#8220;#94237b&#8220; css=&#8220;.vc_custom_1534882904208{border-top-width: 2px !important;border-right-width: 2px !important;border-bottom-width: 2px !important;border-left-width: 2px !important;border-left-color: #94237b !important;border-left-style: solid !important;border-right-color: #94237b !important;border-right-style: solid !important;border-top-color: #94237b !important;border-top-style: solid !important;border-bottom-color: #94237b !important;border-bottom-style: solid !important;}&#8220; custom_background=&#8220;rgba(0,0,0,0.01)&#8220;]<img fetchpriority=\"high\" decoding=\"async\" class=\"alignnone wp-image-3241 size-medium\" src=\"http:\/\/blackdogled.eu\/wp-content\/uploads\/2018\/05\/home-callout-3-300x199.jpg\" alt=\"\" width=\"300\" height=\"199\" \/>[\/vc_cta][\/vc_column_inner][vc_column_inner width=&#8220;1\/3&#8243;][vc_cta h2=&#8220;Leaf Surface Temperature&#8220; h2_font_container=&#8220;font_size:32px|color:%23ffffff&#8220; h2_use_theme_fonts=&#8220;yes&#8220; txt_align=&#8220;center&#8220; shape=&#8220;square&#8220; style=&#8220;custom&#8220; add_button=&#8220;bottom&#8220; btn_title=&#8220;New Research&#8220; btn_style=&#8220;flat&#8220; btn_shape=&#8220;square&#8220; btn_color=&#8220;green&#8220; btn_size=&#8220;lg&#8220; btn_align=&#8220;center&#8220; btn_css_animation=&#8220;none&#8220; use_custom_fonts_h2=&#8220;true&#8220; btn_button_block=&#8220;true&#8220; custom_text=&#8220;#94237b&#8220; css=&#8220;.vc_custom_1534882710851{border-top-width: 2px !important;border-right-width: 2px !important;border-bottom-width: 2px !important;border-left-width: 2px !important;border-left-color: #94237b !important;border-left-style: solid !important;border-right-color: #94237b !important;border-right-style: solid !important;border-top-color: #94237b !important;border-top-style: solid !important;border-bottom-color: #94237b !important;border-bottom-style: solid !important;}&#8220; custom_background=&#8220;rgba(255,255,255,0.01)&#8220; btn_link=&#8220;url:http%3A%2F%2Fblackdogled.eu%2Fde%2Fleaf-surface-temperature-and-led-grow-lights%2F|||&#8220;]<img decoding=\"async\" class=\"alignnone wp-image-3240 size-medium\" src=\"http:\/\/blackdogled.eu\/wp-content\/uploads\/2018\/05\/HPS_75F-1-300x199.jpg\" alt=\"\" width=\"300\" height=\"199\" \/>[\/vc_cta][\/vc_column_inner][vc_column_inner width=&#8220;1\/3&#8243;][vc_cta h2=&#8220;Tropenpflanzen Gallery&#8220; h2_font_container=&#8220;font_size:32px|color:%23ffffff&#8220; h2_use_theme_fonts=&#8220;yes&#8220; txt_align=&#8220;center&#8220; shape=&#8220;square&#8220; style=&#8220;custom&#8220; add_button=&#8220;bottom&#8220; btn_title=&#8220;Visit the Gallery&#8220; btn_style=&#8220;flat&#8220; btn_shape=&#8220;square&#8220; btn_color=&#8220;green&#8220; btn_size=&#8220;lg&#8220; btn_align=&#8220;center&#8220; css_animation=&#8220;none&#8220; use_custom_fonts_h2=&#8220;true&#8220; btn_button_block=&#8220;true&#8220; custom_text=&#8220;#94237b&#8220; css=&#8220;.vc_custom_1534882862235{border-top-width: 2px !important;border-right-width: 2px !important;border-bottom-width: 2px !important;border-left-width: 2px !important;background-position: center !important;background-repeat: no-repeat !important;background-size: cover !important;border-left-color: #94237b !important;border-left-style: solid !important;border-right-color: #94237b !important;border-right-style: solid !important;border-top-color: #94237b !important;border-top-style: solid !important;border-bottom-color: #94237b !important;border-bottom-style: solid !important;}&#8220; custom_background=&#8220;rgba(255,255,255,0.01)&#8220; btn_link=&#8220;url:http%3A%2F%2Fblackdogled.eu%2Fde%2Ftropenpflanzen-galerie%2F|||&#8220;]<img decoding=\"async\" class=\"alignnone size-medium wp-image-2954\" src=\"http:\/\/blackdogled.eu\/wp-content\/uploads\/2018\/04\/Flowers-4-300x199.jpg\" alt=\"\" width=\"300\" height=\"199\" \/>[\/vc_cta][\/vc_column_inner][\/vc_row_inner][\/vc_column][\/vc_row][vc_row][vc_column][vc_row_inner][vc_column_inner width=&#8220;1\/6&#8243;][\/vc_column_inner][vc_column_inner width=&#8220;2\/3&#8243;][vc_custom_heading text=&#8220;PhytoMAX-2, die LED-Pflanzenlampe f\u00fcr gewerblichen Anbau, Gew\u00e4chsh\u00e4user, Forschung und Indoor Kultivierung&#8220; font_container=&#8220;tag:h2|text_align:left|color:%23d68fbb&#8220; use_theme_fonts=&#8220;yes&#8220;][vc_column_text]Seit 2010 ist Black Dog LED der stolze Marktf\u00fchrer in der Entwicklung und Herstellung von LED-Pflanzenlampen, die das gesamte Spektrum von UV bis NIR abdecken. Die neue <span class=\"pmf\">PhytoMAX-2<\/span> Serie f\u00fchrt unsere Tradition fort die neusten Entwicklungen in der LED-Forschung aufzunehmen und umzusetzen. Nun werden die neuen high-Power 5 Watt LEDs f\u00fchrender Hersteller (z.B. Osram, Cree) und ein verbessertes K\u00fchlungssystem mit hoch-effizienten L\u00fcftern verbaut. Au\u00dferdem hat sie noch mehrere Konstruktionsverbesserungen erhalten. <span class=\"pmf\">PhytoMAX-2<\/span> kombiniert einzelne Spektren um unser neues, markenrechtlich gesch\u00fctztes <a href=\"http:\/\/blackdogled.eu\/de\/das-phyto-genesis-spectrum\/\">Phyto-Genesis-Spectrum\u2122<\/a> herzustellen. Nach \u00fcber 6 Jahren nachvollziehbarer Erfolge, erzielt die <span class=\"pmf\">PhytoMAX-2<\/span> un\u00fcbertroffene Ertr\u00e4ge in der Indoor-Anbauindustrie. Somit ist sie in Nordamerika die Pflanzenlampe der Wahl f\u00fcr Profis geworden.<\/p>\n<p>Als einer der weltweit ersten LED-Pflanzenlicht-Hersteller ist Black Dog LED verantwortlich f\u00fcr viele Innovationen, welche letztendlich den Austausch traditioneller Pflanzenlampen vorantrieben. 2010 haben wir die erste LED-Pflanzenlampe mit einem vollst\u00e4ndigen Spektrum von UV bis NIR entwickelt. Fr\u00fcher mit 3W LEDs, aber jetzt ausschlie\u00dflich mit high-power 5W Dioden.<\/p>\n<p>Aufbauend auf \u00fcber 6 Jahre Erfahrungen auf Test-Anbaufl\u00e4chen haben wir die <span class=\"pmf\">PhytoMAX-2<\/span> Lampen entwickelt und dabei die Erwartungen an LED-Pflanzenleuchten neu definiert. <span class=\"pmf\">PhytoMAX-2<\/span> verbessert Effizienz, Langlebigkeit und den Ertrag dadurch, dass die Beleuchtungsfl\u00e4che, mit einem sorgsam erstellten Spektrum, vollst\u00e4ndig und gleichm\u00e4\u00dfig ausgeleuchtet wird.<\/p>\n<p>Unsere Mission ist es, mit den heute bestehenden Forschungsergebnissen, Technologien und Innovationen, best\u00e4tigt durch Test-Anbaufl\u00e4chen, die bestm\u00f6glichsten LED-Pflanzenlampen zu bauen. Wir sind stolz darauf, dass Black Dog LED-Pflanzenlampen gegen\u00fcber allen anderen Pflanzenlampen (NDL, MH \u2026) spektral weit \u00fcberlegen sind.<\/p>\n<p>Wir sind ein 100%ig forschungsbasiertes Unternehmen und alle unsere Entwicklungen sind nachvollziehbar durch Forschung, spektrometrische Messungen, \u201e<a href=\"http:\/\/blackdogled.eu\/de\/leaf-surface-temperature-and-led-grow-lights\/\">White Papers<\/a>\u201c und-Testfl\u00e4chen. So stellen wir sicher unseren Kunden die qualitativ hochwertigen Ertr\u00e4ge zu erm\u00f6glichen, die mittlerweile von Black Dog LED erwartet werden.<\/p>\n<p>Der beste Weg herauszufinden wie gut die <span class=\"pmf\">PhytoMAX-2<\/span> Ihre Pflanzen wachsen und bl\u00fchen l\u00e4sst, ist es sie selber einfach mal auszuprobieren![\/vc_column_text][\/vc_column_inner][vc_column_inner width=&#8220;1\/6&#8243;][\/vc_column_inner][\/vc_row_inner][\/vc_column][\/vc_row]<\/p>\n<\/div>","protected":false},"excerpt":{"rendered":"<p>Erfahren Sie mehr \u00fcber unseren neuen PhytoMAX-2<\/p>\n","protected":false},"author":1,"featured_media":0,"parent":0,"menu_order":10,"comment_status":"closed","ping_status":"closed","template":"page-full-width.php","meta":{"footnotes":""},"class_list":["post-3486","page","type-page","status-publish","hentry"],"yoast_head":"<!-- This site is optimized with the Yoast SEO plugin v24.6 - https:\/\/yoast.com\/wordpress\/plugins\/seo\/ -->\n<title>PhytoMAX-2 LED Pflanzenlichter - Black Dog LED Europe<\/title>\n<meta name=\"robots\" content=\"index, follow, max-snippet:-1, max-image-preview:large, max-video-preview:-1\" \/>\n<link rel=\"canonical\" href=\"https:\/\/blackdogled.eu\/de\/phytomax-2-led-pflanzenlichter\/\" \/>\n<meta property=\"og:locale\" content=\"de_DE\" \/>\n<meta property=\"og:type\" content=\"article\" \/>\n<meta property=\"og:title\" content=\"PhytoMAX-2 LED Pflanzenlichter - Black Dog LED Europe\" \/>\n<meta property=\"og:description\" content=\"Erfahren Sie mehr \u00fcber unseren neuen PhytoMAX-2\" \/>\n<meta property=\"og:url\" content=\"https:\/\/blackdogled.eu\/de\/phytomax-2-led-pflanzenlichter\/\" \/>\n<meta property=\"og:site_name\" content=\"Black Dog LED Europe\" \/>\n<meta property=\"article:publisher\" content=\"https:\/\/www.facebook.com\/BlackDogLEDEurope\/\" \/>\n<meta property=\"article:modified_time\" content=\"2018-09-19T08:00:38+00:00\" \/>\n<meta property=\"og:image\" content=\"http:\/\/blackdogled.eu\/wp-content\/uploads\/2018\/05\/home-callout-3-300x199.jpg\" \/>\n<meta name=\"twitter:card\" content=\"summary_large_image\" \/>\n<meta name=\"twitter:label1\" content=\"Gesch\u00e4tzte Lesezeit\" \/>\n\t<meta name=\"twitter:data1\" content=\"7\u00a0Minuten\" \/>\n<script type=\"application\/ld+json\" class=\"yoast-schema-graph\">{\"@context\":\"https:\/\/schema.org\",\"@graph\":[{\"@type\":\"WebPage\",\"@id\":\"https:\/\/blackdogled.eu\/de\/phytomax-2-led-pflanzenlichter\/\",\"url\":\"https:\/\/blackdogled.eu\/de\/phytomax-2-led-pflanzenlichter\/\",\"name\":\"PhytoMAX-2 LED Pflanzenlichter - Black Dog LED Europe\",\"isPartOf\":{\"@id\":\"https:\/\/blackdogled.eu\/de\/#website\"},\"primaryImageOfPage\":{\"@id\":\"https:\/\/blackdogled.eu\/de\/phytomax-2-led-pflanzenlichter\/#primaryimage\"},\"image\":{\"@id\":\"https:\/\/blackdogled.eu\/de\/phytomax-2-led-pflanzenlichter\/#primaryimage\"},\"thumbnailUrl\":\"http:\/\/blackdogled.eu\/wp-content\/uploads\/2018\/05\/home-callout-3-300x199.jpg\",\"datePublished\":\"2018-06-22T05:49:10+00:00\",\"dateModified\":\"2018-09-19T08:00:38+00:00\",\"breadcrumb\":{\"@id\":\"https:\/\/blackdogled.eu\/de\/phytomax-2-led-pflanzenlichter\/#breadcrumb\"},\"inLanguage\":\"de\",\"potentialAction\":[{\"@type\":\"ReadAction\",\"target\":[\"https:\/\/blackdogled.eu\/de\/phytomax-2-led-pflanzenlichter\/\"]}]},{\"@type\":\"ImageObject\",\"inLanguage\":\"de\",\"@id\":\"https:\/\/blackdogled.eu\/de\/phytomax-2-led-pflanzenlichter\/#primaryimage\",\"url\":\"http:\/\/blackdogled.eu\/wp-content\/uploads\/2018\/05\/home-callout-3-300x199.jpg\",\"contentUrl\":\"http:\/\/blackdogled.eu\/wp-content\/uploads\/2018\/05\/home-callout-3-300x199.jpg\"},{\"@type\":\"BreadcrumbList\",\"@id\":\"https:\/\/blackdogled.eu\/de\/phytomax-2-led-pflanzenlichter\/#breadcrumb\",\"itemListElement\":[{\"@type\":\"ListItem\",\"position\":1,\"name\":\"Startseite\",\"item\":\"https:\/\/blackdogled.eu\/de\/\"},{\"@type\":\"ListItem\",\"position\":2,\"name\":\"PhytoMAX-2 LED Pflanzenlichter\"}]},{\"@type\":\"WebSite\",\"@id\":\"https:\/\/blackdogled.eu\/de\/#website\",\"url\":\"https:\/\/blackdogled.eu\/de\/\",\"name\":\"Black Dog LED Europe\",\"description\":\"LED Grow Lights, Growing Kits &amp; Indoor Commercial Grow Light\",\"publisher\":{\"@id\":\"https:\/\/blackdogled.eu\/de\/#organization\"},\"potentialAction\":[{\"@type\":\"SearchAction\",\"target\":{\"@type\":\"EntryPoint\",\"urlTemplate\":\"https:\/\/blackdogled.eu\/de\/?s={search_term_string}\"},\"query-input\":{\"@type\":\"PropertyValueSpecification\",\"valueRequired\":true,\"valueName\":\"search_term_string\"}}],\"inLanguage\":\"de\"},{\"@type\":\"Organization\",\"@id\":\"https:\/\/blackdogled.eu\/de\/#organization\",\"name\":\"Black Dog LED Europe\",\"url\":\"https:\/\/blackdogled.eu\/de\/\",\"logo\":{\"@type\":\"ImageObject\",\"inLanguage\":\"de\",\"@id\":\"https:\/\/blackdogled.eu\/de\/#\/schema\/logo\/image\/\",\"url\":\"https:\/\/blackdogled.eu\/wp-content\/uploads\/2024\/03\/IG_Profilbild-2.jpg\",\"contentUrl\":\"https:\/\/blackdogled.eu\/wp-content\/uploads\/2024\/03\/IG_Profilbild-2.jpg\",\"width\":1333,\"height\":1333,\"caption\":\"Black Dog LED Europe\"},\"image\":{\"@id\":\"https:\/\/blackdogled.eu\/de\/#\/schema\/logo\/image\/\"},\"sameAs\":[\"https:\/\/www.facebook.com\/BlackDogLEDEurope\/\",\"https:\/\/www.instagram.com\/blackdogled_europe\/\"]}]}<\/script>\n<!-- \/ Yoast SEO plugin. -->","yoast_head_json":{"title":"PhytoMAX-2 LED Pflanzenlichter - Black Dog LED Europe","robots":{"index":"index","follow":"follow","max-snippet":"max-snippet:-1","max-image-preview":"max-image-preview:large","max-video-preview":"max-video-preview:-1"},"canonical":"https:\/\/blackdogled.eu\/de\/phytomax-2-led-pflanzenlichter\/","og_locale":"de_DE","og_type":"article","og_title":"PhytoMAX-2 LED Pflanzenlichter - Black Dog LED Europe","og_description":"Erfahren Sie mehr \u00fcber unseren neuen PhytoMAX-2","og_url":"https:\/\/blackdogled.eu\/de\/phytomax-2-led-pflanzenlichter\/","og_site_name":"Black Dog LED Europe","article_publisher":"https:\/\/www.facebook.com\/BlackDogLEDEurope\/","article_modified_time":"2018-09-19T08:00:38+00:00","og_image":[{"url":"http:\/\/blackdogled.eu\/wp-content\/uploads\/2018\/05\/home-callout-3-300x199.jpg","type":"","width":"","height":""}],"twitter_card":"summary_large_image","twitter_misc":{"Gesch\u00e4tzte Lesezeit":"7\u00a0Minuten"},"schema":{"@context":"https:\/\/schema.org","@graph":[{"@type":"WebPage","@id":"https:\/\/blackdogled.eu\/de\/phytomax-2-led-pflanzenlichter\/","url":"https:\/\/blackdogled.eu\/de\/phytomax-2-led-pflanzenlichter\/","name":"PhytoMAX-2 LED Pflanzenlichter - Black Dog LED Europe","isPartOf":{"@id":"https:\/\/blackdogled.eu\/de\/#website"},"primaryImageOfPage":{"@id":"https:\/\/blackdogled.eu\/de\/phytomax-2-led-pflanzenlichter\/#primaryimage"},"image":{"@id":"https:\/\/blackdogled.eu\/de\/phytomax-2-led-pflanzenlichter\/#primaryimage"},"thumbnailUrl":"http:\/\/blackdogled.eu\/wp-content\/uploads\/2018\/05\/home-callout-3-300x199.jpg","datePublished":"2018-06-22T05:49:10+00:00","dateModified":"2018-09-19T08:00:38+00:00","breadcrumb":{"@id":"https:\/\/blackdogled.eu\/de\/phytomax-2-led-pflanzenlichter\/#breadcrumb"},"inLanguage":"de","potentialAction":[{"@type":"ReadAction","target":["https:\/\/blackdogled.eu\/de\/phytomax-2-led-pflanzenlichter\/"]}]},{"@type":"ImageObject","inLanguage":"de","@id":"https:\/\/blackdogled.eu\/de\/phytomax-2-led-pflanzenlichter\/#primaryimage","url":"http:\/\/blackdogled.eu\/wp-content\/uploads\/2018\/05\/home-callout-3-300x199.jpg","contentUrl":"http:\/\/blackdogled.eu\/wp-content\/uploads\/2018\/05\/home-callout-3-300x199.jpg"},{"@type":"BreadcrumbList","@id":"https:\/\/blackdogled.eu\/de\/phytomax-2-led-pflanzenlichter\/#breadcrumb","itemListElement":[{"@type":"ListItem","position":1,"name":"Startseite","item":"https:\/\/blackdogled.eu\/de\/"},{"@type":"ListItem","position":2,"name":"PhytoMAX-2 LED Pflanzenlichter"}]},{"@type":"WebSite","@id":"https:\/\/blackdogled.eu\/de\/#website","url":"https:\/\/blackdogled.eu\/de\/","name":"Black Dog LED Europe","description":"LED Grow Lights, Growing Kits &amp; Indoor Commercial Grow Light","publisher":{"@id":"https:\/\/blackdogled.eu\/de\/#organization"},"potentialAction":[{"@type":"SearchAction","target":{"@type":"EntryPoint","urlTemplate":"https:\/\/blackdogled.eu\/de\/?s={search_term_string}"},"query-input":{"@type":"PropertyValueSpecification","valueRequired":true,"valueName":"search_term_string"}}],"inLanguage":"de"},{"@type":"Organization","@id":"https:\/\/blackdogled.eu\/de\/#organization","name":"Black Dog LED Europe","url":"https:\/\/blackdogled.eu\/de\/","logo":{"@type":"ImageObject","inLanguage":"de","@id":"https:\/\/blackdogled.eu\/de\/#\/schema\/logo\/image\/","url":"https:\/\/blackdogled.eu\/wp-content\/uploads\/2024\/03\/IG_Profilbild-2.jpg","contentUrl":"https:\/\/blackdogled.eu\/wp-content\/uploads\/2024\/03\/IG_Profilbild-2.jpg","width":1333,"height":1333,"caption":"Black Dog LED Europe"},"image":{"@id":"https:\/\/blackdogled.eu\/de\/#\/schema\/logo\/image\/"},"sameAs":["https:\/\/www.facebook.com\/BlackDogLEDEurope\/","https:\/\/www.instagram.com\/blackdogled_europe\/"]}]}},"_links":{"self":[{"href":"https:\/\/blackdogled.eu\/de\/wp-json\/wp\/v2\/pages\/3486","targetHints":{"allow":["GET"]}}],"collection":[{"href":"https:\/\/blackdogled.eu\/de\/wp-json\/wp\/v2\/pages"}],"about":[{"href":"https:\/\/blackdogled.eu\/de\/wp-json\/wp\/v2\/types\/page"}],"author":[{"embeddable":true,"href":"https:\/\/blackdogled.eu\/de\/wp-json\/wp\/v2\/users\/1"}],"replies":[{"embeddable":true,"href":"https:\/\/blackdogled.eu\/de\/wp-json\/wp\/v2\/comments?post=3486"}],"version-history":[{"count":17,"href":"https:\/\/blackdogled.eu\/de\/wp-json\/wp\/v2\/pages\/3486\/revisions"}],"predecessor-version":[{"id":21920,"href":"https:\/\/blackdogled.eu\/de\/wp-json\/wp\/v2\/pages\/3486\/revisions\/21920"}],"wp:attachment":[{"href":"https:\/\/blackdogled.eu\/de\/wp-json\/wp\/v2\/media?parent=3486"}],"curies":[{"name":"wp","href":"https:\/\/api.w.org\/{rel}","templated":true}]}}