{"id":3492,"date":"2018-06-21T21:00:04","date_gmt":"2018-06-21T19:00:04","guid":{"rendered":"https:\/\/136.243.110.204\/?page_id=3492"},"modified":"2021-05-17T17:48:49","modified_gmt":"2021-05-17T15:48:49","slug":"our-partners","status":"publish","type":"page","link":"https:\/\/blackdogled.eu\/de\/infos\/our-partners\/","title":{"rendered":"Unsere Partner"},"content":{"rendered":"<div class=\"wpb-content-wrapper\"><p>[vc_row][vc_column][vc_row_inner][vc_column_inner width=&#8220;1\/6&#8243;][\/vc_column_inner][vc_column_inner width=&#8220;2\/3&#8243;][vc_custom_heading text=&#8220;&#8220; font_container=&#8220;tag:h1|text_align:center&#8220; use_theme_fonts=&#8220;yes&#8220;][vc_column_text]<\/p>\n<h4>Hier finden Sie einige Verlinkungen zu unseren Gesch\u00e4ftspartnern:<\/h4>\n<p>[\/vc_column_text][\/vc_column_inner][vc_column_inner width=&#8220;1\/6&#8243;][\/vc_column_inner][\/vc_row_inner][vc_column_text][\/vc_column_text][\/vc_column][\/vc_row][vc_row content_placement=&#8220;middle&#8220;][vc_column width=&#8220;1\/5&#8243;][\/vc_column][vc_column width=&#8220;1\/5&#8243;][vc_single_image source=&#8220;external_link&#8220; onclick=&#8220;custom_link&#8220; custom_src=&#8220;\/wp-content\/uploads\/2021\/05\/FloraKings-FF2-01-1.png&#8220; caption=&#8220;FloraKings &#8211; GrowShopTrento&#8220; link=&#8220;https:\/\/www.facebook.com\/FloraKingsGrowShopTrento\/&#8220;][vc_single_image source=&#8220;external_link&#8220; onclick=&#8220;custom_link&#8220; img_link_target=&#8220;_blank&#8220; custom_src=&#8220;\/wp-content\/uploads\/2018\/09\/Das-Rauchhaus-Bayreuth-1.jpg&#8220; caption=&#8220;Das Rauch Haus &#8211; Bayreuth, Deutschland&#8220; link=&#8220;http:\/\/ufosrauchhaus.de\/rauchhaus.html&#8220;][vc_single_image source=&#8220;external_link&#8220; onclick=&#8220;custom_link&#8220; img_link_target=&#8220;_blank&#8220; custom_src=&#8220;\/wp-content\/uploads\/2018\/09\/Hanfcenter_2-1.jpg&#8220; caption=&#8220;Hanf Center Erlangen &#8211; Bamberg, Deutschland&#8220; link=&#8220;http:\/\/www.center-erlangen.de&#8220;][vc_single_image source=&#8220;external_link&#8220; onclick=&#8220;custom_link&#8220; img_link_target=&#8220;_blank&#8220; custom_src=&#8220;\/wp-content\/uploads\/2018\/09\/Urban-Gardencenter.jpg&#8220; caption=&#8220;Urban Gardencenter &#8211; N\u00fcrnberg, Deutschland&#8220; link=&#8220;http:\/\/urban-gardencenter.de\/index.php&#8220;][vc_single_image source=&#8220;external_link&#8220; onclick=&#8220;custom_link&#8220; img_link_target=&#8220;_blank&#8220; custom_src=&#8220;\/wp-content\/uploads\/2018\/09\/DrGreen.jpg&#8220; caption=&#8220;Dr Green &#8211; Sch\u00e4rding, Ried im Innkreis, Tumeltsham, \u00d6sterreich&#8220; link=&#8220;http:\/\/drgreen.at\/&#8220;][vc_single_image source=&#8220;external_link&#8220; onclick=&#8220;custom_link&#8220; img_link_target=&#8220;_blank&#8220; custom_src=&#8220;\/wp-content\/uploads\/2018\/09\/GroLys_4-1.jpg&#8220; caption=&#8220;Gro-Lys &#8211; Kolding, Denmark&#8220; link=&#8220;http:\/\/gro-lys.dk\/&#8220;][vc_single_image source=&#8220;external_link&#8220; onclick=&#8220;custom_link&#8220; img_link_target=&#8220;_blank&#8220; custom_src=&#8220;\/wp-content\/uploads\/2018\/09\/KwekenMetLED.jpg&#8220; caption=&#8220;Kweken Met LED &#8211; Zoetermeer, Nederland&#8220; link=&#8220;http:\/\/kwekenmetled.nl\/&#8220;][vc_single_image source=&#8220;external_link&#8220; onclick=&#8220;custom_link&#8220; img_link_target=&#8220;_blank&#8220; custom_src=&#8220;\/wp-content\/uploads\/2018\/09\/puff-and-stuff-1.png&#8220; caption=&#8220;Puff and Stuff &#8211; Salzburg, \u00d6sterreich&#8220; link=&#8220;http:\/\/www.puffandstuff.at\/new\/&#8220;][vc_single_image source=&#8220;external_link&#8220; onclick=&#8220;custom_link&#8220; img_link_target=&#8220;_blank&#8220; custom_src=&#8220;\/wp-content\/uploads\/2018\/09\/wheatley-hydroponics-logo.jpg&#8220; caption=&#8220;Wheatley Hydroponics &#8211; Rayleigh, England&#8220; link=&#8220;http:\/\/www.wheatleyhydroponics.co.uk\/&#8220;][vc_single_image source=&#8220;external_link&#8220; onclick=&#8220;custom_link&#8220; img_link_target=&#8220;_blank&#8220; custom_src=&#8220;\/wp-content\/uploads\/2018\/09\/Urban-Gardening-Dublin-1.png&#8220; caption=&#8220;Urban Gardening &#8211; Dublin, Ireland&#8220; link=&#8220;http:\/\/urbangardening.ie\/&#8220;][vc_single_image source=&#8220;external_link&#8220; onclick=&#8220;custom_link&#8220; img_link_target=&#8220;_blank&#8220; custom_src=&#8220;\/wp-content\/uploads\/2018\/09\/dhvheader.jpg&#8220; link=&#8220;http:\/\/hanfverband.de\/&#8220; caption=&#8220;Deutscher Hanfverband&#8220;][vc_single_image source=&#8220;external_link&#8220; onclick=&#8220;custom_link&#8220; img_link_target=&#8220;_blank&#8220; custom_src=&#8220;\/wp-content\/uploads\/2018\/09\/logo_hanf-magazin.jpg&#8220; caption=&#8220;Hanf Magazin&#8220; link=&#8220;http:\/\/www.hanf-magazin.com\/&#8220;][vc_single_image source=&#8220;external_link&#8220; onclick=&#8220;custom_link&#8220; img_link_target=&#8220;_blank&#8220; custom_src=&#8220;\/wp-content\/uploads\/2018\/09\/El-Cultivador.jpg&#8220; caption=&#8220;El Cultivador&#8220; link=&#8220;http:\/\/elcultivador.com\/&#8220;][\/vc_column][vc_column width=&#8220;1\/5&#8243;][vc_single_image source=&#8220;external_link&#8220; onclick=&#8220;custom_link&#8220; img_link_target=&#8220;_blank&#8220; custom_src=&#8220;\/wp-content\/uploads\/2018\/09\/Smilinggreen-Logo-rund-600-x-600-1.jpg&#8220; caption=&#8220;Smilinggreen.de &#8211; Schl\u00fcchtern, Deutschland&#8220; link=&#8220;http:\/\/www.smilinggreen.de\/&#8220;][vc_single_image source=&#8220;external_link&#8220; onclick=&#8220;custom_link&#8220; img_link_target=&#8220;_blank&#8220; custom_src=&#8220;\/wp-content\/uploads\/2018\/09\/GrowArt-Regensburg-1.jpg&#8220; caption=&#8220;GrowArt &#8211; Regensburg, Deutschland&#8220; link=&#8220;http:\/\/www.growartprofitechnik.de\/&#8220;][vc_single_image source=&#8220;external_link&#8220; onclick=&#8220;custom_link&#8220; img_link_target=&#8220;_blank&#8220; custom_src=&#8220;\/wp-content\/uploads\/2018\/09\/skilledstafflogod-1.jpg&#8220; caption=&#8220;Skilled Staff &#8211; Aachen, Deutschland&#8220; link=&#8220;http:\/\/shop.skilledstaff.rocks\/&#8220;][vc_single_image source=&#8220;external_link&#8220; onclick=&#8220;custom_link&#8220; img_link_target=&#8220;_blank&#8220; custom_src=&#8220;\/wp-content\/uploads\/2018\/09\/Sheeva-1.jpg&#8220; caption=&#8220;Sheeva &#8211; Frankfurt am Main, Deutschland&#8220; link=&#8220;http:\/\/sheeva-shop.de\/&#8220;][vc_single_image source=&#8220;external_link&#8220; onclick=&#8220;custom_link&#8220; img_link_target=&#8220;_blank&#8220; custom_src=&#8220;\/wp-content\/uploads\/2018\/09\/Chacruna-1.jpg&#8220; caption=&#8220;Chacruna &#8211; Trento (TN), Bolzano (BZ), Italia&#8220; link=&#8220;http:\/\/www.chacruna.it\/wp\/&#8220;][vc_single_image source=&#8220;external_link&#8220; onclick=&#8220;custom_link&#8220; img_link_target=&#8220;_blank&#8220; custom_src=&#8220;\/wp-content\/uploads\/2018\/09\/EbboFlod-1.jpg&#8220; caption=&#8220;EbboFlod &#8211; Oxie, Sweden&#8220; link=&#8220;http:\/\/ebboflod.se\/&#8220;][vc_single_image source=&#8220;external_link&#8220; onclick=&#8220;custom_link&#8220; img_link_target=&#8220;_blank&#8220; custom_src=&#8220;\/wp-content\/uploads\/2018\/09\/HLW-logo.jpg&#8220; caption=&#8220;HET LED Warenhuis &#8211; Wierden; Nederland&#8220; link=&#8220;http:\/\/www.hetledwarenhuis.nl\/&#8220;][vc_single_image source=&#8220;external_link&#8220; onclick=&#8220;custom_link&#8220; img_link_target=&#8220;_blank&#8220; custom_src=&#8220;\/wp-content\/uploads\/2018\/09\/LED-Grow-Shop.jpg&#8220; caption=&#8220;LED Grow Shop &#8211; Plzen, Czech Republic&#8220; link=&#8220;http:\/\/www.ledgrowshop.eu\/&#8220;][vc_single_image source=&#8220;external_link&#8220; onclick=&#8220;custom_link&#8220; img_link_target=&#8220;_blank&#8220; custom_src=&#8220;\/wp-content\/uploads\/2018\/09\/linda-seeds.jpg&#8220; caption=&#8220;Linda Seeds &#8211; Alcarr\u00e1s, Espa\u00f1a&#8220; link=&#8220;https:\/\/www.linda-seeds.com\/de\/&#8220;][vc_single_image source=&#8220;external_link&#8220; onclick=&#8220;custom_link&#8220; img_link_target=&#8220;_blank&#8220; custom_src=&#8220;\/wp-content\/uploads\/2018\/09\/logo-tampe-b-128&#215;75.jpg&#8220; link=&#8220;http:\/\/www.tampe-media.com\/page3.html&#8220; caption=&#8220;Tampe Media Werbeagentur&#8220;][vc_single_image source=&#8220;external_link&#8220; onclick=&#8220;custom_link&#8220; img_link_target=&#8220;_blank&#8220; custom_src=&#8220;\/wp-content\/uploads\/2018\/09\/GrowMagazin.jpg&#8220; caption=&#8220;Grow Magazin&#8220; link=&#8220;http:\/\/www.grow.de\/home.html&#8220;][vc_single_image source=&#8220;external_link&#8220; onclick=&#8220;custom_link&#8220; img_link_target=&#8220;_blank&#8220; custom_src=&#8220;\/wp-content\/uploads\/2018\/09\/Highway-Magazin.jpg&#8220; caption=&#8220;Highway Magazin&#8220; link=&#8220;http:\/\/highway-magazin.de\/&#8220;][\/vc_column][vc_column width=&#8220;1\/5&#8243;][vc_single_image source=&#8220;external_link&#8220; onclick=&#8220;custom_link&#8220; img_link_target=&#8220;_blank&#8220; custom_src=&#8220;\/wp-content\/uploads\/2018\/09\/growlandShopLogo.jpg&#8220; caption=&#8220;Growland &#8211; Hamburg, Deutschland&#8220; link=&#8220;http:\/\/www.growland.net\/&#8220;][vc_single_image source=&#8220;external_link&#8220; onclick=&#8220;custom_link&#8220; img_link_target=&#8220;_blank&#8220; custom_src=&#8220;\/wp-content\/uploads\/2018\/09\/Head-Shop-Fantasia-1.jpg&#8220; caption=&#8220;Fantasia &#8211; Oldenburg, Deutschland&#8220; link=&#8220;http:\/\/fantasia-ol.de\/&#8220;][vc_single_image source=&#8220;external_link&#8220; onclick=&#8220;custom_link&#8220; custom_src=&#8220;\/wp-content\/uploads\/2018\/09\/Wild-und-Frei.jpg&#8220; caption=&#8220;Wild und Frei &#8211; K\u00f6ln, Deutschland&#8220; link=&#8220;http:\/\/wildundfrei-headshop.de\/&#8220;][vc_single_image source=&#8220;external_link&#8220; onclick=&#8220;custom_link&#8220; img_link_target=&#8220;_blank&#8220; custom_src=&#8220;\/wp-content\/uploads\/2018\/09\/Lichtblick-Frankfurt.jpg&#8220; caption=&#8220;Lichtblick-Frankfurt, Deutschland&#8220; link=&#8220;http:\/\/www.lichtblick-frankfurt.de\/&#8220;][vc_single_image source=&#8220;external_link&#8220; onclick=&#8220;custom_link&#8220; img_link_target=&#8220;_blank&#8220; custom_src=&#8220;\/wp-content\/uploads\/2018\/09\/Ulla-K\u00f6ln-1.jpg&#8220; caption=&#8220;ULLa K\u00f6ln, Deutschland&#8220; link=&#8220;http:\/\/www.ulla-versand.de\/&#8220;][vc_single_image source=&#8220;external_link&#8220; onclick=&#8220;custom_link&#8220; img_link_target=&#8220;_blank&#8220; custom_src=&#8220;\/wp-content\/uploads\/2018\/09\/Treefriends-1.png&#8220; caption=&#8220;Treefriends &#8211; Graz, \u00d6sterreich&#8220; link=&#8220;http:\/\/www.treefriends.at\/&#8220;][vc_single_image source=&#8220;external_link&#8220; onclick=&#8220;custom_link&#8220; img_link_target=&#8220;_blank&#8220; custom_src=&#8220;\/wp-content\/uploads\/2018\/09\/Campo-di-Canapa.jpg&#8220; caption=&#8220;Campo di Canapa &#8211; Firenze, Italia&#8220; link=&#8220;http:\/\/www.campodicanapa.it\/&#8220;][vc_single_image source=&#8220;external_link&#8220; onclick=&#8220;custom_link&#8220; img_link_target=&#8220;_blank&#8220; custom_src=&#8220;\/wp-content\/uploads\/2018\/09\/esoteric-hydroponics.jpg&#8220; caption=&#8220;Esoteric Hydroponics &#8211; Guildford, England&#8220; link=&#8220;http:\/\/www.1-hydroponics.co.uk\/&#8220;][vc_single_image source=&#8220;external_link&#8220; onclick=&#8220;custom_link&#8220; img_link_target=&#8220;_blank&#8220; custom_src=&#8220;\/wp-content\/uploads\/2018\/09\/Hotchilli.jpg&#8220; caption=&#8220;Hot Chilli &#8211; Praha, Czech Republic&#8220; link=&#8220;http:\/\/www.hotchilli.cz\/&#8220;][vc_single_image source=&#8220;external_link&#8220; onclick=&#8220;custom_link&#8220; img_link_target=&#8220;_blank&#8220; custom_src=&#8220;\/wp-content\/uploads\/2018\/09\/LED-Hydro-Solutions.jpg&#8220; caption=&#8220;LED Hydro Solutions &#8211; England&#8220; link=&#8220;http:\/\/www.ledhydrosolutions.uk\/&#8220;][vc_single_image source=&#8220;external_link&#8220; onclick=&#8220;custom_link&#8220; img_link_target=&#8220;_blank&#8220; custom_src=&#8220;\/wp-content\/uploads\/2018\/09\/LED-Paradise.jpg&#8220; caption=&#8220;LED Paradise &#8211; Nijmegen, Nederland&#8220; link=&#8220;http:\/\/www.ledparadise.eu\/&#8220;][vc_single_image source=&#8220;external_link&#8220; onclick=&#8220;custom_link&#8220; img_link_target=&#8220;_blank&#8220; custom_src=&#8220;\/wp-content\/uploads\/2018\/09\/thcene-Logo-2016-Gruenverlauf.jpg&#8220; caption=&#8220;THCene Magazin&#8220; link=&#8220;http:\/\/www.thcene.com\/&#8220;][\/vc_column][vc_column width=&#8220;1\/5&#8243;][\/vc_column][\/vc_row][vc_row][vc_column width=&#8220;1\/6&#8243;][\/vc_column][vc_column width=&#8220;2\/3&#8243;][vc_column_text]<\/p>\n<h5>Haftungsbeschr\u00e4nkung f\u00fcr externe Links<\/h5>\n<p>Unser Angebot enth\u00e4lt Links zu externen Webseiten Dritter, auf deren Inhalte wir keinen Einfluss haben. Deshalb k\u00f6nnen wir f\u00fcr diese fremden Inhalte auch keine Gew\u00e4hr \u00fcbernehmen. F\u00fcr die Inhalte der verlinkten Seiten ist stets der jeweilige Anbieter oder Betreiber der Seiten verantwortlich. Die verlinkten Seiten wurden zum Zeitpunkt der Verlinkung auf m\u00f6gliche Rechtsverst\u00f6\u00dfe \u00fcberpr\u00fcft. Rechtswidrige Inhalte waren zum Zeitpunkt der Verlinkung nicht erkennbar. Eine permanente inhaltliche Kontrolle der verlinkten Seiten ist jedoch ohne konkrete Anhaltspunkte einer Rechtsverletzung nicht zumutbar. Bei Bekanntwerden von Rechtsverletzungen werden wir derartige Links umgehend entfernen.[\/vc_column_text][\/vc_column][vc_column width=&#8220;1\/6&#8243;][\/vc_column][\/vc_row]<\/p>\n<\/div>","protected":false},"excerpt":{"rendered":"<p>About our partners and links to their Websites<\/p>\n","protected":false},"author":1,"featured_media":0,"parent":3446,"menu_order":20,"comment_status":"closed","ping_status":"closed","template":"page-full-width.php","meta":{"footnotes":""},"class_list":["post-3492","page","type-page","status-publish","hentry"],"yoast_head":"<!-- This site is optimized with the Yoast SEO plugin v24.6 - https:\/\/yoast.com\/wordpress\/plugins\/seo\/ -->\n<title>Unsere Partner - Black Dog LED Europe<\/title>\n<meta name=\"robots\" content=\"index, follow, max-snippet:-1, max-image-preview:large, max-video-preview:-1\" \/>\n<link rel=\"canonical\" href=\"https:\/\/blackdogled.eu\/de\/infos\/our-partners\/\" \/>\n<meta property=\"og:locale\" content=\"de_DE\" \/>\n<meta property=\"og:type\" content=\"article\" \/>\n<meta property=\"og:title\" content=\"Unsere Partner - Black Dog LED Europe\" \/>\n<meta property=\"og:description\" content=\"About our partners and links to their Websites\" \/>\n<meta property=\"og:url\" content=\"https:\/\/blackdogled.eu\/de\/infos\/our-partners\/\" \/>\n<meta property=\"og:site_name\" content=\"Black Dog LED Europe\" \/>\n<meta property=\"article:publisher\" content=\"https:\/\/www.facebook.com\/BlackDogLEDEurope\/\" \/>\n<meta property=\"article:modified_time\" content=\"2021-05-17T15:48:49+00:00\" \/>\n<meta name=\"twitter:card\" content=\"summary_large_image\" \/>\n<meta name=\"twitter:label1\" content=\"Gesch\u00e4tzte Lesezeit\" \/>\n\t<meta name=\"twitter:data1\" content=\"7\u00a0Minuten\" \/>\n<script type=\"application\/ld+json\" class=\"yoast-schema-graph\">{\"@context\":\"https:\/\/schema.org\",\"@graph\":[{\"@type\":\"WebPage\",\"@id\":\"https:\/\/blackdogled.eu\/de\/infos\/our-partners\/\",\"url\":\"https:\/\/blackdogled.eu\/de\/infos\/our-partners\/\",\"name\":\"Unsere Partner - Black Dog LED Europe\",\"isPartOf\":{\"@id\":\"https:\/\/blackdogled.eu\/de\/#website\"},\"datePublished\":\"2018-06-21T19:00:04+00:00\",\"dateModified\":\"2021-05-17T15:48:49+00:00\",\"breadcrumb\":{\"@id\":\"https:\/\/blackdogled.eu\/de\/infos\/our-partners\/#breadcrumb\"},\"inLanguage\":\"de\",\"potentialAction\":[{\"@type\":\"ReadAction\",\"target\":[\"https:\/\/blackdogled.eu\/de\/infos\/our-partners\/\"]}]},{\"@type\":\"BreadcrumbList\",\"@id\":\"https:\/\/blackdogled.eu\/de\/infos\/our-partners\/#breadcrumb\",\"itemListElement\":[{\"@type\":\"ListItem\",\"position\":1,\"name\":\"Startseite\",\"item\":\"https:\/\/blackdogled.eu\/de\/\"},{\"@type\":\"ListItem\",\"position\":2,\"name\":\"Infos\",\"item\":\"https:\/\/blackdogled.eu\/de\/infos\/\"},{\"@type\":\"ListItem\",\"position\":3,\"name\":\"Unsere Partner\"}]},{\"@type\":\"WebSite\",\"@id\":\"https:\/\/blackdogled.eu\/de\/#website\",\"url\":\"https:\/\/blackdogled.eu\/de\/\",\"name\":\"Black Dog LED Europe\",\"description\":\"LED Grow Lights, Growing Kits &amp; Indoor Commercial Grow Light\",\"publisher\":{\"@id\":\"https:\/\/blackdogled.eu\/de\/#organization\"},\"potentialAction\":[{\"@type\":\"SearchAction\",\"target\":{\"@type\":\"EntryPoint\",\"urlTemplate\":\"https:\/\/blackdogled.eu\/de\/?s={search_term_string}\"},\"query-input\":{\"@type\":\"PropertyValueSpecification\",\"valueRequired\":true,\"valueName\":\"search_term_string\"}}],\"inLanguage\":\"de\"},{\"@type\":\"Organization\",\"@id\":\"https:\/\/blackdogled.eu\/de\/#organization\",\"name\":\"Black Dog LED Europe\",\"url\":\"https:\/\/blackdogled.eu\/de\/\",\"logo\":{\"@type\":\"ImageObject\",\"inLanguage\":\"de\",\"@id\":\"https:\/\/blackdogled.eu\/de\/#\/schema\/logo\/image\/\",\"url\":\"https:\/\/blackdogled.eu\/wp-content\/uploads\/2024\/03\/IG_Profilbild-2.jpg\",\"contentUrl\":\"https:\/\/blackdogled.eu\/wp-content\/uploads\/2024\/03\/IG_Profilbild-2.jpg\",\"width\":1333,\"height\":1333,\"caption\":\"Black Dog LED Europe\"},\"image\":{\"@id\":\"https:\/\/blackdogled.eu\/de\/#\/schema\/logo\/image\/\"},\"sameAs\":[\"https:\/\/www.facebook.com\/BlackDogLEDEurope\/\",\"https:\/\/www.instagram.com\/blackdogled_europe\/\"]}]}<\/script>\n<!-- \/ Yoast SEO plugin. -->","yoast_head_json":{"title":"Unsere Partner - Black Dog LED Europe","robots":{"index":"index","follow":"follow","max-snippet":"max-snippet:-1","max-image-preview":"max-image-preview:large","max-video-preview":"max-video-preview:-1"},"canonical":"https:\/\/blackdogled.eu\/de\/infos\/our-partners\/","og_locale":"de_DE","og_type":"article","og_title":"Unsere Partner - Black Dog LED Europe","og_description":"About our partners and links to their Websites","og_url":"https:\/\/blackdogled.eu\/de\/infos\/our-partners\/","og_site_name":"Black Dog LED Europe","article_publisher":"https:\/\/www.facebook.com\/BlackDogLEDEurope\/","article_modified_time":"2021-05-17T15:48:49+00:00","twitter_card":"summary_large_image","twitter_misc":{"Gesch\u00e4tzte Lesezeit":"7\u00a0Minuten"},"schema":{"@context":"https:\/\/schema.org","@graph":[{"@type":"WebPage","@id":"https:\/\/blackdogled.eu\/de\/infos\/our-partners\/","url":"https:\/\/blackdogled.eu\/de\/infos\/our-partners\/","name":"Unsere Partner - Black Dog LED Europe","isPartOf":{"@id":"https:\/\/blackdogled.eu\/de\/#website"},"datePublished":"2018-06-21T19:00:04+00:00","dateModified":"2021-05-17T15:48:49+00:00","breadcrumb":{"@id":"https:\/\/blackdogled.eu\/de\/infos\/our-partners\/#breadcrumb"},"inLanguage":"de","potentialAction":[{"@type":"ReadAction","target":["https:\/\/blackdogled.eu\/de\/infos\/our-partners\/"]}]},{"@type":"BreadcrumbList","@id":"https:\/\/blackdogled.eu\/de\/infos\/our-partners\/#breadcrumb","itemListElement":[{"@type":"ListItem","position":1,"name":"Startseite","item":"https:\/\/blackdogled.eu\/de\/"},{"@type":"ListItem","position":2,"name":"Infos","item":"https:\/\/blackdogled.eu\/de\/infos\/"},{"@type":"ListItem","position":3,"name":"Unsere Partner"}]},{"@type":"WebSite","@id":"https:\/\/blackdogled.eu\/de\/#website","url":"https:\/\/blackdogled.eu\/de\/","name":"Black Dog LED Europe","description":"LED Grow Lights, Growing Kits &amp; Indoor Commercial Grow Light","publisher":{"@id":"https:\/\/blackdogled.eu\/de\/#organization"},"potentialAction":[{"@type":"SearchAction","target":{"@type":"EntryPoint","urlTemplate":"https:\/\/blackdogled.eu\/de\/?s={search_term_string}"},"query-input":{"@type":"PropertyValueSpecification","valueRequired":true,"valueName":"search_term_string"}}],"inLanguage":"de"},{"@type":"Organization","@id":"https:\/\/blackdogled.eu\/de\/#organization","name":"Black Dog LED Europe","url":"https:\/\/blackdogled.eu\/de\/","logo":{"@type":"ImageObject","inLanguage":"de","@id":"https:\/\/blackdogled.eu\/de\/#\/schema\/logo\/image\/","url":"https:\/\/blackdogled.eu\/wp-content\/uploads\/2024\/03\/IG_Profilbild-2.jpg","contentUrl":"https:\/\/blackdogled.eu\/wp-content\/uploads\/2024\/03\/IG_Profilbild-2.jpg","width":1333,"height":1333,"caption":"Black Dog LED Europe"},"image":{"@id":"https:\/\/blackdogled.eu\/de\/#\/schema\/logo\/image\/"},"sameAs":["https:\/\/www.facebook.com\/BlackDogLEDEurope\/","https:\/\/www.instagram.com\/blackdogled_europe\/"]}]}},"_links":{"self":[{"href":"https:\/\/blackdogled.eu\/de\/wp-json\/wp\/v2\/pages\/3492","targetHints":{"allow":["GET"]}}],"collection":[{"href":"https:\/\/blackdogled.eu\/de\/wp-json\/wp\/v2\/pages"}],"about":[{"href":"https:\/\/blackdogled.eu\/de\/wp-json\/wp\/v2\/types\/page"}],"author":[{"embeddable":true,"href":"https:\/\/blackdogled.eu\/de\/wp-json\/wp\/v2\/users\/1"}],"replies":[{"embeddable":true,"href":"https:\/\/blackdogled.eu\/de\/wp-json\/wp\/v2\/comments?post=3492"}],"version-history":[{"count":21,"href":"https:\/\/blackdogled.eu\/de\/wp-json\/wp\/v2\/pages\/3492\/revisions"}],"predecessor-version":[{"id":22957,"href":"https:\/\/blackdogled.eu\/de\/wp-json\/wp\/v2\/pages\/3492\/revisions\/22957"}],"up":[{"embeddable":true,"href":"https:\/\/blackdogled.eu\/de\/wp-json\/wp\/v2\/pages\/3446"}],"wp:attachment":[{"href":"https:\/\/blackdogled.eu\/de\/wp-json\/wp\/v2\/media?parent=3492"}],"curies":[{"name":"wp","href":"https:\/\/api.w.org\/{rel}","templated":true}]}}