{"id":3495,"date":"2018-06-22T08:01:36","date_gmt":"2018-06-22T06:01:36","guid":{"rendered":"https:\/\/136.243.110.204\/?page_id=3495"},"modified":"2018-08-21T15:43:30","modified_gmt":"2018-08-21T13:43:30","slug":"infos-fuer-haendler","status":"publish","type":"page","link":"https:\/\/blackdogled.eu\/de\/infos\/infos-fuer-haendler\/","title":{"rendered":"Infos f\u00fcr H\u00e4ndler"},"content":{"rendered":"<div class=\"wpb-content-wrapper\"><p>[vc_row][vc_column][vc_row_inner][vc_column_inner width=&#8220;1\/6&#8243;][\/vc_column_inner][vc_column_inner width=&#8220;2\/3&#8243;][vc_custom_heading source=&#8220;post_title&#8220; font_container=&#8220;tag:h1|text_align:left&#8220; use_theme_fonts=&#8220;yes&#8220; css=&#8220;.vc_custom_1529574752496{margin-bottom: 1em !important;}&#8220;][vc_column_text]Black Dog LED glaubt an die Gemeinschaft rund um den Indoor-Gartenbau und ein wichtiger Teil dieser Gemeinschaft ist der Einzelhandel. Einzelhandelsgesch\u00e4fte wie Hydro Shops liefern nicht nur die Ausr\u00fcstung und andere Anbaumaterialien, sie geben auch fachkundige Ratschl\u00e4ge und helfen neuen Z\u00fcchtern, in das lohnende Hobby des Indoor-Gartenbaus einzusteigen.<\/p>\n<p>Wir glauben an die Unterst\u00fctzung dieses Teils der Indoor-Garten-Community, indem wir Gro\u00dfhandels- und Partnerprogramme f\u00fcr jede qualifizierte und lizenzierte Organisation anbieten. Wenn Sie an weiteren Informationen \u00fcber unser Gro\u00dfhandelsprogramm interessiert sind, kontaktieren Sie uns bitte \u00fcber unser <a href=\"https:\/\/blackdogled.eu\/de\/kontakt\/\">Kontaktformular<\/a>.[\/vc_column_text][\/vc_column_inner][vc_column_inner width=&#8220;1\/6&#8243;][\/vc_column_inner][\/vc_row_inner][\/vc_column][\/vc_row]<\/p>\n<\/div>","protected":false},"excerpt":{"rendered":"<p>Black Dog LED glaubt an die Gemeinschaft rund um den Indoor-Gartenbau<\/p>\n","protected":false},"author":1,"featured_media":0,"parent":3446,"menu_order":30,"comment_status":"closed","ping_status":"closed","template":"page-full-width.php","meta":{"footnotes":""},"class_list":["post-3495","page","type-page","status-publish","hentry"],"yoast_head":"<!-- This site is optimized with the Yoast SEO plugin v24.6 - https:\/\/yoast.com\/wordpress\/plugins\/seo\/ -->\n<title>Infos f\u00fcr H\u00e4ndler - Black Dog LED Europe<\/title>\n<meta name=\"robots\" content=\"index, follow, max-snippet:-1, max-image-preview:large, max-video-preview:-1\" \/>\n<link rel=\"canonical\" href=\"https:\/\/blackdogled.eu\/de\/infos\/infos-fuer-haendler\/\" \/>\n<meta property=\"og:locale\" content=\"de_DE\" \/>\n<meta property=\"og:type\" content=\"article\" \/>\n<meta property=\"og:title\" content=\"Infos f\u00fcr H\u00e4ndler - Black Dog LED Europe\" \/>\n<meta property=\"og:description\" content=\"Black Dog LED glaubt an die Gemeinschaft rund um den Indoor-Gartenbau\" \/>\n<meta property=\"og:url\" content=\"https:\/\/blackdogled.eu\/de\/infos\/infos-fuer-haendler\/\" \/>\n<meta property=\"og:site_name\" content=\"Black Dog LED Europe\" \/>\n<meta property=\"article:publisher\" content=\"https:\/\/www.facebook.com\/BlackDogLEDEurope\/\" \/>\n<meta property=\"article:modified_time\" content=\"2018-08-21T13:43:30+00:00\" \/>\n<meta name=\"twitter:card\" content=\"summary_large_image\" \/>\n<meta name=\"twitter:label1\" content=\"Gesch\u00e4tzte Lesezeit\" \/>\n\t<meta name=\"twitter:data1\" content=\"1\u00a0Minute\" \/>\n<script type=\"application\/ld+json\" class=\"yoast-schema-graph\">{\"@context\":\"https:\/\/schema.org\",\"@graph\":[{\"@type\":\"WebPage\",\"@id\":\"https:\/\/blackdogled.eu\/de\/infos\/infos-fuer-haendler\/\",\"url\":\"https:\/\/blackdogled.eu\/de\/infos\/infos-fuer-haendler\/\",\"name\":\"Infos f\u00fcr H\u00e4ndler - Black Dog LED Europe\",\"isPartOf\":{\"@id\":\"https:\/\/blackdogled.eu\/de\/#website\"},\"datePublished\":\"2018-06-22T06:01:36+00:00\",\"dateModified\":\"2018-08-21T13:43:30+00:00\",\"breadcrumb\":{\"@id\":\"https:\/\/blackdogled.eu\/de\/infos\/infos-fuer-haendler\/#breadcrumb\"},\"inLanguage\":\"de\",\"potentialAction\":[{\"@type\":\"ReadAction\",\"target\":[\"https:\/\/blackdogled.eu\/de\/infos\/infos-fuer-haendler\/\"]}]},{\"@type\":\"BreadcrumbList\",\"@id\":\"https:\/\/blackdogled.eu\/de\/infos\/infos-fuer-haendler\/#breadcrumb\",\"itemListElement\":[{\"@type\":\"ListItem\",\"position\":1,\"name\":\"Startseite\",\"item\":\"https:\/\/blackdogled.eu\/de\/\"},{\"@type\":\"ListItem\",\"position\":2,\"name\":\"Infos\",\"item\":\"https:\/\/blackdogled.eu\/de\/infos\/\"},{\"@type\":\"ListItem\",\"position\":3,\"name\":\"Infos f\u00fcr H\u00e4ndler\"}]},{\"@type\":\"WebSite\",\"@id\":\"https:\/\/blackdogled.eu\/de\/#website\",\"url\":\"https:\/\/blackdogled.eu\/de\/\",\"name\":\"Black Dog LED Europe\",\"description\":\"LED Grow Lights, Growing Kits &amp; Indoor Commercial Grow Light\",\"publisher\":{\"@id\":\"https:\/\/blackdogled.eu\/de\/#organization\"},\"potentialAction\":[{\"@type\":\"SearchAction\",\"target\":{\"@type\":\"EntryPoint\",\"urlTemplate\":\"https:\/\/blackdogled.eu\/de\/?s={search_term_string}\"},\"query-input\":{\"@type\":\"PropertyValueSpecification\",\"valueRequired\":true,\"valueName\":\"search_term_string\"}}],\"inLanguage\":\"de\"},{\"@type\":\"Organization\",\"@id\":\"https:\/\/blackdogled.eu\/de\/#organization\",\"name\":\"Black Dog LED Europe\",\"url\":\"https:\/\/blackdogled.eu\/de\/\",\"logo\":{\"@type\":\"ImageObject\",\"inLanguage\":\"de\",\"@id\":\"https:\/\/blackdogled.eu\/de\/#\/schema\/logo\/image\/\",\"url\":\"https:\/\/blackdogled.eu\/wp-content\/uploads\/2024\/03\/IG_Profilbild-2.jpg\",\"contentUrl\":\"https:\/\/blackdogled.eu\/wp-content\/uploads\/2024\/03\/IG_Profilbild-2.jpg\",\"width\":1333,\"height\":1333,\"caption\":\"Black Dog LED Europe\"},\"image\":{\"@id\":\"https:\/\/blackdogled.eu\/de\/#\/schema\/logo\/image\/\"},\"sameAs\":[\"https:\/\/www.facebook.com\/BlackDogLEDEurope\/\",\"https:\/\/www.instagram.com\/blackdogled_europe\/\"]}]}<\/script>\n<!-- \/ Yoast SEO plugin. -->","yoast_head_json":{"title":"Infos f\u00fcr H\u00e4ndler - Black Dog LED Europe","robots":{"index":"index","follow":"follow","max-snippet":"max-snippet:-1","max-image-preview":"max-image-preview:large","max-video-preview":"max-video-preview:-1"},"canonical":"https:\/\/blackdogled.eu\/de\/infos\/infos-fuer-haendler\/","og_locale":"de_DE","og_type":"article","og_title":"Infos f\u00fcr H\u00e4ndler - Black Dog LED Europe","og_description":"Black Dog LED glaubt an die Gemeinschaft rund um den Indoor-Gartenbau","og_url":"https:\/\/blackdogled.eu\/de\/infos\/infos-fuer-haendler\/","og_site_name":"Black Dog LED Europe","article_publisher":"https:\/\/www.facebook.com\/BlackDogLEDEurope\/","article_modified_time":"2018-08-21T13:43:30+00:00","twitter_card":"summary_large_image","twitter_misc":{"Gesch\u00e4tzte Lesezeit":"1\u00a0Minute"},"schema":{"@context":"https:\/\/schema.org","@graph":[{"@type":"WebPage","@id":"https:\/\/blackdogled.eu\/de\/infos\/infos-fuer-haendler\/","url":"https:\/\/blackdogled.eu\/de\/infos\/infos-fuer-haendler\/","name":"Infos f\u00fcr H\u00e4ndler - Black Dog LED Europe","isPartOf":{"@id":"https:\/\/blackdogled.eu\/de\/#website"},"datePublished":"2018-06-22T06:01:36+00:00","dateModified":"2018-08-21T13:43:30+00:00","breadcrumb":{"@id":"https:\/\/blackdogled.eu\/de\/infos\/infos-fuer-haendler\/#breadcrumb"},"inLanguage":"de","potentialAction":[{"@type":"ReadAction","target":["https:\/\/blackdogled.eu\/de\/infos\/infos-fuer-haendler\/"]}]},{"@type":"BreadcrumbList","@id":"https:\/\/blackdogled.eu\/de\/infos\/infos-fuer-haendler\/#breadcrumb","itemListElement":[{"@type":"ListItem","position":1,"name":"Startseite","item":"https:\/\/blackdogled.eu\/de\/"},{"@type":"ListItem","position":2,"name":"Infos","item":"https:\/\/blackdogled.eu\/de\/infos\/"},{"@type":"ListItem","position":3,"name":"Infos f\u00fcr H\u00e4ndler"}]},{"@type":"WebSite","@id":"https:\/\/blackdogled.eu\/de\/#website","url":"https:\/\/blackdogled.eu\/de\/","name":"Black Dog LED Europe","description":"LED Grow Lights, Growing Kits &amp; Indoor Commercial Grow Light","publisher":{"@id":"https:\/\/blackdogled.eu\/de\/#organization"},"potentialAction":[{"@type":"SearchAction","target":{"@type":"EntryPoint","urlTemplate":"https:\/\/blackdogled.eu\/de\/?s={search_term_string}"},"query-input":{"@type":"PropertyValueSpecification","valueRequired":true,"valueName":"search_term_string"}}],"inLanguage":"de"},{"@type":"Organization","@id":"https:\/\/blackdogled.eu\/de\/#organization","name":"Black Dog LED Europe","url":"https:\/\/blackdogled.eu\/de\/","logo":{"@type":"ImageObject","inLanguage":"de","@id":"https:\/\/blackdogled.eu\/de\/#\/schema\/logo\/image\/","url":"https:\/\/blackdogled.eu\/wp-content\/uploads\/2024\/03\/IG_Profilbild-2.jpg","contentUrl":"https:\/\/blackdogled.eu\/wp-content\/uploads\/2024\/03\/IG_Profilbild-2.jpg","width":1333,"height":1333,"caption":"Black Dog LED Europe"},"image":{"@id":"https:\/\/blackdogled.eu\/de\/#\/schema\/logo\/image\/"},"sameAs":["https:\/\/www.facebook.com\/BlackDogLEDEurope\/","https:\/\/www.instagram.com\/blackdogled_europe\/"]}]}},"_links":{"self":[{"href":"https:\/\/blackdogled.eu\/de\/wp-json\/wp\/v2\/pages\/3495","targetHints":{"allow":["GET"]}}],"collection":[{"href":"https:\/\/blackdogled.eu\/de\/wp-json\/wp\/v2\/pages"}],"about":[{"href":"https:\/\/blackdogled.eu\/de\/wp-json\/wp\/v2\/types\/page"}],"author":[{"embeddable":true,"href":"https:\/\/blackdogled.eu\/de\/wp-json\/wp\/v2\/users\/1"}],"replies":[{"embeddable":true,"href":"https:\/\/blackdogled.eu\/de\/wp-json\/wp\/v2\/comments?post=3495"}],"version-history":[{"count":6,"href":"https:\/\/blackdogled.eu\/de\/wp-json\/wp\/v2\/pages\/3495\/revisions"}],"predecessor-version":[{"id":21114,"href":"https:\/\/blackdogled.eu\/de\/wp-json\/wp\/v2\/pages\/3495\/revisions\/21114"}],"up":[{"embeddable":true,"href":"https:\/\/blackdogled.eu\/de\/wp-json\/wp\/v2\/pages\/3446"}],"wp:attachment":[{"href":"https:\/\/blackdogled.eu\/de\/wp-json\/wp\/v2\/media?parent=3495"}],"curies":[{"name":"wp","href":"https:\/\/api.w.org\/{rel}","templated":true}]}}