{"id":3497,"date":"2018-06-22T08:07:04","date_gmt":"2018-06-22T06:07:04","guid":{"rendered":"https:\/\/136.243.110.204\/?page_id=3497"},"modified":"2018-08-29T12:22:12","modified_gmt":"2018-08-29T10:22:12","slug":"black-dog-led-u-s-a","status":"publish","type":"page","link":"https:\/\/blackdogled.eu\/de\/black-dog-led-u-s-a\/","title":{"rendered":"Black Dog LED U.S.A."},"content":{"rendered":"<div class=\"wpb-content-wrapper\"><p>[vc_row][vc_column][vc_row_inner][vc_column_inner width=&#8220;1\/6&#8243;][\/vc_column_inner][vc_column_inner width=&#8220;2\/3&#8243;][vc_custom_heading source=&#8220;post_title&#8220; font_container=&#8220;tag:h1|text_align:left&#8220; use_theme_fonts=&#8220;yes&#8220; css=&#8220;.vc_custom_1529575188885{margin-bottom: 1em !important;}&#8220;][vc_column_text]<\/p>\n<h5><strong>Achtung: Sie verlassen nun BlackDogLED.eu<\/strong><\/h5>\n<p><strong>Sie werden auf blackdogled.com, der Hompage von BlackDogLED USA weitergeleitet<\/strong>, auf deren Inhalte wir keinen Einfluss haben. Deshalb k\u00f6nnen wir f\u00fcr diese fremden Inhalte auch keine Gew\u00e4hr \u00fcbernehmen. F\u00fcr die Inhalte der verlinkten Seiten ist stets der jeweilige Anbieter oder Betreiber der Seiten verantwortlich. Die verlinkten Seiten wurden zum Zeitpunkt der Verlinkung auf m\u00f6gliche Rechtsverst\u00f6\u00dfe \u00fcberpr\u00fcft. Rechtswidrige Inhalte waren zum Zeitpunkt der Verlinkung nicht erkennbar. Eine permanente inhaltliche Kontrolle der verlinkten Seiten ist jedoch ohne konkrete Anhaltspunkte einer Rechtsverletzung nicht zumutbar. Bei Bekanntwerden von Rechtsverletzungen werden wir derartige Links umgehend entfernen.[\/vc_column_text][vc_btn title=&#8220;www.blackdogled.com besuchen&#8220; style=&#8220;outline&#8220; shape=&#8220;square&#8220; color=&#8220;purple&#8220; size=&#8220;lg&#8220; align=&#8220;center&#8220; css_animation=&#8220;fadeIn&#8220; link=&#8220;url:https%3A%2F%2Fwww.blackdogled.com%2F||target:%20_blank|&#8220; el_class=&#8220;confirmation&#8220;][vc_raw_js]JTNDc2NyaXB0JTIwdHlwZSUzRCUyMnRleHQlMkZqYXZhc2NyaXB0JTIyJTNFJTBBdmFyJTIwdGV4dCUyMCUzRCUyMCUyN0FjaHR1bmclM0ElMjBTaWUlMjB2ZXJsYXNzZW4lMjBudW4lMjBCbGFja0RvZ0xFRC5ldSUyMFNpZSUyMHdlcmRlbiUyMGF1ZiUyMGJsYWNrZG9nbGVkLmNvbSUyQyUyMGRlciUyMEhvbXBhZ2UlMjB2b24lMjBCbGFja0RvZ0xFRCUyMFVTQSUyMHdlaXRlcmdlbGVpdGV0JTJDJTIwYXVmJTIwZGVyZW4lMjBJbmhhbHRlJTIwd2lyJTIwa2VpbmVuJTIwRWluZmx1c3MlMjBoYWJlbi4lMjBEZXNoYWxiJTIwayVDMyVCNm5uZW4lMjB3aXIlMjBmJUMzJUJDciUyMGRpZXNlJTIwZnJlbWRlbiUyMEluaGFsdGUlMjBhdWNoJTIwa2VpbmUlMjBHZXclQzMlQTRociUyMCVDMyVCQ2Jlcm5laG1lbi4lMjBGJUMzJUJDciUyMGRpZSUyMEluaGFsdGUlMjBkZXIlMjB2ZXJsaW5rdGVuJTIwU2VpdGVuJTIwaXN0JTIwc3RldHMlMjBkZXIlMjBqZXdlaWxpZ2UlMjBBbmJpZXRlciUyMG9kZXIlMjBCZXRyZWliZXIlMjBkZXIlMjBTZWl0ZW4lMjB2ZXJhbnR3b3J0bGljaC4lMjBEaWUlMjB2ZXJsaW5rdGVuJTIwU2VpdGVuJTIwd3VyZGVuJTIwenVtJTIwWmVpdHB1bmt0JTIwZGVyJTIwVmVybGlua3VuZyUyMGF1ZiUyMG0lQzMlQjZnbGljaGUlMjBSZWNodHN2ZXJzdCVDMyVCNiVDMyU5RmUlMjAlQzMlQkNiZXJwciVDMyVCQ2Z0LiUyMFJlY2h0c3dpZHJpZ2UlMjBJbmhhbHRlJTIwd2FyZW4lMjB6dW0lMjBaZWl0cHVua3QlMjBkZXIlMjBWZXJsaW5rdW5nJTIwbmljaHQlMjBlcmtlbm5iYXIuJTIwRWluZSUyMHBlcm1hbmVudGUlMjBpbmhhbHRsaWNoZSUyMEtvbnRyb2xsZSUyMGRlciUyMHZlcmxpbmt0ZW4lMjBTZWl0ZW4lMjBpc3QlMjBqZWRvY2glMjBvaG5lJTIwa29ua3JldGUlMjBBbmhhbHRzcHVua3RlJTIwZWluZXIlMjBSZWNodHN2ZXJsZXR6dW5nJTIwbmljaHQlMjB6dW11dGJhci4lMjBCZWklMjBCZWthbm50d2VyZGVuJTIwdm9uJTIwUmVjaHRzdmVybGV0enVuZ2VuJTIwd2VyZGVuJTIwd2lyJTIwZGVyYXJ0aWdlJTIwTGlua3MlMjB1bWdlaGVuZCUyMGVudGZlcm5lbi4lMjclM0IlMEElMjAlMjAlMjAlMjB2YXIlMjBlbGVtcyUyMCUzRCUyMGRvY3VtZW50LmdldEVsZW1lbnRzQnlDbGFzc05hbWUlMjglMjdjb25maXJtYXRpb24lMjclMjklM0IlMEElMjAlMjAlMjAlMjB2YXIlMjBjb25maXJtSXQlMjAlM0QlMjBmdW5jdGlvbiUyMCUyOGUlMjklMjAlN0IlMEElMjAlMjAlMjAlMjAlMjAlMjAlMjAlMjBpZiUyMCUyOCUyMWNvbmZpcm0lMjh0ZXh0JTI5JTI5JTIwZS5wcmV2ZW50RGVmYXVsdCUyOCUyOSUzQiUwQSUyMCUyMCUyMCUyMCU3RCUzQiUwQSUyMCUyMCUyMCUyMGZvciUyMCUyOHZhciUyMGklMjAlM0QlMjAwJTJDJTIwbCUyMCUzRCUyMGVsZW1zLmxlbmd0aCUzQiUyMGklMjAlM0MlMjBsJTNCJTIwaSUyQiUyQiUyOSUyMCU3QiUwQSUyMCUyMCUyMCUyMCUyMCUyMCUyMCUyMGVsZW1zJTVCaSU1RC5hZGRFdmVudExpc3RlbmVyJTI4JTI3Y2xpY2slMjclMkMlMjBjb25maXJtSXQlMkMlMjBmYWxzZSUyOSUzQiUwQSUyMCUyMCUyMCUyMCU3RCUwQSUzQyUyRnNjcmlwdCUzRQ==[\/vc_raw_js][\/vc_column_inner][vc_column_inner width=&#8220;1\/6&#8243;][\/vc_column_inner][\/vc_row_inner][\/vc_column][\/vc_row]<\/p>\n<\/div>","protected":false},"excerpt":{"rendered":"<p>Erfahren Sie mehr \u00fcber Black Dog LED U.S.A. &#8230;<\/p>\n","protected":false},"author":1,"featured_media":0,"parent":0,"menu_order":33,"comment_status":"closed","ping_status":"closed","template":"page-full-width.php","meta":{"footnotes":""},"class_list":["post-3497","page","type-page","status-publish","hentry"],"yoast_head":"<!-- This site is optimized with the Yoast SEO plugin v24.6 - https:\/\/yoast.com\/wordpress\/plugins\/seo\/ -->\n<title>Black Dog LED U.S.A. - Black Dog LED Europe<\/title>\n<meta name=\"robots\" content=\"index, follow, max-snippet:-1, max-image-preview:large, max-video-preview:-1\" \/>\n<link rel=\"canonical\" href=\"https:\/\/blackdogled.eu\/de\/black-dog-led-u-s-a\/\" \/>\n<meta property=\"og:locale\" content=\"de_DE\" \/>\n<meta property=\"og:type\" content=\"article\" \/>\n<meta property=\"og:title\" content=\"Black Dog LED U.S.A. - Black Dog LED Europe\" \/>\n<meta property=\"og:description\" content=\"Erfahren Sie mehr \u00fcber Black Dog LED U.S.A. ...\" \/>\n<meta property=\"og:url\" content=\"https:\/\/blackdogled.eu\/de\/black-dog-led-u-s-a\/\" \/>\n<meta property=\"og:site_name\" content=\"Black Dog LED Europe\" \/>\n<meta property=\"article:publisher\" content=\"https:\/\/www.facebook.com\/BlackDogLEDEurope\/\" \/>\n<meta property=\"article:modified_time\" content=\"2018-08-29T10:22:12+00:00\" \/>\n<meta name=\"twitter:card\" content=\"summary_large_image\" \/>\n<meta name=\"twitter:label1\" content=\"Gesch\u00e4tzte Lesezeit\" \/>\n\t<meta name=\"twitter:data1\" content=\"2\u00a0Minuten\" \/>\n<script type=\"application\/ld+json\" class=\"yoast-schema-graph\">{\"@context\":\"https:\/\/schema.org\",\"@graph\":[{\"@type\":\"WebPage\",\"@id\":\"https:\/\/blackdogled.eu\/de\/black-dog-led-u-s-a\/\",\"url\":\"https:\/\/blackdogled.eu\/de\/black-dog-led-u-s-a\/\",\"name\":\"Black Dog LED U.S.A. - Black Dog LED Europe\",\"isPartOf\":{\"@id\":\"https:\/\/blackdogled.eu\/de\/#website\"},\"datePublished\":\"2018-06-22T06:07:04+00:00\",\"dateModified\":\"2018-08-29T10:22:12+00:00\",\"breadcrumb\":{\"@id\":\"https:\/\/blackdogled.eu\/de\/black-dog-led-u-s-a\/#breadcrumb\"},\"inLanguage\":\"de\",\"potentialAction\":[{\"@type\":\"ReadAction\",\"target\":[\"https:\/\/blackdogled.eu\/de\/black-dog-led-u-s-a\/\"]}]},{\"@type\":\"BreadcrumbList\",\"@id\":\"https:\/\/blackdogled.eu\/de\/black-dog-led-u-s-a\/#breadcrumb\",\"itemListElement\":[{\"@type\":\"ListItem\",\"position\":1,\"name\":\"Startseite\",\"item\":\"https:\/\/blackdogled.eu\/de\/\"},{\"@type\":\"ListItem\",\"position\":2,\"name\":\"Black Dog LED U.S.A.\"}]},{\"@type\":\"WebSite\",\"@id\":\"https:\/\/blackdogled.eu\/de\/#website\",\"url\":\"https:\/\/blackdogled.eu\/de\/\",\"name\":\"Black Dog LED Europe\",\"description\":\"LED Grow Lights, Growing Kits &amp; Indoor Commercial Grow Light\",\"publisher\":{\"@id\":\"https:\/\/blackdogled.eu\/de\/#organization\"},\"potentialAction\":[{\"@type\":\"SearchAction\",\"target\":{\"@type\":\"EntryPoint\",\"urlTemplate\":\"https:\/\/blackdogled.eu\/de\/?s={search_term_string}\"},\"query-input\":{\"@type\":\"PropertyValueSpecification\",\"valueRequired\":true,\"valueName\":\"search_term_string\"}}],\"inLanguage\":\"de\"},{\"@type\":\"Organization\",\"@id\":\"https:\/\/blackdogled.eu\/de\/#organization\",\"name\":\"Black Dog LED Europe\",\"url\":\"https:\/\/blackdogled.eu\/de\/\",\"logo\":{\"@type\":\"ImageObject\",\"inLanguage\":\"de\",\"@id\":\"https:\/\/blackdogled.eu\/de\/#\/schema\/logo\/image\/\",\"url\":\"https:\/\/blackdogled.eu\/wp-content\/uploads\/2024\/03\/IG_Profilbild-2.jpg\",\"contentUrl\":\"https:\/\/blackdogled.eu\/wp-content\/uploads\/2024\/03\/IG_Profilbild-2.jpg\",\"width\":1333,\"height\":1333,\"caption\":\"Black Dog LED Europe\"},\"image\":{\"@id\":\"https:\/\/blackdogled.eu\/de\/#\/schema\/logo\/image\/\"},\"sameAs\":[\"https:\/\/www.facebook.com\/BlackDogLEDEurope\/\",\"https:\/\/www.instagram.com\/blackdogled_europe\/\"]}]}<\/script>\n<!-- \/ Yoast SEO plugin. -->","yoast_head_json":{"title":"Black Dog LED U.S.A. - Black Dog LED Europe","robots":{"index":"index","follow":"follow","max-snippet":"max-snippet:-1","max-image-preview":"max-image-preview:large","max-video-preview":"max-video-preview:-1"},"canonical":"https:\/\/blackdogled.eu\/de\/black-dog-led-u-s-a\/","og_locale":"de_DE","og_type":"article","og_title":"Black Dog LED U.S.A. - Black Dog LED Europe","og_description":"Erfahren Sie mehr \u00fcber Black Dog LED U.S.A. ...","og_url":"https:\/\/blackdogled.eu\/de\/black-dog-led-u-s-a\/","og_site_name":"Black Dog LED Europe","article_publisher":"https:\/\/www.facebook.com\/BlackDogLEDEurope\/","article_modified_time":"2018-08-29T10:22:12+00:00","twitter_card":"summary_large_image","twitter_misc":{"Gesch\u00e4tzte Lesezeit":"2\u00a0Minuten"},"schema":{"@context":"https:\/\/schema.org","@graph":[{"@type":"WebPage","@id":"https:\/\/blackdogled.eu\/de\/black-dog-led-u-s-a\/","url":"https:\/\/blackdogled.eu\/de\/black-dog-led-u-s-a\/","name":"Black Dog LED U.S.A. - Black Dog LED Europe","isPartOf":{"@id":"https:\/\/blackdogled.eu\/de\/#website"},"datePublished":"2018-06-22T06:07:04+00:00","dateModified":"2018-08-29T10:22:12+00:00","breadcrumb":{"@id":"https:\/\/blackdogled.eu\/de\/black-dog-led-u-s-a\/#breadcrumb"},"inLanguage":"de","potentialAction":[{"@type":"ReadAction","target":["https:\/\/blackdogled.eu\/de\/black-dog-led-u-s-a\/"]}]},{"@type":"BreadcrumbList","@id":"https:\/\/blackdogled.eu\/de\/black-dog-led-u-s-a\/#breadcrumb","itemListElement":[{"@type":"ListItem","position":1,"name":"Startseite","item":"https:\/\/blackdogled.eu\/de\/"},{"@type":"ListItem","position":2,"name":"Black Dog LED U.S.A."}]},{"@type":"WebSite","@id":"https:\/\/blackdogled.eu\/de\/#website","url":"https:\/\/blackdogled.eu\/de\/","name":"Black Dog LED Europe","description":"LED Grow Lights, Growing Kits &amp; Indoor Commercial Grow Light","publisher":{"@id":"https:\/\/blackdogled.eu\/de\/#organization"},"potentialAction":[{"@type":"SearchAction","target":{"@type":"EntryPoint","urlTemplate":"https:\/\/blackdogled.eu\/de\/?s={search_term_string}"},"query-input":{"@type":"PropertyValueSpecification","valueRequired":true,"valueName":"search_term_string"}}],"inLanguage":"de"},{"@type":"Organization","@id":"https:\/\/blackdogled.eu\/de\/#organization","name":"Black Dog LED Europe","url":"https:\/\/blackdogled.eu\/de\/","logo":{"@type":"ImageObject","inLanguage":"de","@id":"https:\/\/blackdogled.eu\/de\/#\/schema\/logo\/image\/","url":"https:\/\/blackdogled.eu\/wp-content\/uploads\/2024\/03\/IG_Profilbild-2.jpg","contentUrl":"https:\/\/blackdogled.eu\/wp-content\/uploads\/2024\/03\/IG_Profilbild-2.jpg","width":1333,"height":1333,"caption":"Black Dog LED Europe"},"image":{"@id":"https:\/\/blackdogled.eu\/de\/#\/schema\/logo\/image\/"},"sameAs":["https:\/\/www.facebook.com\/BlackDogLEDEurope\/","https:\/\/www.instagram.com\/blackdogled_europe\/"]}]}},"_links":{"self":[{"href":"https:\/\/blackdogled.eu\/de\/wp-json\/wp\/v2\/pages\/3497","targetHints":{"allow":["GET"]}}],"collection":[{"href":"https:\/\/blackdogled.eu\/de\/wp-json\/wp\/v2\/pages"}],"about":[{"href":"https:\/\/blackdogled.eu\/de\/wp-json\/wp\/v2\/types\/page"}],"author":[{"embeddable":true,"href":"https:\/\/blackdogled.eu\/de\/wp-json\/wp\/v2\/users\/1"}],"replies":[{"embeddable":true,"href":"https:\/\/blackdogled.eu\/de\/wp-json\/wp\/v2\/comments?post=3497"}],"version-history":[{"count":8,"href":"https:\/\/blackdogled.eu\/de\/wp-json\/wp\/v2\/pages\/3497\/revisions"}],"predecessor-version":[{"id":21351,"href":"https:\/\/blackdogled.eu\/de\/wp-json\/wp\/v2\/pages\/3497\/revisions\/21351"}],"wp:attachment":[{"href":"https:\/\/blackdogled.eu\/de\/wp-json\/wp\/v2\/media?parent=3497"}],"curies":[{"name":"wp","href":"https:\/\/api.w.org\/{rel}","templated":true}]}}