{"id":3509,"date":"2018-06-22T08:25:45","date_gmt":"2018-06-22T06:25:45","guid":{"rendered":"https:\/\/136.243.110.204\/?page_id=3509"},"modified":"2022-02-12T09:43:20","modified_gmt":"2022-02-12T08:43:20","slug":"versand-info","status":"publish","type":"page","link":"https:\/\/blackdogled.eu\/de\/infos\/versand-info\/","title":{"rendered":"Versand Info"},"content":{"rendered":"<div class=\"wpb-content-wrapper\"><p>[vc_row][vc_column][vc_row_inner][vc_column_inner width=&#8220;1\/6&#8243;][\/vc_column_inner][vc_column_inner width=&#8220;2\/3&#8243;][vc_custom_heading source=&#8220;post_title&#8220; font_container=&#8220;tag:h1|text_align:left&#8220; use_theme_fonts=&#8220;yes&#8220; css=&#8220;.vc_custom_1529578775525{margin-bottom: 1em !important;}&#8220;][vc_column_text]<\/p>\n<h2>Versandkosten<\/h2>\n<p>Der Versand innerhalb Deutschlands ist kostenfrei ab einem Rechnungsbetrag von 50 \u20ac &#8211; unter einem Rechnungsbetrag von 50 \u20ac kostet der Versand 3,50 \u20ac.<\/p>\n<p>F\u00fcr alle anderen EU-L\u00e4nder, die Schweiz, Liechtenstein und Norwegen ist der Versand ab einem Rechnungsbetrag von 150 \u20ac versandkostenfrei &#8211; f\u00fcr Bestellungen unter 150 \u20ac verlangen wir eine Versandkostenpauschale wie in unten stehender Tabelle angegeben.<\/p>\n<h2>Nachnahmegeb\u00fchren<\/h2>\n<p>Sollten Sie innerhalb Deutschlands per Nachnahme bezahlen wollen, kostet der Versand\u00a0 7,90 \u20ac.<\/p>\n<p>Bei allen anderen L\u00e4ndern f\u00e4llt eine Nachnahmegeb\u00fchr von\u00a0 18,50 \u20ac an.<\/p>\n<p>Au\u00dferdem haben wir in folgender Tabelle die jeweiligen Nachnahmeh\u00f6chstbetr\u00e4ge\/ Tag angegeben. Falls Sie per Nachnahme bezahlen wollen, aber Ihre Bestellung den Nachnahmeh\u00f6chstbetrag \u00fcbersteigt, setzten Sie sich mit uns in Verbindung und wir werden zusammen eine L\u00f6sung finden, wie z.B. Ihre Lieferung auf mehrere Sendungen aufzuteilen.<\/p>\n<p>Die Bezahlung per Nachnahme ist nur in Bar m\u00f6glich!<\/p>\n<table border=\"0\" cellspacing=\"0\" cellpadding=\"0\">\n<tbody>\n<tr>\n<td valign=\"bottom\" nowrap=\"nowrap\" width=\"161\">\n<p style=\"text-align: left;\" align=\"center\"><strong>Land<\/strong><\/p>\n<\/td>\n<td valign=\"bottom\" nowrap=\"nowrap\" width=\"183\">\n<p style=\"text-align: right;\" align=\"center\"><strong>Versandkostenpauschale<\/strong><\/p>\n<\/td>\n<td valign=\"bottom\" nowrap=\"nowrap\" width=\"213\">\n<p style=\"text-align: right;\" align=\"center\"><strong>Nachnahmeh\u00f6chstbetrag\/Tag<\/strong><\/p>\n<\/td>\n<\/tr>\n<tr>\n<td valign=\"bottom\" nowrap=\"nowrap\" width=\"161\">Deutschland<\/td>\n<td valign=\"bottom\" nowrap=\"nowrap\" width=\"183\">\n<p align=\"right\">3,50 \u20ac<\/p>\n<\/td>\n<td valign=\"bottom\" nowrap=\"nowrap\" width=\"213\">\n<p align=\"right\">4.000,00 \u20ac<\/p>\n<\/td>\n<\/tr>\n<tr>\n<td valign=\"bottom\" nowrap=\"nowrap\" width=\"161\">Belgien<\/td>\n<td valign=\"bottom\" nowrap=\"nowrap\" width=\"183\">\n<p align=\"right\">7,50 \u20ac<\/p>\n<\/td>\n<td valign=\"bottom\" nowrap=\"nowrap\" width=\"213\">\n<p align=\"right\">4.000,00 \u20ac<\/p>\n<\/td>\n<\/tr>\n<tr>\n<td valign=\"bottom\" nowrap=\"nowrap\" width=\"161\">D\u00e4nemark<\/td>\n<td valign=\"bottom\" nowrap=\"nowrap\" width=\"183\">\n<p align=\"right\">7,50 \u20ac<\/p>\n<\/td>\n<td valign=\"bottom\" nowrap=\"nowrap\" width=\"213\">\n<p align=\"right\">4.000,00 \u20ac<\/p>\n<\/td>\n<\/tr>\n<tr>\n<td valign=\"bottom\" nowrap=\"nowrap\" width=\"161\">Frankreich<\/td>\n<td valign=\"bottom\" nowrap=\"nowrap\" width=\"183\">\n<p align=\"right\">7,50 \u20ac<\/p>\n<\/td>\n<td valign=\"bottom\" nowrap=\"nowrap\" width=\"213\">\n<p align=\"right\">750,00 \u20ac<\/p>\n<\/td>\n<\/tr>\n<tr>\n<td valign=\"bottom\" nowrap=\"nowrap\" width=\"161\">Luxemburg<\/td>\n<td valign=\"bottom\" nowrap=\"nowrap\" width=\"183\">\n<p align=\"right\">7,50 \u20ac<\/p>\n<\/td>\n<td valign=\"bottom\" nowrap=\"nowrap\" width=\"213\">\n<p align=\"right\">4.000,00 \u20ac<\/p>\n<\/td>\n<\/tr>\n<tr>\n<td valign=\"bottom\" nowrap=\"nowrap\" width=\"161\">Niederlande<\/td>\n<td valign=\"bottom\" nowrap=\"nowrap\" width=\"183\">\n<p align=\"right\">7,50 \u20ac<\/p>\n<\/td>\n<td valign=\"bottom\" nowrap=\"nowrap\" width=\"213\">\n<p align=\"right\">4.000,00 \u20ac<\/p>\n<\/td>\n<\/tr>\n<tr>\n<td valign=\"bottom\" nowrap=\"nowrap\" width=\"161\">\u00d6sterreich<\/td>\n<td valign=\"bottom\" nowrap=\"nowrap\" width=\"183\">\n<p align=\"right\">7,50 \u20ac<\/p>\n<\/td>\n<td valign=\"bottom\" nowrap=\"nowrap\" width=\"213\">\n<p align=\"right\">3.500,00 \u20ac<\/p>\n<\/td>\n<\/tr>\n<tr>\n<td valign=\"bottom\" nowrap=\"nowrap\" width=\"161\">Polen<\/td>\n<td valign=\"bottom\" nowrap=\"nowrap\" width=\"183\">\n<p align=\"right\">7,50 \u20ac<\/p>\n<\/td>\n<td valign=\"bottom\" nowrap=\"nowrap\" width=\"213\">\n<p align=\"right\">4.480,00 \u20ac<\/p>\n<\/td>\n<\/tr>\n<tr>\n<td valign=\"bottom\" nowrap=\"nowrap\" width=\"161\">Tschechische Republik<\/td>\n<td valign=\"bottom\" nowrap=\"nowrap\" width=\"183\">\n<p align=\"right\">7,50 \u20ac<\/p>\n<\/td>\n<td valign=\"bottom\" nowrap=\"nowrap\" width=\"213\">\n<p align=\"right\">4.000,00 \u20ac<\/p>\n<\/td>\n<\/tr>\n<tr>\n<td valign=\"bottom\" nowrap=\"nowrap\" width=\"161\">Kroatien<\/td>\n<td valign=\"bottom\" nowrap=\"nowrap\" width=\"183\">\n<p align=\"right\">10,00 \u20ac<\/p>\n<\/td>\n<td valign=\"bottom\" nowrap=\"nowrap\" width=\"213\">\n<p align=\"right\">4.000,00 \u20ac<\/p>\n<\/td>\n<\/tr>\n<tr>\n<td valign=\"bottom\" nowrap=\"nowrap\" width=\"161\">Slowakische Republik<\/td>\n<td valign=\"bottom\" nowrap=\"nowrap\" width=\"183\">\n<p align=\"right\">10,00 \u20ac<\/p>\n<\/td>\n<td valign=\"bottom\" nowrap=\"nowrap\" width=\"213\">\n<p align=\"right\">4.000,00 \u20ac<\/p>\n<\/td>\n<\/tr>\n<tr>\n<td valign=\"bottom\" nowrap=\"nowrap\" width=\"161\">Slowenien<\/td>\n<td valign=\"bottom\" nowrap=\"nowrap\" width=\"183\">\n<p align=\"right\">10,00 \u20ac<\/p>\n<\/td>\n<td valign=\"bottom\" nowrap=\"nowrap\" width=\"213\">\n<p align=\"right\">4.000,00 \u20ac<\/p>\n<\/td>\n<\/tr>\n<tr>\n<td valign=\"bottom\" nowrap=\"nowrap\" width=\"161\">Finnland<\/td>\n<td valign=\"bottom\" nowrap=\"nowrap\" width=\"183\">\n<p align=\"right\">10,00 \u20ac<\/p>\n<\/td>\n<td valign=\"bottom\" nowrap=\"nowrap\" width=\"213\">\n<p align=\"right\">4.000,00 \u20ac<\/p>\n<\/td>\n<\/tr>\n<tr>\n<td valign=\"bottom\" nowrap=\"nowrap\" width=\"161\">Gro\u00dfbritannien<\/td>\n<td valign=\"bottom\" nowrap=\"nowrap\" width=\"183\">\n<p align=\"right\">15,00 \u20ac<\/p>\n<\/td>\n<td valign=\"bottom\" nowrap=\"nowrap\" width=\"213\">\n<p align=\"right\">4.000,00 \u20ac<\/p>\n<\/td>\n<\/tr>\n<tr>\n<td valign=\"bottom\" nowrap=\"nowrap\" width=\"161\">Italien<\/td>\n<td valign=\"bottom\" nowrap=\"nowrap\" width=\"183\">\n<p align=\"right\">10,00 \u20ac<\/p>\n<\/td>\n<td valign=\"bottom\" nowrap=\"nowrap\" width=\"213\">\n<p align=\"right\">3.000,00 \u20ac<\/p>\n<\/td>\n<\/tr>\n<tr>\n<td valign=\"bottom\" nowrap=\"nowrap\" width=\"161\">Monaco<\/td>\n<td valign=\"bottom\" nowrap=\"nowrap\" width=\"183\">\n<p align=\"right\">10,00 \u20ac<\/p>\n<\/td>\n<td valign=\"bottom\" nowrap=\"nowrap\" width=\"213\">\n<p align=\"right\">Nachnahmezahlung nicht m\u00f6glich<\/p>\n<\/td>\n<\/tr>\n<tr>\n<td valign=\"bottom\" nowrap=\"nowrap\" width=\"161\">Schweden<\/td>\n<td valign=\"bottom\" nowrap=\"nowrap\" width=\"183\">\n<p align=\"right\">10,00 \u20ac<\/p>\n<\/td>\n<td valign=\"bottom\" nowrap=\"nowrap\" width=\"213\">\n<p align=\"right\">3.000,00 SEK<\/p>\n<\/td>\n<\/tr>\n<tr>\n<td valign=\"bottom\" nowrap=\"nowrap\" width=\"161\">Bulgarien<\/td>\n<td valign=\"bottom\" nowrap=\"nowrap\" width=\"183\">\n<p align=\"right\">12,50 \u20ac<\/p>\n<\/td>\n<td valign=\"bottom\" nowrap=\"nowrap\" width=\"213\">\n<p align=\"right\">4.000,00 \u20ac<\/p>\n<\/td>\n<\/tr>\n<tr>\n<td valign=\"bottom\" nowrap=\"nowrap\" width=\"161\">Estland<\/td>\n<td valign=\"bottom\" nowrap=\"nowrap\" width=\"183\">\n<p align=\"right\">12,50 \u20ac<\/p>\n<\/td>\n<td valign=\"bottom\" nowrap=\"nowrap\" width=\"213\">\n<p align=\"right\">4.000,00 \u20ac<\/p>\n<\/td>\n<\/tr>\n<tr>\n<td valign=\"bottom\" nowrap=\"nowrap\" width=\"161\">Lettland<\/td>\n<td valign=\"bottom\" nowrap=\"nowrap\" width=\"183\">\n<p align=\"right\">12,50 \u20ac<\/p>\n<\/td>\n<td valign=\"bottom\" nowrap=\"nowrap\" width=\"213\">\n<p align=\"right\">4.000,00 \u20ac<\/p>\n<\/td>\n<\/tr>\n<tr>\n<td valign=\"bottom\" nowrap=\"nowrap\" width=\"161\">Litauen<\/td>\n<td valign=\"bottom\" nowrap=\"nowrap\" width=\"183\">\n<p align=\"right\">12,50 \u20ac<\/p>\n<\/td>\n<td valign=\"bottom\" nowrap=\"nowrap\" width=\"213\">\n<p align=\"right\">4.000,00 \u20ac<\/p>\n<\/td>\n<\/tr>\n<tr>\n<td valign=\"bottom\" nowrap=\"nowrap\" width=\"161\">Rum\u00e4nien<\/td>\n<td valign=\"bottom\" nowrap=\"nowrap\" width=\"183\">\n<p align=\"right\">12,50 \u20ac<\/p>\n<\/td>\n<td valign=\"bottom\" nowrap=\"nowrap\" width=\"213\">\n<p align=\"right\">nur Privatpersonen 2.000,00 \u20ac<\/p>\n<\/td>\n<\/tr>\n<tr>\n<td valign=\"bottom\" nowrap=\"nowrap\" width=\"161\">Ungarn<\/td>\n<td valign=\"bottom\" nowrap=\"nowrap\" width=\"183\">\n<p align=\"right\">12,50 \u20ac<\/p>\n<\/td>\n<td valign=\"bottom\" nowrap=\"nowrap\" width=\"213\">\n<p align=\"right\">4.000,00 \u20ac<\/p>\n<\/td>\n<\/tr>\n<tr>\n<td valign=\"bottom\" nowrap=\"nowrap\" width=\"161\">Griechenland<\/td>\n<td valign=\"bottom\" nowrap=\"nowrap\" width=\"183\">\n<p align=\"right\">15,00 \u20ac<\/p>\n<\/td>\n<td valign=\"bottom\" nowrap=\"nowrap\" width=\"213\">\n<p align=\"right\">nur Privatpersonen 1.500,00 \u20ac<\/p>\n<\/td>\n<\/tr>\n<tr>\n<td valign=\"bottom\" nowrap=\"nowrap\" width=\"161\">Irland<\/td>\n<td valign=\"bottom\" nowrap=\"nowrap\" width=\"183\">\n<p align=\"right\">15,00 \u20ac<\/p>\n<\/td>\n<td valign=\"bottom\" nowrap=\"nowrap\" width=\"213\">\n<p align=\"right\">4.000,00 \u20ac<\/p>\n<\/td>\n<\/tr>\n<tr>\n<td valign=\"bottom\" nowrap=\"nowrap\" width=\"161\">Portugal<\/td>\n<td valign=\"bottom\" nowrap=\"nowrap\" width=\"183\">\n<p align=\"right\">15,00 \u20ac<\/p>\n<\/td>\n<td valign=\"bottom\" nowrap=\"nowrap\" width=\"213\">\n<p align=\"right\">4.000,00 \u20ac<\/p>\n<\/td>\n<\/tr>\n<tr>\n<td valign=\"bottom\" nowrap=\"nowrap\" width=\"161\">Spanien<\/td>\n<td valign=\"bottom\" nowrap=\"nowrap\" width=\"183\">\n<p align=\"right\">15,00 \u20ac<\/p>\n<\/td>\n<td valign=\"bottom\" nowrap=\"nowrap\" width=\"213\">\n<p align=\"right\">2.499,00 \u20ac<\/p>\n<\/td>\n<\/tr>\n<tr>\n<td valign=\"bottom\" nowrap=\"nowrap\" width=\"161\">Liechtenstein<\/td>\n<td valign=\"bottom\" nowrap=\"nowrap\" width=\"183\">\n<p align=\"right\">20,00 \u20ac<\/p>\n<\/td>\n<td valign=\"bottom\" nowrap=\"nowrap\" width=\"213\">\n<p align=\"right\">4.000,00 \u20ac<\/p>\n<\/td>\n<\/tr>\n<tr>\n<td valign=\"bottom\" nowrap=\"nowrap\" width=\"161\">Norwegen<\/td>\n<td valign=\"bottom\" nowrap=\"nowrap\" width=\"183\">\n<p align=\"right\">20,00 \u20ac<\/p>\n<\/td>\n<td valign=\"bottom\" nowrap=\"nowrap\" width=\"213\">\n<p align=\"right\">4.000,00 \u20ac<\/p>\n<\/td>\n<\/tr>\n<tr>\n<td valign=\"bottom\" nowrap=\"nowrap\" width=\"161\">Schweiz<\/td>\n<td valign=\"bottom\" nowrap=\"nowrap\" width=\"183\">\n<p align=\"right\">20,00 \u20ac<\/p>\n<\/td>\n<td valign=\"bottom\" nowrap=\"nowrap\" width=\"213\">\n<p align=\"right\">4.000,00 \u20ac<\/p>\n<\/td>\n<\/tr>\n<tr>\n<td valign=\"bottom\" nowrap=\"nowrap\" width=\"161\">San Marino<\/td>\n<td valign=\"bottom\" nowrap=\"nowrap\" width=\"183\">\n<p align=\"right\">20,00 \u20ac<\/p>\n<\/td>\n<td valign=\"bottom\" nowrap=\"nowrap\" width=\"213\">\n<p align=\"right\">Nachnahmezahlung nicht m\u00f6glich<\/p>\n<\/td>\n<\/tr>\n<tr>\n<td valign=\"bottom\" nowrap=\"nowrap\" width=\"161\">Andorra<\/td>\n<td valign=\"bottom\" nowrap=\"nowrap\" width=\"183\">\n<p align=\"right\">20,00 \u20ac<\/p>\n<\/td>\n<td valign=\"bottom\" nowrap=\"nowrap\" width=\"213\">\n<p align=\"right\">Nachnahmezahlung nicht m\u00f6glich<\/p>\n<\/td>\n<\/tr>\n<tr>\n<td valign=\"bottom\" nowrap=\"nowrap\" width=\"161\">Zypern<\/td>\n<td valign=\"bottom\" nowrap=\"nowrap\" width=\"183\">\n<p align=\"right\">13,50 \u20ac<\/p>\n<\/td>\n<td valign=\"bottom\" nowrap=\"nowrap\" width=\"213\">\n<p align=\"right\">4.000,00 \u20ac<\/p>\n<\/td>\n<\/tr>\n<tr>\n<td valign=\"bottom\" nowrap=\"nowrap\" width=\"161\">Island<\/td>\n<td valign=\"bottom\" nowrap=\"nowrap\" width=\"183\">\n<p align=\"right\">13,50 \u20ac<\/p>\n<\/td>\n<td valign=\"bottom\" nowrap=\"nowrap\" width=\"213\">\n<p align=\"right\">Nachnahmezahlung nicht m\u00f6glich<\/p>\n<\/td>\n<\/tr>\n<tr>\n<td valign=\"bottom\" nowrap=\"nowrap\" width=\"161\">Malta<\/td>\n<td valign=\"bottom\" nowrap=\"nowrap\" width=\"183\">\n<p align=\"right\">13,50 \u20ac<\/p>\n<\/td>\n<td valign=\"bottom\" nowrap=\"nowrap\" width=\"213\">\n<p align=\"right\">4.000,00 \u20ac<\/p>\n<\/td>\n<\/tr>\n<tr>\n<td valign=\"bottom\" nowrap=\"nowrap\" width=\"161\">Bosnien u. Herzegowina<\/td>\n<td valign=\"bottom\" nowrap=\"nowrap\" width=\"183\">\n<p align=\"right\">13,50 \u20ac<\/p>\n<\/td>\n<td valign=\"bottom\" nowrap=\"nowrap\" width=\"213\">\n<p align=\"right\">Nachnahmezahlung nicht m\u00f6glich<\/p>\n<\/td>\n<\/tr>\n<\/tbody>\n<\/table>\n<p><b>\u00a0<\/b><\/p>\n<p>Bitte beachten Sie, dass beim Versenden in die Schweiz oder Norwegen zus\u00e4tzliche Zollgeb\u00fchren\/\u00a0 Einfuhrsteuern anfallen k\u00f6nnen, welche Sie bezahlen m\u00fcssen. Europ\u00e4ische \u00dcberseegebiete k\u00f6nnen nicht beliefert werden, es sei denn es wird eine Sondervereinbarung getroffen. Wollen Sie, dass in ein anderes europ\u00e4isches Land geliefert wird, welches nicht oben aufgef\u00fchrt ist, dann kontaktieren Sie uns bitte unter: <a href=\"mailto:info@blackdogled.eu\">info@blackdogled.eu<\/a><\/p>\n<h2>Bearbeitung Ihrer Bestellung<\/h2>\n<p>Wenn Ihre Bestellung akzeptiert wurde und Ihre Zahlung bei uns eingegangen ist, erhalten Sie eine Best\u00e4tigung per E-Mail. Bitte \u00fcberpr\u00fcfen Sie alle Angaben, insbesondere die Lieferadresse. Sollten irgendwelche Angaben fehlerhaft sein, kontaktieren Sie uns umgehend per Email. Wird die Ware verschickt, senden wir Ihnen eine E-Mail; diese E-Mail enth\u00e4lt Informationen \u00fcber den beauftragten Versanddienstleister, voraussichtlicher Liefertermin sowie eine Sendungsverfolgungsnummer. Bitte achten Sie darauf, dass jemand zum voraussichtlichen Liefertermin an der genannten Lieferadresse anzutreffen ist, um die Ware entgegenzunehmen. Falls Ihre Ware nicht am vorgesehen Liefertermin eintrifft und Sie Ihre Lieferung nicht nachverfolgen k\u00f6nnen, und Ihnen der Versanddienstleister nicht weiterhelfen kann, kontaktieren Sie uns und wir werden versuchen so schnell wie m\u00f6glich das Problem zu l\u00f6sen.<\/p>\n<h2>Ware nicht mehr auf Lager<\/h2>\n<p>Obwohl wir versuchen unseren Lagerbestand auf den aktuellsten Stand zu halten, kann es durch au\u00dfergew\u00f6hnliche Umst\u00e4nde vorkommen, dass ein Produkt nicht mehr auf Lager ist. Falls dieser Fall eintreffen sollte, werden Sie per Email informiert. Wir teilen Ihnen dann mit, wann die Ware voraussichtlich wieder verf\u00fcgbar ist. Sie haben dann folgende Optionen:<\/p>\n<ol>\n<li>Wir versenden den Teil der Bestellung, welcher derzeit noch auf Lager ist, und schicken die verbleibende Ware sobald diese wieder verf\u00fcgbar ist. F\u00fcr diese zweite Lieferung entstehen f\u00fcr Sie keine Extrakosten.<\/li>\n<li>Wir warten mit der Lieferung Ihrer Bestellung bis die bestellte Ware wieder auf Lager ist, um dann die gesamte Ware mit einer Sendung zu verschicken.<\/li>\n<li>Wir versenden den Teil der Bestellung, welcher derzeit noch auf Lager ist und annullieren den Teil der Bestellung der nicht mehr auf Lager ist. Der Geldbetrag f\u00fcr die nicht verf\u00fcgbare Ware wird Ihnen dann zur\u00fcck\u00fcberwiesen.<\/li>\n<li>Annullierung der gesamten Bestellung<\/li>\n<\/ol>\n<p>&nbsp;<\/p>\n<p>Sobald wir Sie per Email kontaktiert haben, werden wir Ihre Sendung zur\u00fcckhalten bis Sie uns antworten und Instruktionen geben. Falls Sie uns nach drei (3) Werktagen noch keine Anweisung bez\u00fcglich Ihrer Bestellung geschickt haben, wird am vierten (4.) Arbeitstag Option 1. (siehe oben) in die Wege geleitet.[\/vc_column_text][\/vc_column_inner][vc_column_inner width=&#8220;1\/6&#8243;][\/vc_column_inner][\/vc_row_inner][\/vc_column][\/vc_row]<\/p>\n<\/div>","protected":false},"excerpt":{"rendered":"<p>Informationen zum Versand, dessen Kosten und Nachnahmegeb\u00fchren<\/p>\n","protected":false},"author":1,"featured_media":0,"parent":3446,"menu_order":60,"comment_status":"closed","ping_status":"closed","template":"page-full-width.php","meta":{"footnotes":""},"class_list":["post-3509","page","type-page","status-publish","hentry"],"yoast_head":"<!-- This site is optimized with the Yoast SEO plugin v24.6 - https:\/\/yoast.com\/wordpress\/plugins\/seo\/ -->\n<title>Versand Info - Black Dog LED Europe<\/title>\n<meta name=\"robots\" content=\"index, follow, max-snippet:-1, max-image-preview:large, max-video-preview:-1\" \/>\n<link rel=\"canonical\" href=\"https:\/\/blackdogled.eu\/de\/infos\/versand-info\/\" \/>\n<meta property=\"og:locale\" content=\"de_DE\" \/>\n<meta property=\"og:type\" content=\"article\" \/>\n<meta property=\"og:title\" content=\"Versand Info - Black Dog LED Europe\" \/>\n<meta property=\"og:description\" content=\"Informationen zum Versand, dessen Kosten und Nachnahmegeb\u00fchren\" \/>\n<meta property=\"og:url\" content=\"https:\/\/blackdogled.eu\/de\/infos\/versand-info\/\" \/>\n<meta property=\"og:site_name\" content=\"Black Dog LED Europe\" \/>\n<meta property=\"article:publisher\" content=\"https:\/\/www.facebook.com\/BlackDogLEDEurope\/\" \/>\n<meta property=\"article:modified_time\" content=\"2022-02-12T08:43:20+00:00\" \/>\n<meta name=\"twitter:card\" content=\"summary_large_image\" \/>\n<meta name=\"twitter:label1\" content=\"Gesch\u00e4tzte Lesezeit\" \/>\n\t<meta name=\"twitter:data1\" content=\"3\u00a0Minuten\" \/>\n<script type=\"application\/ld+json\" class=\"yoast-schema-graph\">{\"@context\":\"https:\/\/schema.org\",\"@graph\":[{\"@type\":\"WebPage\",\"@id\":\"https:\/\/blackdogled.eu\/de\/infos\/versand-info\/\",\"url\":\"https:\/\/blackdogled.eu\/de\/infos\/versand-info\/\",\"name\":\"Versand Info - Black Dog LED Europe\",\"isPartOf\":{\"@id\":\"https:\/\/blackdogled.eu\/de\/#website\"},\"datePublished\":\"2018-06-22T06:25:45+00:00\",\"dateModified\":\"2022-02-12T08:43:20+00:00\",\"breadcrumb\":{\"@id\":\"https:\/\/blackdogled.eu\/de\/infos\/versand-info\/#breadcrumb\"},\"inLanguage\":\"de\",\"potentialAction\":[{\"@type\":\"ReadAction\",\"target\":[\"https:\/\/blackdogled.eu\/de\/infos\/versand-info\/\"]}]},{\"@type\":\"BreadcrumbList\",\"@id\":\"https:\/\/blackdogled.eu\/de\/infos\/versand-info\/#breadcrumb\",\"itemListElement\":[{\"@type\":\"ListItem\",\"position\":1,\"name\":\"Startseite\",\"item\":\"https:\/\/blackdogled.eu\/de\/\"},{\"@type\":\"ListItem\",\"position\":2,\"name\":\"Infos\",\"item\":\"https:\/\/blackdogled.eu\/de\/infos\/\"},{\"@type\":\"ListItem\",\"position\":3,\"name\":\"Versand Info\"}]},{\"@type\":\"WebSite\",\"@id\":\"https:\/\/blackdogled.eu\/de\/#website\",\"url\":\"https:\/\/blackdogled.eu\/de\/\",\"name\":\"Black Dog LED Europe\",\"description\":\"LED Grow Lights, Growing Kits &amp; Indoor Commercial Grow Light\",\"publisher\":{\"@id\":\"https:\/\/blackdogled.eu\/de\/#organization\"},\"potentialAction\":[{\"@type\":\"SearchAction\",\"target\":{\"@type\":\"EntryPoint\",\"urlTemplate\":\"https:\/\/blackdogled.eu\/de\/?s={search_term_string}\"},\"query-input\":{\"@type\":\"PropertyValueSpecification\",\"valueRequired\":true,\"valueName\":\"search_term_string\"}}],\"inLanguage\":\"de\"},{\"@type\":\"Organization\",\"@id\":\"https:\/\/blackdogled.eu\/de\/#organization\",\"name\":\"Black Dog LED Europe\",\"url\":\"https:\/\/blackdogled.eu\/de\/\",\"logo\":{\"@type\":\"ImageObject\",\"inLanguage\":\"de\",\"@id\":\"https:\/\/blackdogled.eu\/de\/#\/schema\/logo\/image\/\",\"url\":\"https:\/\/blackdogled.eu\/wp-content\/uploads\/2024\/03\/IG_Profilbild-2.jpg\",\"contentUrl\":\"https:\/\/blackdogled.eu\/wp-content\/uploads\/2024\/03\/IG_Profilbild-2.jpg\",\"width\":1333,\"height\":1333,\"caption\":\"Black Dog LED Europe\"},\"image\":{\"@id\":\"https:\/\/blackdogled.eu\/de\/#\/schema\/logo\/image\/\"},\"sameAs\":[\"https:\/\/www.facebook.com\/BlackDogLEDEurope\/\",\"https:\/\/www.instagram.com\/blackdogled_europe\/\"]}]}<\/script>\n<!-- \/ Yoast SEO plugin. -->","yoast_head_json":{"title":"Versand Info - Black Dog LED Europe","robots":{"index":"index","follow":"follow","max-snippet":"max-snippet:-1","max-image-preview":"max-image-preview:large","max-video-preview":"max-video-preview:-1"},"canonical":"https:\/\/blackdogled.eu\/de\/infos\/versand-info\/","og_locale":"de_DE","og_type":"article","og_title":"Versand Info - Black Dog LED Europe","og_description":"Informationen zum Versand, dessen Kosten und Nachnahmegeb\u00fchren","og_url":"https:\/\/blackdogled.eu\/de\/infos\/versand-info\/","og_site_name":"Black Dog LED Europe","article_publisher":"https:\/\/www.facebook.com\/BlackDogLEDEurope\/","article_modified_time":"2022-02-12T08:43:20+00:00","twitter_card":"summary_large_image","twitter_misc":{"Gesch\u00e4tzte Lesezeit":"3\u00a0Minuten"},"schema":{"@context":"https:\/\/schema.org","@graph":[{"@type":"WebPage","@id":"https:\/\/blackdogled.eu\/de\/infos\/versand-info\/","url":"https:\/\/blackdogled.eu\/de\/infos\/versand-info\/","name":"Versand Info - Black Dog LED Europe","isPartOf":{"@id":"https:\/\/blackdogled.eu\/de\/#website"},"datePublished":"2018-06-22T06:25:45+00:00","dateModified":"2022-02-12T08:43:20+00:00","breadcrumb":{"@id":"https:\/\/blackdogled.eu\/de\/infos\/versand-info\/#breadcrumb"},"inLanguage":"de","potentialAction":[{"@type":"ReadAction","target":["https:\/\/blackdogled.eu\/de\/infos\/versand-info\/"]}]},{"@type":"BreadcrumbList","@id":"https:\/\/blackdogled.eu\/de\/infos\/versand-info\/#breadcrumb","itemListElement":[{"@type":"ListItem","position":1,"name":"Startseite","item":"https:\/\/blackdogled.eu\/de\/"},{"@type":"ListItem","position":2,"name":"Infos","item":"https:\/\/blackdogled.eu\/de\/infos\/"},{"@type":"ListItem","position":3,"name":"Versand Info"}]},{"@type":"WebSite","@id":"https:\/\/blackdogled.eu\/de\/#website","url":"https:\/\/blackdogled.eu\/de\/","name":"Black Dog LED Europe","description":"LED Grow Lights, Growing Kits &amp; Indoor Commercial Grow Light","publisher":{"@id":"https:\/\/blackdogled.eu\/de\/#organization"},"potentialAction":[{"@type":"SearchAction","target":{"@type":"EntryPoint","urlTemplate":"https:\/\/blackdogled.eu\/de\/?s={search_term_string}"},"query-input":{"@type":"PropertyValueSpecification","valueRequired":true,"valueName":"search_term_string"}}],"inLanguage":"de"},{"@type":"Organization","@id":"https:\/\/blackdogled.eu\/de\/#organization","name":"Black Dog LED Europe","url":"https:\/\/blackdogled.eu\/de\/","logo":{"@type":"ImageObject","inLanguage":"de","@id":"https:\/\/blackdogled.eu\/de\/#\/schema\/logo\/image\/","url":"https:\/\/blackdogled.eu\/wp-content\/uploads\/2024\/03\/IG_Profilbild-2.jpg","contentUrl":"https:\/\/blackdogled.eu\/wp-content\/uploads\/2024\/03\/IG_Profilbild-2.jpg","width":1333,"height":1333,"caption":"Black Dog LED Europe"},"image":{"@id":"https:\/\/blackdogled.eu\/de\/#\/schema\/logo\/image\/"},"sameAs":["https:\/\/www.facebook.com\/BlackDogLEDEurope\/","https:\/\/www.instagram.com\/blackdogled_europe\/"]}]}},"_links":{"self":[{"href":"https:\/\/blackdogled.eu\/de\/wp-json\/wp\/v2\/pages\/3509","targetHints":{"allow":["GET"]}}],"collection":[{"href":"https:\/\/blackdogled.eu\/de\/wp-json\/wp\/v2\/pages"}],"about":[{"href":"https:\/\/blackdogled.eu\/de\/wp-json\/wp\/v2\/types\/page"}],"author":[{"embeddable":true,"href":"https:\/\/blackdogled.eu\/de\/wp-json\/wp\/v2\/users\/1"}],"replies":[{"embeddable":true,"href":"https:\/\/blackdogled.eu\/de\/wp-json\/wp\/v2\/comments?post=3509"}],"version-history":[{"count":9,"href":"https:\/\/blackdogled.eu\/de\/wp-json\/wp\/v2\/pages\/3509\/revisions"}],"predecessor-version":[{"id":23029,"href":"https:\/\/blackdogled.eu\/de\/wp-json\/wp\/v2\/pages\/3509\/revisions\/23029"}],"up":[{"embeddable":true,"href":"https:\/\/blackdogled.eu\/de\/wp-json\/wp\/v2\/pages\/3446"}],"wp:attachment":[{"href":"https:\/\/blackdogled.eu\/de\/wp-json\/wp\/v2\/media?parent=3509"}],"curies":[{"name":"wp","href":"https:\/\/api.w.org\/{rel}","templated":true}]}}