{"id":3514,"date":"2018-06-22T08:29:56","date_gmt":"2018-06-22T06:29:56","guid":{"rendered":"https:\/\/136.243.110.204\/?page_id=3514"},"modified":"2024-06-09T15:02:54","modified_gmt":"2024-06-09T13:02:54","slug":"widerrufsbelehrung","status":"publish","type":"page","link":"https:\/\/blackdogled.eu\/de\/infos\/widerrufsbelehrung\/","title":{"rendered":"Erkl\u00e4rung des Widerrufs"},"content":{"rendered":"<div class=\"wpb-content-wrapper\"><p>[vc_row][vc_column][vc_row_inner][vc_column_inner width=&#8220;1\/6&#8243;][\/vc_column_inner][vc_column_inner width=&#8220;2\/3&#8243;][vc_custom_heading source=&#8220;post_title&#8220; font_container=&#8220;tag:h1|text_align:left&#8220; use_theme_fonts=&#8220;yes&#8220; css=&#8220;.vc_custom_1529574752496{margin-bottom: 1em !important;}&#8220;][vc_column_text]<\/p>\n<h2>Anleitung zur Stornierung &amp; Stornierungsformular<\/h2>\n<p>Verbraucher, d.h. jede nat\u00fcrliche Person, die zu Zwecken handelt, die ganz oder \u00fcberwiegend nicht ihrer gewerblichen, gesch\u00e4ftlichen, handwerklichen oder beruflichen T\u00e4tigkeit zugerechnet werden k\u00f6nnen, haben das Recht, jeden Vertrag unter den folgenden Bedingungen zu widerrufen:<\/p>\n<h2>A. Anleitung zur Stornierung<\/h2>\n<h3>Recht auf Widerruf<\/h3>\n<p>Sie haben das Recht, binnen vierzehn Tagen ohne Angabe von Gr\u00fcnden diesen Vertrag zu widerrufen.<\/p>\n<p>Die Widerrufsfrist betr\u00e4gt vierzehn Tage ab dem Tag, an dem Sie oder ein von Ihnen benannter Dritter, der nicht der Bef\u00f6rderer ist, die Waren in Besitz genommen haben bzw. hat.<\/p>\n<p>Um Ihr Widerrufsrecht auszu\u00fcben, m\u00fcssen Sie uns (Plant Light Science GmbH &amp; Co. KG, Adalbert-Stifter-Str. 4, 90587 Veitsbronn, Deutschland, E-Mail: info@blackdogled.eu) mittels einer eindeutigen Erkl\u00e4rung (z. B. ein mit der Post versandter Brief, Telefax oder E-Mail) \u00fcber Ihren Entschluss, diesen Vertrag zu widerrufen, informieren. Sie k\u00f6nnen das beigef\u00fcgte Muster-Widerrufsformular verwenden, aber es ist nicht zwingend erforderlich.<\/p>\n<p>Zur Wahrung der Widerrufsfrist reicht es aus, dass Sie Ihre Mitteilung \u00fcber die Aus\u00fcbung des Widerrufsrechts vor Ablauf der Widerrufsfrist absenden.<\/p>\n<h3>Auswirkungen der Annullierung<\/h3>\n<p>Wenn Sie diesen Vertrag widerrufen, haben wir Ihnen alle Zahlungen, die wir von Ihnen erhalten haben, einschlie\u00dflich der Lieferkosten (mit Ausnahme der zus\u00e4tzlichen Kosten, die sich daraus ergeben, dass Sie eine andere Art der Lieferung als die von uns angebotene, g\u00fcnstigste Standardlieferung gew\u00e4hlt haben), unverz\u00fcglich und sp\u00e4testens binnen vierzehn Tagen ab dem Tag zur\u00fcckzuzahlen, an dem Sie uns \u00fcber Ihren Entschluss, diesen Vertrag zu widerrufen, informiert haben. Wir k\u00f6nnen einen Abzug von der Erstattung f\u00fcr den Wertverlust der gelieferten Waren vornehmen, wenn dieser Wertverlust auf einen von Ihnen zu vertretenden Umgang mit der Ware zur\u00fcckzuf\u00fchren ist. F\u00fcr diese R\u00fcckzahlung verwenden wir dasselbe Zahlungsmittel, das Sie bei der urspr\u00fcnglichen Transaktion eingesetzt haben, es sei denn, mit Ihnen wurde ausdr\u00fccklich etwas anderes vereinbart. In jedem Fall entstehen Ihnen durch die Erstattung keine Kosten. Wir k\u00f6nnen die R\u00fcckzahlung verweigern, bis wir die Waren wieder zur\u00fcckerhalten haben oder bis Sie den Nachweis erbracht haben, dass Sie die Waren zur\u00fcckgesandt haben, je nachdem, welches der fr\u00fchere Zeitpunkt ist.<\/p>\n<p>Sie haben die Waren unverz\u00fcglich und in jedem Fall sp\u00e4testens binnen vierzehn Tagen ab dem Tag, an dem Sie uns \u00fcber den Widerruf dieses Vertrags unterrichten, an uns zur\u00fcckzusenden oder zu \u00fcbergeben. Die Frist ist gewahrt, wenn Sie die Waren vor Ablauf der Frist von 14 Tagen zur\u00fccksenden.<\/p>\n<p>Der Kunde tr\u00e4gt die Kosten f\u00fcr die R\u00fccksendung.<br \/>\nWenn das Produkt nicht in einwandfreiem Zustand ist, wird der Rechnungsbetrag nicht zur\u00fcckerstattet und die Kosten f\u00fcr die R\u00fccksendung an den Kunden werden ebenfalls vom Kunden getragen.<\/p>\n<p>Sie m\u00fcssen f\u00fcr einen etwaigen Wertverlust der Waren nur aufkommen, wenn dieser Wertverlust auf einen zur Pr\u00fcfung der Beschaffenheit, Eigenschaften und Funktionsweise der Waren nicht notwendigen Umgang mit ihnen zur\u00fcckzuf\u00fchren ist.<\/p>\n<h3>Ausschluss und\/oder vorzeitiges Erl\u00f6schen des Widerrufsrechts<\/h3>\n<p>Das Widerrufsrecht gilt nicht f\u00fcr Verbraucher, die zum Zeitpunkt des Vertragsabschlusses nicht die Staatsangeh\u00f6rigkeit eines Mitgliedstaates der Europ\u00e4ischen Union besitzen und deren ausschlie\u00dflicher Wohnsitz und Lieferadresse au\u00dferhalb der Europ\u00e4ischen Union liegen.<\/p>\n<h3>Allgemeine Informationen<\/h3>\n<p>1) Bitte vermeiden Sie Sch\u00e4den und Verunreinigungen an den Waren. Bitte senden Sie die Ware, wenn m\u00f6glich, in der Originalverpackung mit s\u00e4mtlichem Zubeh\u00f6r und allen Verpackungsbestandteilen zur\u00fcck. Verwenden Sie bei Bedarf eine sch\u00fctzende Umverpackung. Wenn Sie nicht mehr im Besitz der Originalverpackung sind, verwenden Sie bitte eine geeignete Verpackung, die einen ausreichenden Schutz vor m\u00f6glichen Transportsch\u00e4den bietet.<br \/>\n2) Bitte senden Sie die Ware nicht unfrei zur\u00fcck.<br \/>\n3) Bitte beachten Sie, dass die oben genannten allgemeinen Informationen in Abschnitt 1 und 2 keine Voraussetzung f\u00fcr die wirksame Aus\u00fcbung Ihres Widerrufsrechts sind.<\/p>\n<h2>B. Stornierungsformular<\/h2>\n<p>Wenn Sie diesen Vertrag k\u00fcndigen m\u00f6chten, f\u00fcllen Sie bitte dieses Formular aus und senden Sie es ab.<\/p>\n<p>Plant Light Science GmbH &amp; Co. KG<br \/>\nAdalbert-Stifter-Str. 4<br \/>\n90587 Veitsbronn<br \/>\nDeutschland<br \/>\nE-Mail: info@blackdogled.eu<\/p>\n<p>Hiermit teile ich\/wir (*) mit, dass ich\/wir (*) meinen\/unseren (*) Kaufvertrag \u00fcber die folgenden Waren (*) \/ \u00fcber die Erbringung der folgenden Dienstleistung (*) widerrufe\/n,<\/p>\n<p>________________________________________________________<\/p>\n<p>________________________________________________________<\/p>\n<p>Bestellt am (*) ____________ \/ erhalten am (*) _____________________<\/p>\n<p>________________________________________________________<br \/>\nName des\/der Verbraucher(s)<\/p>\n<p>________________________________________________________<br \/>\nAdresse des\/der Verbraucher(s)<\/p>\n<p>________________________________________________________<br \/>\nUnterschrift des\/der Verbraucher(s) (nur wenn dieses Formular auf Papier \u00fcbermittelt wird)<\/p>\n<p>_________________________<br \/>\nDatum<\/p>\n<p>(*) Gegebenenfalls streichen[\/vc_column_text][\/vc_column_inner][vc_column_inner width=&#8220;1\/6&#8243;][\/vc_column_inner][\/vc_row_inner][\/vc_column][\/vc_row]<\/p>\n<\/div>","protected":false},"excerpt":{"rendered":"<p>Anleitung zur Stornierung &amp; Stornierungsformular<\/p>\n","protected":false},"author":1,"featured_media":0,"parent":3446,"menu_order":70,"comment_status":"closed","ping_status":"closed","template":"page-full-width.php","meta":{"footnotes":""},"class_list":["post-3514","page","type-page","status-publish","hentry"],"yoast_head":"<!-- This site is optimized with the Yoast SEO plugin v24.6 - https:\/\/yoast.com\/wordpress\/plugins\/seo\/ -->\n<title>Erkl\u00e4rung des Widerrufs - Black Dog LED Europe<\/title>\n<meta name=\"robots\" content=\"index, follow, max-snippet:-1, max-image-preview:large, max-video-preview:-1\" \/>\n<link rel=\"canonical\" href=\"https:\/\/blackdogled.eu\/de\/infos\/widerrufsbelehrung\/\" \/>\n<meta property=\"og:locale\" content=\"de_DE\" \/>\n<meta property=\"og:type\" content=\"article\" \/>\n<meta property=\"og:title\" content=\"Erkl\u00e4rung des Widerrufs - Black Dog LED Europe\" \/>\n<meta property=\"og:description\" content=\"Anleitung zur Stornierung &amp; Stornierungsformular\" \/>\n<meta property=\"og:url\" content=\"https:\/\/blackdogled.eu\/de\/infos\/widerrufsbelehrung\/\" \/>\n<meta property=\"og:site_name\" content=\"Black Dog LED Europe\" \/>\n<meta property=\"article:publisher\" content=\"https:\/\/www.facebook.com\/BlackDogLEDEurope\/\" \/>\n<meta property=\"article:modified_time\" content=\"2024-06-09T13:02:54+00:00\" \/>\n<meta name=\"twitter:card\" content=\"summary_large_image\" \/>\n<meta name=\"twitter:label1\" content=\"Gesch\u00e4tzte Lesezeit\" \/>\n\t<meta name=\"twitter:data1\" content=\"4\u00a0Minuten\" \/>\n<script type=\"application\/ld+json\" class=\"yoast-schema-graph\">{\"@context\":\"https:\/\/schema.org\",\"@graph\":[{\"@type\":\"WebPage\",\"@id\":\"https:\/\/blackdogled.eu\/de\/infos\/widerrufsbelehrung\/\",\"url\":\"https:\/\/blackdogled.eu\/de\/infos\/widerrufsbelehrung\/\",\"name\":\"Erkl\u00e4rung des Widerrufs - Black Dog LED Europe\",\"isPartOf\":{\"@id\":\"https:\/\/blackdogled.eu\/de\/#website\"},\"datePublished\":\"2018-06-22T06:29:56+00:00\",\"dateModified\":\"2024-06-09T13:02:54+00:00\",\"breadcrumb\":{\"@id\":\"https:\/\/blackdogled.eu\/de\/infos\/widerrufsbelehrung\/#breadcrumb\"},\"inLanguage\":\"de\",\"potentialAction\":[{\"@type\":\"ReadAction\",\"target\":[\"https:\/\/blackdogled.eu\/de\/infos\/widerrufsbelehrung\/\"]}]},{\"@type\":\"BreadcrumbList\",\"@id\":\"https:\/\/blackdogled.eu\/de\/infos\/widerrufsbelehrung\/#breadcrumb\",\"itemListElement\":[{\"@type\":\"ListItem\",\"position\":1,\"name\":\"Startseite\",\"item\":\"https:\/\/blackdogled.eu\/de\/\"},{\"@type\":\"ListItem\",\"position\":2,\"name\":\"Infos\",\"item\":\"https:\/\/blackdogled.eu\/de\/infos\/\"},{\"@type\":\"ListItem\",\"position\":3,\"name\":\"Erkl\u00e4rung des Widerrufs\"}]},{\"@type\":\"WebSite\",\"@id\":\"https:\/\/blackdogled.eu\/de\/#website\",\"url\":\"https:\/\/blackdogled.eu\/de\/\",\"name\":\"Black Dog LED Europe\",\"description\":\"LED Grow Lights, Growing Kits &amp; Indoor Commercial Grow Light\",\"publisher\":{\"@id\":\"https:\/\/blackdogled.eu\/de\/#organization\"},\"potentialAction\":[{\"@type\":\"SearchAction\",\"target\":{\"@type\":\"EntryPoint\",\"urlTemplate\":\"https:\/\/blackdogled.eu\/de\/?s={search_term_string}\"},\"query-input\":{\"@type\":\"PropertyValueSpecification\",\"valueRequired\":true,\"valueName\":\"search_term_string\"}}],\"inLanguage\":\"de\"},{\"@type\":\"Organization\",\"@id\":\"https:\/\/blackdogled.eu\/de\/#organization\",\"name\":\"Black Dog LED Europe\",\"url\":\"https:\/\/blackdogled.eu\/de\/\",\"logo\":{\"@type\":\"ImageObject\",\"inLanguage\":\"de\",\"@id\":\"https:\/\/blackdogled.eu\/de\/#\/schema\/logo\/image\/\",\"url\":\"https:\/\/blackdogled.eu\/wp-content\/uploads\/2024\/03\/IG_Profilbild-2.jpg\",\"contentUrl\":\"https:\/\/blackdogled.eu\/wp-content\/uploads\/2024\/03\/IG_Profilbild-2.jpg\",\"width\":1333,\"height\":1333,\"caption\":\"Black Dog LED Europe\"},\"image\":{\"@id\":\"https:\/\/blackdogled.eu\/de\/#\/schema\/logo\/image\/\"},\"sameAs\":[\"https:\/\/www.facebook.com\/BlackDogLEDEurope\/\",\"https:\/\/www.instagram.com\/blackdogled_europe\/\"]}]}<\/script>\n<!-- \/ Yoast SEO plugin. -->","yoast_head_json":{"title":"Erkl\u00e4rung des Widerrufs - Black Dog LED Europe","robots":{"index":"index","follow":"follow","max-snippet":"max-snippet:-1","max-image-preview":"max-image-preview:large","max-video-preview":"max-video-preview:-1"},"canonical":"https:\/\/blackdogled.eu\/de\/infos\/widerrufsbelehrung\/","og_locale":"de_DE","og_type":"article","og_title":"Erkl\u00e4rung des Widerrufs - Black Dog LED Europe","og_description":"Anleitung zur Stornierung &amp; Stornierungsformular","og_url":"https:\/\/blackdogled.eu\/de\/infos\/widerrufsbelehrung\/","og_site_name":"Black Dog LED Europe","article_publisher":"https:\/\/www.facebook.com\/BlackDogLEDEurope\/","article_modified_time":"2024-06-09T13:02:54+00:00","twitter_card":"summary_large_image","twitter_misc":{"Gesch\u00e4tzte Lesezeit":"4\u00a0Minuten"},"schema":{"@context":"https:\/\/schema.org","@graph":[{"@type":"WebPage","@id":"https:\/\/blackdogled.eu\/de\/infos\/widerrufsbelehrung\/","url":"https:\/\/blackdogled.eu\/de\/infos\/widerrufsbelehrung\/","name":"Erkl\u00e4rung des Widerrufs - Black Dog LED Europe","isPartOf":{"@id":"https:\/\/blackdogled.eu\/de\/#website"},"datePublished":"2018-06-22T06:29:56+00:00","dateModified":"2024-06-09T13:02:54+00:00","breadcrumb":{"@id":"https:\/\/blackdogled.eu\/de\/infos\/widerrufsbelehrung\/#breadcrumb"},"inLanguage":"de","potentialAction":[{"@type":"ReadAction","target":["https:\/\/blackdogled.eu\/de\/infos\/widerrufsbelehrung\/"]}]},{"@type":"BreadcrumbList","@id":"https:\/\/blackdogled.eu\/de\/infos\/widerrufsbelehrung\/#breadcrumb","itemListElement":[{"@type":"ListItem","position":1,"name":"Startseite","item":"https:\/\/blackdogled.eu\/de\/"},{"@type":"ListItem","position":2,"name":"Infos","item":"https:\/\/blackdogled.eu\/de\/infos\/"},{"@type":"ListItem","position":3,"name":"Erkl\u00e4rung des Widerrufs"}]},{"@type":"WebSite","@id":"https:\/\/blackdogled.eu\/de\/#website","url":"https:\/\/blackdogled.eu\/de\/","name":"Black Dog LED Europe","description":"LED Grow Lights, Growing Kits &amp; Indoor Commercial Grow Light","publisher":{"@id":"https:\/\/blackdogled.eu\/de\/#organization"},"potentialAction":[{"@type":"SearchAction","target":{"@type":"EntryPoint","urlTemplate":"https:\/\/blackdogled.eu\/de\/?s={search_term_string}"},"query-input":{"@type":"PropertyValueSpecification","valueRequired":true,"valueName":"search_term_string"}}],"inLanguage":"de"},{"@type":"Organization","@id":"https:\/\/blackdogled.eu\/de\/#organization","name":"Black Dog LED Europe","url":"https:\/\/blackdogled.eu\/de\/","logo":{"@type":"ImageObject","inLanguage":"de","@id":"https:\/\/blackdogled.eu\/de\/#\/schema\/logo\/image\/","url":"https:\/\/blackdogled.eu\/wp-content\/uploads\/2024\/03\/IG_Profilbild-2.jpg","contentUrl":"https:\/\/blackdogled.eu\/wp-content\/uploads\/2024\/03\/IG_Profilbild-2.jpg","width":1333,"height":1333,"caption":"Black Dog LED Europe"},"image":{"@id":"https:\/\/blackdogled.eu\/de\/#\/schema\/logo\/image\/"},"sameAs":["https:\/\/www.facebook.com\/BlackDogLEDEurope\/","https:\/\/www.instagram.com\/blackdogled_europe\/"]}]}},"_links":{"self":[{"href":"https:\/\/blackdogled.eu\/de\/wp-json\/wp\/v2\/pages\/3514","targetHints":{"allow":["GET"]}}],"collection":[{"href":"https:\/\/blackdogled.eu\/de\/wp-json\/wp\/v2\/pages"}],"about":[{"href":"https:\/\/blackdogled.eu\/de\/wp-json\/wp\/v2\/types\/page"}],"author":[{"embeddable":true,"href":"https:\/\/blackdogled.eu\/de\/wp-json\/wp\/v2\/users\/1"}],"replies":[{"embeddable":true,"href":"https:\/\/blackdogled.eu\/de\/wp-json\/wp\/v2\/comments?post=3514"}],"version-history":[{"count":5,"href":"https:\/\/blackdogled.eu\/de\/wp-json\/wp\/v2\/pages\/3514\/revisions"}],"predecessor-version":[{"id":24877,"href":"https:\/\/blackdogled.eu\/de\/wp-json\/wp\/v2\/pages\/3514\/revisions\/24877"}],"up":[{"embeddable":true,"href":"https:\/\/blackdogled.eu\/de\/wp-json\/wp\/v2\/pages\/3446"}],"wp:attachment":[{"href":"https:\/\/blackdogled.eu\/de\/wp-json\/wp\/v2\/media?parent=3514"}],"curies":[{"name":"wp","href":"https:\/\/api.w.org\/{rel}","templated":true}]}}