{"id":23077,"date":"2022-03-03T21:33:30","date_gmt":"2022-03-03T20:33:34","guid":{"rendered":"http:\/\/s986267418.online.de\/?post_type=product&#038;p=23077"},"modified":"2024-10-22T17:00:46","modified_gmt":"2024-10-22T15:00:46","slug":"phytomax-3-20sc-grow-lights","status":"publish","type":"product","link":"https:\/\/blackdogled.eu\/de\/produkt\/phytomax-3-20sc-grow-lights\/","title":{"rendered":"PhytoMAX-3 20SC Grow Lights"},"content":{"rendered":"<div class=\"wpb-content-wrapper\"><p>[vc_row css=&#8220;.vc_custom_1646058774448{background-color: #2d2b3a !important;}&#8220;][vc_column][vc_row_inner css=&#8220;.vc_custom_1646142651875{padding-top: 50px !important;padding-bottom: 50px !important;}&#8220;][vc_column_inner][vc_column_text]<\/p>\n<h4 style=\"text-align: center;\"><span style=\"color: #ffffff;\">Gehen Sie <span style=\"color: #46027f;\">\u00fcber PAR hinaus<\/span> mit der neuesten Grow-Lichttechnologie von Black Dog LED<\/span><\/h4>\n<p>[\/vc_column_text][\/vc_column_inner][\/vc_row_inner][vc_row_inner][vc_column_inner width=&#8220;1\/3&#8243;][vc_single_image image=&#8220;23062&#8243; alignment=&#8220;center&#8220;][vc_column_text]<\/p>\n<h3 style=\"text-align: center;\"><span style=\"color: #ffffff;\">Noch gr\u00f6\u00dfere Renditen<\/span><\/h3>\n<p>[\/vc_column_text][vc_column_text]<\/p>\n<p style=\"text-align: center;\"><span style=\"color: #ffffff;\">H\u00f6here Ertr\u00e4ge bei niedrigeren Energiekosten bedeuten mehr Gewinn<\/span><\/p>\n<p>[\/vc_column_text][\/vc_column_inner][vc_column_inner width=&#8220;1\/3&#8243;][vc_single_image image=&#8220;23060&#8243; alignment=&#8220;center&#8220;][vc_column_text]<\/p>\n<h3 style=\"text-align: center;\"><span style=\"color: #ffffff;\">Pflanzenspezifisches Spektrum<\/span><\/h3>\n<p>[\/vc_column_text][vc_column_text]<\/p>\n<p style=\"text-align: center;\"><span style=\"color: #ffffff;\">Unser Phyto-Genesis Spectrum hilft, die Produktion von Cannabinoiden und Terpenen mit dem weltweit einzigen wirklich vollst\u00e4ndigen Spektrum zu steigern<\/span><\/p>\n<p>[\/vc_column_text][\/vc_column_inner][vc_column_inner width=&#8220;1\/3&#8243;][vc_single_image image=&#8220;23058&#8243; alignment=&#8220;center&#8220;][vc_column_text]<\/p>\n<h3 style=\"text-align: center;\"><span style=\"color: #ffffff;\">Verdoppeln Sie die Deckung<\/span><\/h3>\n<p>[\/vc_column_text][vc_column_text]<\/p>\n<p style=\"text-align: center;\"><span style=\"color: #ffffff;\">Die PhytoMAX-3 Bl\u00fctefl\u00e4che ist doppelt so gro\u00df wie der Industriestandard und deckt mehr Fl\u00e4che mit weniger Ger\u00e4ten ab.<\/span><\/p>\n<p>[\/vc_column_text][\/vc_column_inner][\/vc_row_inner][\/vc_column][\/vc_row][vc_row][vc_column][vc_row_inner][vc_column_inner][vc_column_text]<\/p>\n<h3 style=\"text-align: center;\">Neue Funktionen<\/h3>\n<p>[\/vc_column_text][\/vc_column_inner][\/vc_row_inner][vc_row_inner][vc_column_inner width=&#8220;1\/2&#8243;][vc_column_text]<\/p>\n<h4><span style=\"color: #46027f;\">Daisy Chain Kompatibel<br \/>\n<\/span><\/h4>\n<p>Der Betrieb mehrerer Lampen an einer Steckdose bedeutet weniger Infrastruktur &#8211; bis zu 20 Ampere an einer Steckdose.[\/vc_column_text][vc_column_text]<\/p>\n<h4><span style=\"color: #46027f;\">Gr\u00f6\u00dfere bl\u00fchende Fu\u00dfspur<\/span><span style=\"color: #2d2b3a;\"><br \/>\n<\/span><\/h4>\n<p>PhytoMAX-3 20S hat einen gr\u00f6\u00dferen Abdeckungsbereich mit bis zu <span class=\"m-met\">2,45 x 2,45 Metern<\/span> pro Leuchte.[\/vc_column_text][vc_column_text]<\/p>\n<h4><span style=\"color: #46027f;\">Dimmbar<\/span><span style=\"color: #2d2b3a;\"><br \/>\n<\/span><\/h4>\n<p>Dimmbar von 15% &#8211; 100% mit branchen\u00fcblichen 0-10V Dimm-Controllern.[\/vc_column_text][vc_column_text]<\/p>\n<h4><span style=\"color: #46027f;\">Leistungsst\u00e4rkeres Spektrum<\/span><span style=\"color: #2d2b3a;\"><br \/>\n<\/span><\/h4>\n<p>3,3% Ultraviolett (&lt;  400nm) und 20% violettes (400 &#8211; 450nm) Licht sorgen f\u00fcr eine bessere Durchdringung der Baumkronen; Photonenfluss-Effizienz (PBAR 280 &#8211; 800nm): 2.14 \u03bcmol\/J[\/vc_column_text][vc_column_text]<\/p>\n<h4><span style=\"color: #46027f;\">Gr\u00f6\u00dfere Ernteertr\u00e4ge<\/span><span style=\"color: #2d2b3a;\"><br \/>\n<\/span><\/h4>\n<p>Bis zu <span class=\"m-met\">2,7+ kg<\/span> pro Leuchte[\/vc_column_text][\/vc_column_inner][vc_column_inner width=&#8220;1\/2&#8243;][vc_single_image image=&#8220;23209&#8243; img_size=&#8220;full&#8220; alignment=&#8220;right&#8220;][\/vc_column_inner][\/vc_row_inner][\/vc_column][\/vc_row][vc_row css=&#8220;.vc_custom_1646148382077{padding-top: 20px !important;padding-bottom: 20px !important;}&#8220;][vc_column][vc_column_text]<\/p>\n<h3 style=\"text-align: center;\">Bessere Deckung<\/h3>\n<p>[\/vc_column_text][vc_column_text css=&#8220;.vc_custom_1646340106652{padding-top: 20px !important;padding-bottom: 20px !important;background-color: #2d2b3a !important;}&#8220;]<\/p>\n<h4 style=\"text-align: center;\"><span style=\"color: #46027f;\">Wirksamkeit des Photonenflusses 2,14 \u03bcmol\/J PBAR (280-800nm)<br \/>\nGesamtphotonenfluss 2185 \u03bcmol\/s PBAR<\/span><\/h4>\n<p>[\/vc_column_text][vc_column_text el_class=&#8220;product-spec-table-standard&#8220;]<\/p>\n<table>\n<tbody>\n<tr>\n<th>Grundfl\u00e4che<\/th>\n<th>Minimale Fl\u00e4che<\/th>\n<th>Maximale Fl\u00e4che<\/th>\n<\/tr>\n<tr>\n<td>\n<div id=\"s-ef3968b1-8450-4f90-82ea-df363cc7527e\">\n<div>\n<p>Vegetativ<\/p>\n<\/div>\n<\/div>\n<\/td>\n<td>\n<div id=\"s-097f5762-2a63-4d40-af6d-b4fa514c1658\">\n<div>\n<p><span class=\"m-met\">1,7 x 1,7 Meter (2,9<sup>m2<\/sup>)<\/span><\/p>\n<\/div>\n<\/div>\n<\/td>\n<td><span class=\"m-met\">3,05 x 3,05 Meter (9,3<sup>m2<\/sup>)<\/span><\/td>\n<\/tr>\n<tr>\n<td>Bl\u00fchend<\/td>\n<td>\n<div id=\"s-8fc5db86-c107-42ba-9657-5349fa5effc9\">\n<div>\n<p><span class=\"m-met\">1,4 x 1,4 Meter (2<sup>m2<\/sup>)<\/span><\/p>\n<\/div>\n<\/div>\n<\/td>\n<td>\n<div id=\"s-c2b42eae-98c4-45ef-a999-0f2360378c38\">\n<div>\n<p><span class=\"m-met\">2,45 x 2,45 Meter (6<sup>m2<\/sup>)<\/span><\/p>\n<\/div>\n<\/div>\n<\/td>\n<\/tr>\n<\/tbody>\n<\/table>\n<p>[\/vc_column_text][vc_row_inner css=&#8220;.vc_custom_1646148376423{padding-top: 20px !important;padding-bottom: 20px !important;}&#8220;][vc_column_inner][vc_column_text]<\/p>\n<h3 style=\"text-align: center;\">Das Spektrum der Phyto-Genese<\/h3>\n<p>[\/vc_column_text][\/vc_column_inner][\/vc_row_inner][vc_row_inner][vc_column_inner width=&#8220;1\/2&#8243;][vc_column_text]<\/p>\n<div>\n<div id=\"s-ea169d00-0af7-40d0-bac3-4014fcab729b\">\n<div>\n<h4>Lassen Sie sich nicht von den Nachahmungen mit ihren Einschr\u00e4nkungen t\u00e4uschen.<\/h4>\n<div>Viele Beleuchtungsfirmen behaupten, UV und IR in ihrem Spektrum anzubieten. Tatsache ist, dass die gro\u00dfe Mehrheit der Grow <\/div>\n<div>Lampen auf dem Markt haben eine v\u00f6llig unbedeutende UV-Leistung.<\/div>\n<div><\/div>\n<div>Gehen Sie <strong><span style=\"color: #46027f;\">BEYOND PAR<\/span><\/strong><sup>TM<\/sup> mit unserem <strong>Phyto-Genesis<\/strong> Spektrum. Unser auf Cannabis ausgerichtetes Spektrum mit 3,4% UV und 4,9% IR verleiht Ihren Pflanzen einen erh\u00f6hten Cannabinoidgehalt (+26%), einschlie\u00dflich kleinerer Cannabinoide wie CBC, CBN, THCv und Delta 8. Unser Spektrum beschert Ihnen auch h\u00f6here Ertr\u00e4ge, die mehr als doppelt so hoch sind wie der Industriestandard, mit 80 bis \u00fcber 120 Gramm pro Quadratfu\u00df.  <\/div>\n<\/div>\n<\/div>\n<\/div>\n<p>[\/vc_column_text][\/vc_column_inner][vc_column_inner width=&#8220;1\/2&#8243;][vc_single_image image=&#8220;23048&#8243; img_size=&#8220;large&#8220; alignment=&#8220;right&#8220;][\/vc_column_inner][\/vc_row_inner][vc_row_inner css=&#8220;.vc_custom_1646148369295{padding-top: 20px !important;padding-bottom: 20px !important;}&#8220;][vc_column_inner][vc_column_text]<\/p>\n<h3 style=\"text-align: center;\">PhytoMAX-3 20SC Technische Daten<\/h3>\n<p>[\/vc_column_text][vc_column_text el_class=&#8220;product-spec-table-standard&#8220;]<\/p>\n<table>\n<tbody>\n<tr>\n<th colspan=\"4\">Photonenfluss (\u03bcmol\/s)<\/th>\n<\/tr>\n<tr>\n<td>PBAR<br \/>\n280-800nm<\/td>\n<td>UV<br \/>\n280-400nm<\/td>\n<td>PAR<br \/>\n400-700nm<\/td>\n<td>IR<br \/>\n700-800nm<\/td>\n<\/tr>\n<tr>\n<td><b>2185<\/b><\/td>\n<td>73<\/td>\n<td>2005<\/td>\n<td>107<\/td>\n<\/tr>\n<\/tbody>\n<\/table>\n<p>[\/vc_column_text][\/vc_column_inner][\/vc_row_inner][vc_row_inner css=&#8220;.vc_custom_1646148345656{padding-top: 20px !important;padding-bottom: 20px !important;}&#8220;][vc_column_inner][vc_column_text]<\/p>\n<h3 style=\"text-align: center;\">Mehr Informationen<\/h3>\n<p>[\/vc_column_text][\/vc_column_inner][\/vc_row_inner][vc_column_text el_class=&#8220;product-spec-table-standard&#8220;]<\/p>\n<table>\n<tbody>\n<tr>\n<th>Dimmen<\/th>\n<td>0-10V, 15% &#8211; 100%<\/td>\n<\/tr>\n<tr>\n<th>Produkt Abmessungen<\/th>\n<td>48 x 48 x 11 cm<\/td>\n<\/tr>\n<tr>\n<th>Weight<\/th>\n<td>19kg<\/td>\n<\/tr>\n<tr>\n<th>Echte Wattleistung<\/th>\n<td>1020w<\/td>\n<\/tr>\n<tr>\n<th>Zertifizierungen<\/th>\n<td>CE, FCC, RoHS<\/td>\n<\/tr>\n<tr>\n<th>Mittlere Zeit zwischen Ausf\u00e4llen<\/th>\n<td>&gt; 70.000 Stunden<\/td>\n<\/tr>\n<tr>\n<th>Anzahl von LEDs<\/th>\n<td>560<\/td>\n<\/tr>\n<tr>\n<th>Amp Draw<\/th>\n<td><span class=\"e-na\">10.20A @ 100V<br \/>\n8.5A @ 120V<br \/>\n4.9A @ 208V<br \/>\n4.25A @ 240V<br \/>\n3.68A @ 277V<\/span><\/td>\n<\/tr>\n<tr>\n<th>Standard-Netzkabell\u00e4nge<\/th>\n<td>2,4 Meter<\/td>\n<\/tr>\n<tr>\n<th>AC Spannungsbereich<\/th>\n<td>AC 100V~277V (50 \/ 60 Hz)<\/td>\n<\/tr>\n<tr>\n<th>Leistungsfaktor<\/th>\n<td>&gt; 0.98<\/td>\n<\/tr>\n<tr>\n<th>Betriebstemperaturbereich<\/th>\n<td>-20~40 \u00b0C<\/td>\n<\/tr>\n<tr>\n<th>BTU<\/th>\n<td>3478<\/td>\n<\/tr>\n<tr>\n<th>Erwartete Lebensdauer der Ventilatoren<\/th>\n<td>&gt; 70.000 Stunden<\/td>\n<\/tr>\n<\/tbody>\n<\/table>\n<p>[\/vc_column_text][\/vc_column][\/vc_row][vc_row css=&#8220;.vc_custom_1646148361709{padding-top: 20px !important;padding-bottom: 20px !important;}&#8220;][vc_column width=&#8220;1\/2&#8243;][vc_column_text]<\/p>\n<h3 style=\"text-align: center;\">Photobiologische Photonenflussdichte (PBFD, 280-800nm)<\/h3>\n<p>[\/vc_column_text][vc_column_text el_class=&#8220;product-spec-table&#8220;]<\/p>\n<table class=\"border-centered\">\n<tbody>\n<tr>\n<th>PBFD Durchschnitt<br \/>\n(<sup>\u03bcmol\/m2\/s<\/sup>, 280-800nm)<\/th>\n<th>Erfassungsbereich<\/th>\n<\/tr>\n<tr>\n<th>100<\/th>\n<td><span class=\"m-met\">20,27<sup>m2<\/sup><br \/>\n(4,50 x 4,50 m)<\/span><\/td>\n<\/tr>\n<tr>\n<th>200<\/th>\n<td><span class=\"m-met\">10,14<sup>m2<\/sup><br \/>\n(3,18 x 3,18 m)<\/span><\/td>\n<\/tr>\n<tr>\n<th>300<\/th>\n<td><span class=\"m-met\">6,76<sup>m2<\/sup><br \/>\n(2,60 x 2,60 m)<\/span><\/td>\n<\/tr>\n<tr>\n<th>400<\/th>\n<td><span class=\"m-met\">5,07<sup>m2<\/sup><br \/>\n(2,25 x 2,25 m)<\/span><\/td>\n<\/tr>\n<tr>\n<th>500<\/th>\n<td><span class=\"m-met\">4,05<sup>m2<\/sup><br \/>\n(2,01 x 2,01 m)<\/span><\/td>\n<\/tr>\n<tr>\n<th>600<\/th>\n<td><span class=\"m-met\">3,38<sup>m2<\/sup><br \/>\n(1,84 x 1,84 m)<\/span><\/td>\n<\/tr>\n<tr>\n<th>700<\/th>\n<td><span class=\"m-met\">2,90<sup>m2<\/sup><br \/>\n(1,70 x 1,70 m)<\/span><\/td>\n<\/tr>\n<tr>\n<th>800<\/th>\n<td><span class=\"m-met\">2,53<sup>m2<\/sup><br \/>\n(1,59 x 1,59 m)<\/span><\/td>\n<\/tr>\n<tr>\n<th>900<\/th>\n<td><span class=\"m-met\">2,25<sup>m2<\/sup><br \/>\n(1,50 x 1,50 m)<\/span><\/td>\n<\/tr>\n<tr>\n<th>1000<\/th>\n<td><span class=\"m-met\">2,03<sup>m2<\/sup><br \/>\n(1,42 x 1,42 m)<\/span><\/td>\n<\/tr>\n<tr>\n<th>1100<\/th>\n<td><span class=\"m-met\">1,84<sup>m2<\/sup><br \/>\n(1,36 x 1,36 m)<\/span><\/td>\n<\/tr>\n<tr>\n<th>1200<\/th>\n<td><span class=\"m-met\">1,69<sup>m2<\/sup><br \/>\n(1,30 x 1,30 m)<\/span><\/td>\n<\/tr>\n<tr>\n<th>1300<\/th>\n<td><span class=\"m-met\">1,56<sup>m2<\/sup><br \/>\n(1,25 x 1,25 m)<\/span><\/td>\n<\/tr>\n<tr>\n<th>1400<\/th>\n<td><span class=\"m-met\">1,45<sup>m2<\/sup><br \/>\n(1,20 x 1,20 m)<\/span><\/td>\n<\/tr>\n<tr>\n<th>1500<\/th>\n<td><span class=\"m-met\">1,35<sup>m2<\/sup><br \/>\n(1,16 x 1,16 m)<\/span><\/td>\n<\/tr>\n<tr>\n<th>1600<\/th>\n<td><span class=\"m-met\">1,27<sup>m2<\/sup><br \/>\n(1,13 x 1,13 m)<\/span><\/td>\n<\/tr>\n<\/tbody>\n<\/table>\n<p>[\/vc_column_text][\/vc_column][vc_column width=&#8220;1\/2&#8243;][vc_column_text]<\/p>\n<h3 style=\"text-align: center;\">Photosynthetische Photonenflussdichte (PPFD, 400-700nm)<\/h3>\n<p>[\/vc_column_text][vc_column_text el_class=&#8220;product-spec-table&#8220;]<\/p>\n<table class=\"border-centered\">\n<tbody>\n<tr>\n<th>PPFD Durchschnitt<br \/>\n(<sup>\u03bcmol\/m2\/s<\/sup>, 400-700nm)<\/th>\n<th>Erfassungsbereich<\/th>\n<\/tr>\n<tr>\n<th>100<\/th>\n<td><span class=\"m-met\">18,65<sup>m2<\/sup><br \/>\n(4,32 x 4,32 m)<\/span><\/td>\n<\/tr>\n<tr>\n<th>200<\/th>\n<td><span class=\"m-met\">9,32<sup>m2<\/sup><br \/>\n(3,05 x 3,05 m)<\/span><\/td>\n<\/tr>\n<tr>\n<th>300<\/th>\n<td><span class=\"m-met\">6,22<sup>m2<\/sup><br \/>\n(2,49 x 2,49 m)<\/span><\/td>\n<\/tr>\n<tr>\n<th>400<\/th>\n<td><span class=\"m-met\">4,66<sup>m2<\/sup><br \/>\n(2,16 x 2,16 m)<\/span><\/td>\n<\/tr>\n<tr>\n<th>500<\/th>\n<td><span class=\"m-met\">3,73<sup>m2<\/sup><br \/>\n(1,93 x 1,93 m)<\/span><\/td>\n<\/tr>\n<tr>\n<th>600<\/th>\n<td><span class=\"m-met\">3,11<sup>m2<\/sup><br \/>\n(1,76 x 1,76 m)<\/span><\/td>\n<\/tr>\n<tr>\n<th>700<\/th>\n<td><span class=\"m-met\">2,66<sup>m2<\/sup><br \/>\n(1,63 x 1,63 m)<\/span><\/td>\n<\/tr>\n<tr>\n<th>800<\/th>\n<td><span class=\"m-met\">2,33<sup>m2<\/sup><br \/>\n(1,53 x 1,53 m)<\/span><\/td>\n<\/tr>\n<tr>\n<th>900<\/th>\n<td><span class=\"m-met\">2,07<sup>m2<\/sup><br \/>\n(1,44 x 1,44 m)<\/span><\/td>\n<\/tr>\n<tr>\n<th>1000<\/th>\n<td><span class=\"m-met\">1,86<sup>m2<\/sup><br \/>\n(1,37 x 1,37 m)<\/span><\/td>\n<\/tr>\n<tr>\n<th>1100<\/th>\n<td><span class=\"m-met\">1,70<sup>m2<\/sup><br \/>\n(1,30 x 1,30 m)<\/span><\/td>\n<\/tr>\n<tr>\n<th>1200<\/th>\n<td><span class=\"m-met\">1,55<sup>m2<\/sup><br \/>\n(1,25 x 1,25 m)<\/span><\/td>\n<\/tr>\n<tr>\n<th>1300<\/th>\n<td><span class=\"m-met\">1,43<sup>m2<\/sup><br \/>\n(1,20 x 1,20 m)<\/span><\/td>\n<\/tr>\n<tr>\n<th>1400<\/th>\n<td><span class=\"m-met\">1,33<sup>m2<\/sup><br \/>\n(1,15 x 1,15 m)<\/span><\/td>\n<\/tr>\n<tr>\n<th>1500<\/th>\n<td><span class=\"m-met\">1,24<sup>m2<\/sup><br \/>\n(1,11 x 1,11 m)<\/span><\/td>\n<\/tr>\n<\/tbody>\n<\/table>\n<p>[\/vc_column_text][\/vc_column][\/vc_row]<\/p>\n<\/div>","protected":false},"excerpt":{"rendered":"[ditty id=\"23400\"]\n<p>Mit 1020 tats\u00e4chlichen Watt und 2185 \u03bcmol\/s photobiologischem Gesamtphotonenfluss (PBF) sind die patentierten PhytoMAX-3 20SC LED-Zuchtlampen ideal f\u00fcr jede kommerzielle Anbaufl\u00e4che und liefern bis zu 2,7+ kg getrocknete, getrocknete und geschnittene Bl\u00fcten pro Lampe. Mit PhytoMAX-3 haben wir die leistungsst\u00e4rksten und zuverl\u00e4ssigsten LED-Pflanzenzuchtlampen mit vollem Spektrum (350-750nm, UV bis NIR PBAR) entwickelt! Die PhytoMAX-3 20SC verwendet nur die hochwertigsten Top-Bin-LEDs der neuesten Technologie, um das Black Dog LED-eigene Vollspektrum Phyto-Genesis Spectrum\u00ae gleichm\u00e4\u00dfig \u00fcber die gesamte Grundfl\u00e4che abzugeben, mit noch nie dagewesenen PAR-Werten, Durchdringung der Baumkronen und Ertr\u00e4gen!  <\/p>\n<h4><span style=\"color: #99cc00;\">Maximale Bl\u00fchfl\u00e4che &#8211;<strong><span class=\"m-met\">2,45 x 2,45 Meter<\/span><br \/>\n<\/strong><\/span><\/h4>\n","protected":false},"featured_media":23209,"comment_status":"open","ping_status":"closed","template":"","meta":[],"product_brand":[],"product_cat":[144],"product_tag":[],"class_list":{"0":"post-23077","1":"product","2":"type-product","3":"status-publish","4":"has-post-thumbnail","6":"product_cat-phytomax-3-sc-pflanzenlampen-de","7":"product_shipping_class-kostenloser-versand","9":"first","10":"outofstock","11":"sale","12":"featured","13":"taxable","14":"shipping-taxable","15":"purchasable","16":"product-type-simple","17":"add-to-wishlist-after_add_to_cart"},"yoast_head":"<!-- This site is optimized with the Yoast SEO plugin v24.6 - https:\/\/yoast.com\/wordpress\/plugins\/seo\/ -->\n<title>PhytoMAX-3 20SC Grow Lights - Black Dog LED Europe<\/title>\n<meta name=\"robots\" content=\"index, follow, max-snippet:-1, max-image-preview:large, max-video-preview:-1\" \/>\n<link rel=\"canonical\" href=\"https:\/\/blackdogled.eu\/de\/produkt\/phytomax-3-20sc-grow-lights\/\" \/>\n<meta property=\"og:locale\" content=\"de_DE\" \/>\n<meta property=\"og:type\" content=\"article\" \/>\n<meta property=\"og:title\" content=\"PhytoMAX-3 20SC Grow Lights - Black Dog LED Europe\" \/>\n<meta property=\"og:description\" content=\"Mit 1020 tats\u00e4chlichen Watt und 2185 \u03bcmol\/s photobiologischem Gesamtphotonenfluss (PBF) sind die patentierten PhytoMAX-3 20SC LED-Zuchtlampen ideal f\u00fcr jede kommerzielle Anbaufl\u00e4che und liefern bis zu 2,7+ kg getrocknete, getrocknete und geschnittene Bl\u00fcten pro Lampe. Mit PhytoMAX-3 haben wir die leistungsst\u00e4rksten und zuverl\u00e4ssigsten LED-Pflanzenzuchtlampen mit vollem Spektrum (350-750nm, UV bis NIR PBAR) entwickelt! Die PhytoMAX-3 20SC verwendet nur die hochwertigsten Top-Bin-LEDs der neuesten Technologie, um das Black Dog LED-eigene Vollspektrum Phyto-Genesis Spectrum\u00ae gleichm\u00e4\u00dfig \u00fcber die gesamte Grundfl\u00e4che abzugeben, mit noch nie dagewesenen PAR-Werten, Durchdringung der Baumkronen und Ertr\u00e4gen!  Maximale Bl\u00fchfl\u00e4che -2,45 x 2,45 Meter\" \/>\n<meta property=\"og:url\" content=\"https:\/\/blackdogled.eu\/de\/produkt\/phytomax-3-20sc-grow-lights\/\" \/>\n<meta property=\"og:site_name\" content=\"Black Dog LED Europe\" \/>\n<meta property=\"article:publisher\" content=\"https:\/\/www.facebook.com\/BlackDogLEDEurope\/\" \/>\n<meta property=\"article:modified_time\" content=\"2024-10-22T15:00:46+00:00\" \/>\n<meta property=\"og:image\" content=\"https:\/\/blackdogled.eu\/wp-content\/uploads\/2022\/03\/PM320S_Front_Right.png\" \/>\n\t<meta property=\"og:image:width\" content=\"800\" \/>\n\t<meta property=\"og:image:height\" content=\"800\" \/>\n\t<meta property=\"og:image:type\" content=\"image\/png\" \/>\n<meta name=\"twitter:card\" content=\"summary_large_image\" \/>\n<meta name=\"twitter:label1\" content=\"Gesch\u00e4tzte Lesezeit\" \/>\n\t<meta name=\"twitter:data1\" content=\"5\u00a0Minuten\" \/>\n<script type=\"application\/ld+json\" class=\"yoast-schema-graph\">{\"@context\":\"https:\/\/schema.org\",\"@graph\":[{\"@type\":\"WebPage\",\"@id\":\"https:\/\/blackdogled.eu\/de\/produkt\/phytomax-3-20sc-grow-lights\/\",\"url\":\"https:\/\/blackdogled.eu\/de\/produkt\/phytomax-3-20sc-grow-lights\/\",\"name\":\"PhytoMAX-3 20SC Grow Lights - Black Dog LED Europe\",\"isPartOf\":{\"@id\":\"https:\/\/blackdogled.eu\/de\/#website\"},\"primaryImageOfPage\":{\"@id\":\"https:\/\/blackdogled.eu\/de\/produkt\/phytomax-3-20sc-grow-lights\/#primaryimage\"},\"image\":{\"@id\":\"https:\/\/blackdogled.eu\/de\/produkt\/phytomax-3-20sc-grow-lights\/#primaryimage\"},\"thumbnailUrl\":\"https:\/\/blackdogled.eu\/wp-content\/uploads\/2022\/03\/PM320S_Front_Right.png\",\"datePublished\":\"2022-03-03T20:33:34+00:00\",\"dateModified\":\"2024-10-22T15:00:46+00:00\",\"breadcrumb\":{\"@id\":\"https:\/\/blackdogled.eu\/de\/produkt\/phytomax-3-20sc-grow-lights\/#breadcrumb\"},\"inLanguage\":\"de\",\"potentialAction\":[{\"@type\":\"ReadAction\",\"target\":[\"https:\/\/blackdogled.eu\/de\/produkt\/phytomax-3-20sc-grow-lights\/\"]}]},{\"@type\":\"ImageObject\",\"inLanguage\":\"de\",\"@id\":\"https:\/\/blackdogled.eu\/de\/produkt\/phytomax-3-20sc-grow-lights\/#primaryimage\",\"url\":\"https:\/\/blackdogled.eu\/wp-content\/uploads\/2022\/03\/PM320S_Front_Right.png\",\"contentUrl\":\"https:\/\/blackdogled.eu\/wp-content\/uploads\/2022\/03\/PM320S_Front_Right.png\",\"width\":800,\"height\":800},{\"@type\":\"BreadcrumbList\",\"@id\":\"https:\/\/blackdogled.eu\/de\/produkt\/phytomax-3-20sc-grow-lights\/#breadcrumb\",\"itemListElement\":[{\"@type\":\"ListItem\",\"position\":1,\"name\":\"Startseite\",\"item\":\"https:\/\/blackdogled.eu\/de\/\"},{\"@type\":\"ListItem\",\"position\":2,\"name\":\"Shop\",\"item\":\"https:\/\/blackdogled.eu\/shop\/\"},{\"@type\":\"ListItem\",\"position\":3,\"name\":\"PhytoMAX-3 20SC Grow Lights\"}]},{\"@type\":\"WebSite\",\"@id\":\"https:\/\/blackdogled.eu\/de\/#website\",\"url\":\"https:\/\/blackdogled.eu\/de\/\",\"name\":\"Black Dog LED Europe\",\"description\":\"LED Grow Lights, Growing Kits &amp; Indoor Commercial Grow Light\",\"publisher\":{\"@id\":\"https:\/\/blackdogled.eu\/de\/#organization\"},\"potentialAction\":[{\"@type\":\"SearchAction\",\"target\":{\"@type\":\"EntryPoint\",\"urlTemplate\":\"https:\/\/blackdogled.eu\/de\/?s={search_term_string}\"},\"query-input\":{\"@type\":\"PropertyValueSpecification\",\"valueRequired\":true,\"valueName\":\"search_term_string\"}}],\"inLanguage\":\"de\"},{\"@type\":\"Organization\",\"@id\":\"https:\/\/blackdogled.eu\/de\/#organization\",\"name\":\"Black Dog LED Europe\",\"url\":\"https:\/\/blackdogled.eu\/de\/\",\"logo\":{\"@type\":\"ImageObject\",\"inLanguage\":\"de\",\"@id\":\"https:\/\/blackdogled.eu\/de\/#\/schema\/logo\/image\/\",\"url\":\"https:\/\/blackdogled.eu\/wp-content\/uploads\/2024\/03\/IG_Profilbild-2.jpg\",\"contentUrl\":\"https:\/\/blackdogled.eu\/wp-content\/uploads\/2024\/03\/IG_Profilbild-2.jpg\",\"width\":1333,\"height\":1333,\"caption\":\"Black Dog LED Europe\"},\"image\":{\"@id\":\"https:\/\/blackdogled.eu\/de\/#\/schema\/logo\/image\/\"},\"sameAs\":[\"https:\/\/www.facebook.com\/BlackDogLEDEurope\/\",\"https:\/\/www.instagram.com\/blackdogled_europe\/\"]}]}<\/script>\n<!-- \/ Yoast SEO plugin. -->","yoast_head_json":{"title":"PhytoMAX-3 20SC Grow Lights - Black Dog LED Europe","robots":{"index":"index","follow":"follow","max-snippet":"max-snippet:-1","max-image-preview":"max-image-preview:large","max-video-preview":"max-video-preview:-1"},"canonical":"https:\/\/blackdogled.eu\/de\/produkt\/phytomax-3-20sc-grow-lights\/","og_locale":"de_DE","og_type":"article","og_title":"PhytoMAX-3 20SC Grow Lights - Black Dog LED Europe","og_description":"Mit 1020 tats\u00e4chlichen Watt und 2185 \u03bcmol\/s photobiologischem Gesamtphotonenfluss (PBF) sind die patentierten PhytoMAX-3 20SC LED-Zuchtlampen ideal f\u00fcr jede kommerzielle Anbaufl\u00e4che und liefern bis zu 2,7+ kg getrocknete, getrocknete und geschnittene Bl\u00fcten pro Lampe. Mit PhytoMAX-3 haben wir die leistungsst\u00e4rksten und zuverl\u00e4ssigsten LED-Pflanzenzuchtlampen mit vollem Spektrum (350-750nm, UV bis NIR PBAR) entwickelt! Die PhytoMAX-3 20SC verwendet nur die hochwertigsten Top-Bin-LEDs der neuesten Technologie, um das Black Dog LED-eigene Vollspektrum Phyto-Genesis Spectrum\u00ae gleichm\u00e4\u00dfig \u00fcber die gesamte Grundfl\u00e4che abzugeben, mit noch nie dagewesenen PAR-Werten, Durchdringung der Baumkronen und Ertr\u00e4gen!  Maximale Bl\u00fchfl\u00e4che -2,45 x 2,45 Meter","og_url":"https:\/\/blackdogled.eu\/de\/produkt\/phytomax-3-20sc-grow-lights\/","og_site_name":"Black Dog LED Europe","article_publisher":"https:\/\/www.facebook.com\/BlackDogLEDEurope\/","article_modified_time":"2024-10-22T15:00:46+00:00","og_image":[{"width":800,"height":800,"url":"https:\/\/blackdogled.eu\/wp-content\/uploads\/2022\/03\/PM320S_Front_Right.png","type":"image\/png"}],"twitter_card":"summary_large_image","twitter_misc":{"Gesch\u00e4tzte Lesezeit":"5\u00a0Minuten"},"schema":{"@context":"https:\/\/schema.org","@graph":[{"@type":"WebPage","@id":"https:\/\/blackdogled.eu\/de\/produkt\/phytomax-3-20sc-grow-lights\/","url":"https:\/\/blackdogled.eu\/de\/produkt\/phytomax-3-20sc-grow-lights\/","name":"PhytoMAX-3 20SC Grow Lights - Black Dog LED Europe","isPartOf":{"@id":"https:\/\/blackdogled.eu\/de\/#website"},"primaryImageOfPage":{"@id":"https:\/\/blackdogled.eu\/de\/produkt\/phytomax-3-20sc-grow-lights\/#primaryimage"},"image":{"@id":"https:\/\/blackdogled.eu\/de\/produkt\/phytomax-3-20sc-grow-lights\/#primaryimage"},"thumbnailUrl":"https:\/\/blackdogled.eu\/wp-content\/uploads\/2022\/03\/PM320S_Front_Right.png","datePublished":"2022-03-03T20:33:34+00:00","dateModified":"2024-10-22T15:00:46+00:00","breadcrumb":{"@id":"https:\/\/blackdogled.eu\/de\/produkt\/phytomax-3-20sc-grow-lights\/#breadcrumb"},"inLanguage":"de","potentialAction":[{"@type":"ReadAction","target":["https:\/\/blackdogled.eu\/de\/produkt\/phytomax-3-20sc-grow-lights\/"]}]},{"@type":"ImageObject","inLanguage":"de","@id":"https:\/\/blackdogled.eu\/de\/produkt\/phytomax-3-20sc-grow-lights\/#primaryimage","url":"https:\/\/blackdogled.eu\/wp-content\/uploads\/2022\/03\/PM320S_Front_Right.png","contentUrl":"https:\/\/blackdogled.eu\/wp-content\/uploads\/2022\/03\/PM320S_Front_Right.png","width":800,"height":800},{"@type":"BreadcrumbList","@id":"https:\/\/blackdogled.eu\/de\/produkt\/phytomax-3-20sc-grow-lights\/#breadcrumb","itemListElement":[{"@type":"ListItem","position":1,"name":"Startseite","item":"https:\/\/blackdogled.eu\/de\/"},{"@type":"ListItem","position":2,"name":"Shop","item":"https:\/\/blackdogled.eu\/shop\/"},{"@type":"ListItem","position":3,"name":"PhytoMAX-3 20SC Grow Lights"}]},{"@type":"WebSite","@id":"https:\/\/blackdogled.eu\/de\/#website","url":"https:\/\/blackdogled.eu\/de\/","name":"Black Dog LED Europe","description":"LED Grow Lights, Growing Kits &amp; Indoor Commercial Grow Light","publisher":{"@id":"https:\/\/blackdogled.eu\/de\/#organization"},"potentialAction":[{"@type":"SearchAction","target":{"@type":"EntryPoint","urlTemplate":"https:\/\/blackdogled.eu\/de\/?s={search_term_string}"},"query-input":{"@type":"PropertyValueSpecification","valueRequired":true,"valueName":"search_term_string"}}],"inLanguage":"de"},{"@type":"Organization","@id":"https:\/\/blackdogled.eu\/de\/#organization","name":"Black Dog LED Europe","url":"https:\/\/blackdogled.eu\/de\/","logo":{"@type":"ImageObject","inLanguage":"de","@id":"https:\/\/blackdogled.eu\/de\/#\/schema\/logo\/image\/","url":"https:\/\/blackdogled.eu\/wp-content\/uploads\/2024\/03\/IG_Profilbild-2.jpg","contentUrl":"https:\/\/blackdogled.eu\/wp-content\/uploads\/2024\/03\/IG_Profilbild-2.jpg","width":1333,"height":1333,"caption":"Black Dog LED Europe"},"image":{"@id":"https:\/\/blackdogled.eu\/de\/#\/schema\/logo\/image\/"},"sameAs":["https:\/\/www.facebook.com\/BlackDogLEDEurope\/","https:\/\/www.instagram.com\/blackdogled_europe\/"]}]}},"_links":{"self":[{"href":"https:\/\/blackdogled.eu\/de\/wp-json\/wp\/v2\/product\/23077","targetHints":{"allow":["GET"]}}],"collection":[{"href":"https:\/\/blackdogled.eu\/de\/wp-json\/wp\/v2\/product"}],"about":[{"href":"https:\/\/blackdogled.eu\/de\/wp-json\/wp\/v2\/types\/product"}],"replies":[{"embeddable":true,"href":"https:\/\/blackdogled.eu\/de\/wp-json\/wp\/v2\/comments?post=23077"}],"wp:featuredmedia":[{"embeddable":true,"href":"https:\/\/blackdogled.eu\/de\/wp-json\/wp\/v2\/media\/23209"}],"wp:attachment":[{"href":"https:\/\/blackdogled.eu\/de\/wp-json\/wp\/v2\/media?parent=23077"}],"wp:term":[{"taxonomy":"product_brand","embeddable":true,"href":"https:\/\/blackdogled.eu\/de\/wp-json\/wp\/v2\/product_brand?post=23077"},{"taxonomy":"product_cat","embeddable":true,"href":"https:\/\/blackdogled.eu\/de\/wp-json\/wp\/v2\/product_cat?post=23077"},{"taxonomy":"product_tag","embeddable":true,"href":"https:\/\/blackdogled.eu\/de\/wp-json\/wp\/v2\/product_tag?post=23077"}],"curies":[{"name":"wp","href":"https:\/\/api.w.org\/{rel}","templated":true}]}}